{"id":1025,"date":"2018-08-29T14:14:03","date_gmt":"2018-08-29T17:14:03","guid":{"rendered":"https:\/\/spangenberg-caba.infd.edu.ar\/sitio\/el-instituto\/"},"modified":"2024-04-12T11:04:47","modified_gmt":"2024-04-12T14:04:47","slug":"el-instituto","status":"publish","type":"page","link":"https:\/\/spangenberg-caba.infd.edu.ar\/sitio\/el-instituto\/","title":{"rendered":"Nuestra Escuela"},"content":{"rendered":"<p style=\"text-align: justify;\"><span style=\"font-size: 12pt; font-family: trebuchet ms,geneva;\">La Escuela Normal Superior en Lenguas Vivas \u00abSof\u00eda E. Broquen de Spangenberg\u00bb es una instituci\u00f3n p\u00fablica, laica, de gesti\u00f3n estatal y gratuita dedicada a la formaci\u00f3n docente desde 1957. Desde 1988, su nivel superior forma tambi\u00e9n traductores de ingl\u00e9s.<\/span><\/p>\n<p><span style=\"font-size: 12pt; font-family: trebuchet ms,geneva;\">En la actualidad, cuenta con cinco niveles de ense\u00f1anza:<\/span><\/p>\n<p><span style=\"font-size: 12pt; font-family: trebuchet ms,geneva;\">&#8211; <strong>Nivel Inicial<\/strong>: salas de 2, 3, 4 y 5 a\u00f1os en turno ma\u00f1ana (8:45 a 12:00) y turno tarde (13:00 a 16:15)<\/span><\/p>\n<p><span style=\"font-size: 12pt; font-family: trebuchet ms,geneva;\">&#8211; <strong>Nivel Primario: <\/strong>se dicta en el turno tarde y cuenta con actividades extraclase a contraturno.<\/span><\/p>\n<p><span style=\"font-family: trebuchet ms,geneva;\"><strong><span style=\"font-size: 12pt;\">&#8211; Nivel Secundario: <\/span><\/strong><span style=\"font-size: 12pt;\">s<\/span><span style=\"font-size: 12pt;\">e dicta en el turno ma\u00f1ana y cuenta con actividades extraclase a contraturno<\/span><strong><span style=\"font-size: 12pt;\">.<\/span><\/strong><\/span><\/p>\n<p><span style=\"font-family: trebuchet ms,geneva;\"><strong><span style=\"font-size: 12pt;\">&#8211; N<\/span><span style=\"font-size: 12pt;\">ivel<\/span><span style=\"font-size: 12pt;\"> Terciario:<\/span> <\/strong>Profesorado de ingl\u00e9s (cuatro a\u00f1os), Profesorado Superior de ingl\u00e9s (cinco a\u00f1os), Profesorado de Portugu\u00e9s (cuatro a\u00f1os), Profesorado Superior de Portugu\u00e9s (cinco a\u00f1os) y Traductorado T\u00e9cnico Cient\u00edfico Literario en Ingl\u00e9s (cuatro a\u00f1os m\u00e1s una Residencia),<\/span><\/p>\n<p><span style=\"font-size: 12pt; font-family: trebuchet ms,geneva;\">&#8211; <strong>Post\u00edtulos: <\/strong>actualmente, dictamos dos: Actualizaci\u00f3n en Adaptaci\u00f3n de Materiales para Personas con Discapacidad y Actualizaci\u00f3n Acad\u00e9mica en la Ense\u00f1anza de la Lengua Adicional Ingl\u00e9s<\/span><\/p>\n<p style=\"text-align: justify;\"><span style=\"font-family: trebuchet ms,geneva; font-size: 12pt;\">El plan Lenguas Vivas otorga a la escuela la posibilidad de preparar a los alumnos en Ingl\u00e9s, Franc\u00e9s o Portugu\u00e9s en forma intensiva (5 horas semanales en grupos reducidos) de primero a s\u00e9ptimo grado; desde primero a quinto a\u00f1o se brindan 7 horas semanales de primer idioma y desde tercer a\u00f1o, 3 horas semanales de un segundo idioma. La formaci\u00f3n integral b\u00e1sica se desarrolla a lo largo de 12 a\u00f1os. <\/span><\/p>\n<p><span style=\"font-family: trebuchet ms,geneva; font-size: 12pt;\">En tercer a\u00f1o de nivel secundario se agrega un segundo idioma extranjero a elecci\u00f3n: Ingl\u00e9s, Franc\u00e9s, Italiano, Portugu\u00e9s o Alem\u00e1n.<br \/>\n<\/span><\/p>\n<p style=\"text-align: justify;\"><span style=\"font-family: trebuchet ms,geneva; font-size: 12pt;\">Los egresados de nivel secundario tienen posibilitado el ingreso directo en nivel terciario, bajo el cumplimiento de requisitos espec\u00edficos por cada carrera.<\/span><\/p>\n","protected":false},"excerpt":{"rendered":"<p>La Escuela Normal Superior en Lenguas Vivas \u00abSof\u00eda E. Broquen de Spangenberg\u00bb es una instituci\u00f3n p\u00fablica, laica, de gesti\u00f3n estatal y gratuita dedicada a la formaci\u00f3n docente desde 1957. Desde 1988, su nivel superior forma tambi\u00e9n traductores de ingl\u00e9s. En la actualidad, cuenta con cinco niveles de ense\u00f1anza: &#8211; Nivel Inicial: salas de 2, 3, &#8230; <a title=\"Nuestra Escuela\" class=\"read-more\" href=\"https:\/\/spangenberg-caba.infd.edu.ar\/sitio\/el-instituto\/\" aria-label=\"More on Nuestra Escuela\">[+]<\/a><\/p>\n","protected":false},"author":91,"featured_media":2925,"parent":0,"menu_order":0,"comment_status":"closed","ping_status":"closed","template":"","meta":[],"acf":[],"_links":{"self":[{"href":"https:\/\/spangenberg-caba.infd.edu.ar\/sitio\/wp-json\/wp\/v2\/pages\/1025"}],"collection":[{"href":"https:\/\/spangenberg-caba.infd.edu.ar\/sitio\/wp-json\/wp\/v2\/pages"}],"about":[{"href":"https:\/\/spangenberg-caba.infd.edu.ar\/sitio\/wp-json\/wp\/v2\/types\/page"}],"author":[{"embeddable":true,"href":"https:\/\/spangenberg-caba.infd.edu.ar\/sitio\/wp-json\/wp\/v2\/users\/91"}],"replies":[{"embeddable":true,"href":"https:\/\/spangenberg-caba.infd.edu.ar\/sitio\/wp-json\/wp\/v2\/comments?post=1025"}],"version-history":[{"count":5,"href":"https:\/\/spangenberg-caba.infd.edu.ar\/sitio\/wp-json\/wp\/v2\/pages\/1025\/revisions"}],"predecessor-version":[{"id":3279,"href":"https:\/\/spangenberg-caba.infd.edu.ar\/sitio\/wp-json\/wp\/v2\/pages\/1025\/revisions\/3279"}],"wp:featuredmedia":[{"embeddable":true,"href":"https:\/\/spangenberg-caba.infd.edu.ar\/sitio\/wp-json\/wp\/v2\/media\/2925"}],"wp:attachment":[{"href":"https:\/\/spangenberg-caba.infd.edu.ar\/sitio\/wp-json\/wp\/v2\/media?parent=1025"}],"curies":[{"name":"wp","href":"https:\/\/api.w.org\/{rel}","templated":true}]}}