{"id":1027,"date":"2018-08-29T14:14:03","date_gmt":"2018-08-29T17:14:03","guid":{"rendered":"https:\/\/spangenberg-caba.infd.edu.ar\/sitio\/nivel-terciario\/"},"modified":"2024-03-19T21:46:34","modified_gmt":"2024-03-20T00:46:34","slug":"nivel-terciario","status":"publish","type":"page","link":"https:\/\/spangenberg-caba.infd.edu.ar\/sitio\/nivel-terciario\/","title":{"rendered":"Nivel Terciario"},"content":{"rendered":"<p><img decoding=\"async\" loading=\"lazy\" class=\"size-medium wp-image-1319\" src=\"https:\/\/spangenberg-caba.infd.edu.ar\/sitio\/wp-content\/uploads\/2019\/03\/Terciario02-1000x565.jpg\" alt=\"\" width=\"1000\" height=\"565\" srcset=\"https:\/\/spangenberg-caba.infd.edu.ar\/sitio\/wp-content\/uploads\/2019\/03\/Terciario02-1000x565.jpg 1000w, https:\/\/spangenberg-caba.infd.edu.ar\/sitio\/wp-content\/uploads\/2019\/03\/Terciario02-768x434.jpg 768w, https:\/\/spangenberg-caba.infd.edu.ar\/sitio\/wp-content\/uploads\/2019\/03\/Terciario02-1900x1073.jpg 1900w\" sizes=\"(max-width: 1000px) 100vw, 1000px\" \/><\/p>\n<p style=\"text-align: justify;\"><span style=\"font-family: trebuchet ms,geneva; font-size: 12pt;\">El nivel terciario de nuestra instituci\u00f3n ha tenido diferentes ofertas de formaci\u00f3n desde su apertura, en 1974.<\/span><\/p>\n<p style=\"text-align: justify;\"><span style=\"font-family: trebuchet ms,geneva; font-size: 12pt;\">Actualmente, pueden cursarse las siguientes carreras:<\/span><\/p>\n<p style=\"text-align: justify;\"><span style=\"font-family: trebuchet ms,geneva; font-size: 12pt;\">&#8211; <strong><span style=\"font-family: trebuchet ms,geneva; font-size: 12pt;\">Traductorado en Ingl\u00e9s con especializaci\u00f3n en Traducci\u00f3n T\u00e9cnico-Cient\u00edfica, Literaria e Inversa<\/span><\/strong>, tecnicatura superior socio-human\u00edstica de cuatro a\u00f1os de duraci\u00f3n.<\/span><\/p>\n<p style=\"text-align: justify;\"><span style=\"font-family: trebuchet ms,geneva; font-size: 12pt;\">&#8211; <strong>Profesorado de Ingl\u00e9s<\/strong>, de cuatro a\u00f1os de duraci\u00f3n, cuya titulaci\u00f3n permite ejercer como docente en los niveles inicial, primario y secundario, y en las modalidades Art\u00edstica y Especial.<\/span><\/p>\n<p style=\"text-align: justify;\"><span style=\"font-family: trebuchet ms,geneva; font-size: 12pt;\">&#8211; <strong>Profesorado de Portugu\u00e9s<\/strong>, de cuatro a\u00f1os de duraci\u00f3n, cuya titulaci\u00f3n permite ejercer como docente en los niveles inicial, primario y secundario<span style=\"font-family: trebuchet ms,geneva; font-size: 12pt;\">, y en las modalidades Art\u00edstica y Especial<\/span>.<\/span><\/p>\n<p style=\"text-align: justify;\"><span style=\"font-family: trebuchet ms,geneva; font-size: 12pt;\">&#8211; <strong>Profesorado de Educaci\u00f3n Superior en Ingl\u00e9s<\/strong>, de cinco a\u00f1os de duraci\u00f3n, cuya titulaci\u00f3n permite ejercer como docente en los niveles inicial, primario, secundario y terciario (universitario y no universitario).<\/span><\/p>\n<p style=\"text-align: justify;\"><span style=\"font-family: trebuchet ms,geneva; font-size: 12pt;\">&#8211; <strong>Profesorado de Educaci\u00f3n Superior en Portugu\u00e9s<\/strong>, de cinco a\u00f1os de duraci\u00f3n, cuya titulaci\u00f3n permite ejercer como docente en los niveles inicial, primario, secundario y terciario (universitario y no universitario).<\/span><\/p>\n<p style=\"text-align: justify;\"><span style=\"font-family: trebuchet ms,geneva; font-size: 12pt;\">Para mayor informaci\u00f3n, <a href=\"https:\/\/sites.google.com\/view\/terciariolenguitas\/inicio\">visit\u00e1 la web del terciario<\/a>. <\/span><\/p>\n","protected":false},"excerpt":{"rendered":"<p>El nivel terciario de nuestra instituci\u00f3n ha tenido diferentes ofertas de formaci\u00f3n desde su apertura, en 1974. Actualmente, pueden cursarse las siguientes carreras: &#8211; Traductorado en Ingl\u00e9s con especializaci\u00f3n en Traducci\u00f3n T\u00e9cnico-Cient\u00edfica, Literaria e Inversa, tecnicatura superior socio-human\u00edstica de cuatro a\u00f1os de duraci\u00f3n. &#8211; Profesorado de Ingl\u00e9s, de cuatro a\u00f1os de duraci\u00f3n, cuya titulaci\u00f3n permite &#8230; <a title=\"Nivel Terciario\" class=\"read-more\" href=\"https:\/\/spangenberg-caba.infd.edu.ar\/sitio\/nivel-terciario\/\" aria-label=\"More on Nivel Terciario\">[+]<\/a><\/p>\n","protected":false},"author":91,"featured_media":0,"parent":0,"menu_order":0,"comment_status":"closed","ping_status":"closed","template":"","meta":[],"acf":[],"_links":{"self":[{"href":"https:\/\/spangenberg-caba.infd.edu.ar\/sitio\/wp-json\/wp\/v2\/pages\/1027"}],"collection":[{"href":"https:\/\/spangenberg-caba.infd.edu.ar\/sitio\/wp-json\/wp\/v2\/pages"}],"about":[{"href":"https:\/\/spangenberg-caba.infd.edu.ar\/sitio\/wp-json\/wp\/v2\/types\/page"}],"author":[{"embeddable":true,"href":"https:\/\/spangenberg-caba.infd.edu.ar\/sitio\/wp-json\/wp\/v2\/users\/91"}],"replies":[{"embeddable":true,"href":"https:\/\/spangenberg-caba.infd.edu.ar\/sitio\/wp-json\/wp\/v2\/comments?post=1027"}],"version-history":[{"count":3,"href":"https:\/\/spangenberg-caba.infd.edu.ar\/sitio\/wp-json\/wp\/v2\/pages\/1027\/revisions"}],"predecessor-version":[{"id":3056,"href":"https:\/\/spangenberg-caba.infd.edu.ar\/sitio\/wp-json\/wp\/v2\/pages\/1027\/revisions\/3056"}],"wp:attachment":[{"href":"https:\/\/spangenberg-caba.infd.edu.ar\/sitio\/wp-json\/wp\/v2\/media?parent=1027"}],"curies":[{"name":"wp","href":"https:\/\/api.w.org\/{rel}","templated":true}]}}