{"id":1039,"date":"2018-08-29T14:14:10","date_gmt":"2018-08-29T17:14:10","guid":{"rendered":"https:\/\/spangenberg-caba.infd.edu.ar\/sitio\/nivel-inicial\/"},"modified":"2025-03-27T15:09:37","modified_gmt":"2025-03-27T18:09:37","slug":"nivel-inicial","status":"publish","type":"page","link":"https:\/\/spangenberg-caba.infd.edu.ar\/sitio\/nivel-inicial\/","title":{"rendered":"Nivel Inicial"},"content":{"rendered":"<p>El martes 16 de abril, nuestro Nivel Inicial cumple 30 a\u00f1os. Festejaremos con todas las familias esta fecha tan importante. Habr\u00e1 tortas, canciones, velitas y todo lo que la ocasi\u00f3n se merece. Al Leng\u00fcitas lo construimos entre todos\/as. Gracias por formar parte de esta historia compartida.<\/p>\n<table style=\"background-color: #fdf1c3;\" border=\"0\">\n<tbody>\n<tr align=\"center\" valign=\"middle\">\n<td style=\"width: 500px;\"><img decoding=\"async\" loading=\"lazy\" class=\"size-medium wp-image-3059 aligncenter\" src=\"https:\/\/spangenberg-caba.infd.edu.ar\/sitio\/wp-content\/uploads\/2024\/03\/WhatsApp-Image-2024-03-07-at-10.15.03-1000x401.jpeg\" alt=\"\" width=\"1000\" height=\"401\" srcset=\"https:\/\/spangenberg-caba.infd.edu.ar\/sitio\/wp-content\/uploads\/2024\/03\/WhatsApp-Image-2024-03-07-at-10.15.03-1000x401.jpeg 1000w, https:\/\/spangenberg-caba.infd.edu.ar\/sitio\/wp-content\/uploads\/2024\/03\/WhatsApp-Image-2024-03-07-at-10.15.03-768x308.jpeg 768w, https:\/\/spangenberg-caba.infd.edu.ar\/sitio\/wp-content\/uploads\/2024\/03\/WhatsApp-Image-2024-03-07-at-10.15.03-1536x616.jpeg 1536w, https:\/\/spangenberg-caba.infd.edu.ar\/sitio\/wp-content\/uploads\/2024\/03\/WhatsApp-Image-2024-03-07-at-10.15.03.jpeg 1599w\" sizes=\"(max-width: 1000px) 100vw, 1000px\" \/><\/td>\n<\/tr>\n<tr>\n<td style=\"width: 500px;\">(Mural realizado por docentes del nivel con la colaboraci\u00f3n de las familias de Sala Celeste 2024, turno ma\u00f1ana)<\/p>\n<p style=\"text-align: left;\"><span style=\"font-family: trebuchet ms,geneva; font-size: 12pt;\"><strong><span style=\"color: #000080;\">Historia<\/span><\/strong><\/span><\/p>\n<p style=\"text-align: justify;\"><span style=\"color: #000080; font-family: trebuchet ms,geneva; font-size: 12pt; text-align: justify;\">El Nivel Inicial de nuestra escuela fue creado el 15 de abril de 1994, abriendo en su totalidad seis salas que funcionaban en diferentes turnos, tres para la ma\u00f1ana abarcando los tres niveles de edad e igual cantidad de secciones en el turno tarde.<\/span><\/p>\n<p style=\"text-align: justify;\"><span style=\"color: #000080; font-family: trebuchet ms,geneva; font-size: 12pt;\">En el mes de septiembre de 1995 fue aceptada la creaci\u00f3n de otra sala para la secci\u00f3n de 5 a\u00f1os que pudo satisfacer la necesidad de dar ingreso a todos los hermanos e hijos de personal de la Escuela y a un sector de la Comunidad. Con esta creaci\u00f3n qued\u00f3 conformada la siguiente estructura: una sala 3 a\u00f1os, una sala de 4 a\u00f1os, y dos salas de 5 a\u00f1os en cada turno.<\/span><\/p>\n<p><span style=\"font-size: 12pt; font-family: trebuchet ms,geneva;\"><strong style=\"color: #000080; font-family: arial, helvetica, sans-serif; font-size: 10pt;\">Organigrama<\/strong><\/span><\/p>\n<p><span style=\"color: #000080; font-family: trebuchet ms,geneva; font-size: 12pt;\">El organigrama correspondiente al nivel abarca los siguientes cargos:<\/span><\/p>\n<ul>\n<li><span style=\"color: #000080; font-family: trebuchet ms,geneva; font-size: 12pt;\">Directora (Jornada Completa): Prof. \u00c9rika Marchetti<\/span><\/li>\n<li><span style=\"color: #000080; font-family: trebuchet ms,geneva; font-size: 12pt;\">Vicedirectora (Jornada Completa): Prof. \u00c9rica Pfurr<\/span><\/li>\n<li><span style=\"color: #000080; font-family: trebuchet ms,geneva; font-size: 12pt;\">Maestra Secretaria (Jornada Completa): Prof. Anal\u00eda Correa<\/span><\/li>\n<li><span style=\"color: #000080; font-family: trebuchet ms,geneva; font-size: 12pt;\">10 Maestras de Secci\u00f3n<\/span><\/li>\n<li><span style=\"color: #000080; font-family: trebuchet ms,geneva; font-size: 12pt;\">5 Maestras Auxiliares distribuidas en cada turno<\/span><\/li>\n<li><span style=\"color: #000080; font-family: trebuchet ms,geneva; font-size: 12pt;\">3 Maestras de Educaci\u00f3n F\u00edsica<\/span><\/li>\n<li><span style=\"color: #000080; font-family: trebuchet ms,geneva; font-size: 12pt;\">3 Maestras de Educaci\u00f3n Musical distribuidas en ambos turnos.<\/span><\/li>\n<\/ul>\n<p><span style=\"font-family: trebuchet ms,geneva; font-size: 12pt;\"><strong style=\"color: #000080; font-family: arial, helvetica, sans-serif; font-size: 10pt;\">Estructura<\/strong><\/span><\/p>\n<p style=\"text-align: justify;\"><span style=\"color: #000080; font-family: trebuchet ms,geneva; font-size: 12pt; text-align: justify;\">En la actualidad, la estructura de Nivel Inicial, adecu\u00e1ndose a las necesidades de la propia instituci\u00f3n y de la comunidad, est\u00e1 conformada de la siguiente manera:<\/span><\/p>\n<p style=\"text-align: justify;\"><span style=\"font-family: trebuchet ms,geneva; font-size: 12pt;\"><strong style=\"color: #000080; font-family: arial, helvetica, sans-serif; font-size: 10pt;\">Turno Ma\u00f1ana<\/strong><span style=\"color: #000080;\">\u00a0(horario de clases: 8.45 a 12)<\/span><\/span><\/p>\n<ul>\n<li><span style=\"color: #000080; font-size: 12pt; font-family: trebuchet ms,geneva;\">Una sala para <span style=\"color: #000080; font-size: 12pt; font-family: trebuchet ms,geneva;\">ni\u00f1os\/as de<\/span> 2 a\u00f1os<br \/>\n<\/span><\/li>\n<li><span style=\"color: #000080; font-size: 12pt; font-family: trebuchet ms,geneva;\">Dos salas para ni\u00f1os\/as de 3 a\u00f1os<\/span><\/li>\n<li><span style=\"color: #000080; font-size: 12pt; font-family: trebuchet ms,geneva;\">Dos salas para ni\u00f1os\/as de 4 a\u00f1os<\/span><\/li>\n<li><span style=\"color: #000080; font-size: 12pt; font-family: trebuchet ms,geneva;\">Una sala para ni\u00f1os\/as de 5 a\u00f1os<\/span><\/li>\n<\/ul>\n<p><span style=\"font-family: trebuchet ms,geneva; font-size: 12pt;\"><strong style=\"color: #000080; font-family: arial, helvetica, sans-serif; font-size: 10pt;\">Turno Tarde<\/strong><span style=\"color: #000080;\">\u00a0(horario de clases: 13 a 16.15)<\/span><\/span><\/p>\n<ul>\n<li><span style=\"color: #000080; font-size: 12pt; font-family: trebuchet ms,geneva;\"><span style=\"color: #000080; font-size: 12pt; font-family: trebuchet ms,geneva;\">Una sala para <span style=\"color: #000080; font-size: 12pt; font-family: trebuchet ms,geneva;\">ni\u00f1os\/as de<\/span> 2 a\u00f1os<\/span><\/span><\/li>\n<li><span style=\"color: #000080; font-size: 12pt; font-family: trebuchet ms,geneva;\">Una sala para ni\u00f1os\/as de 3 a\u00f1os<\/span><\/li>\n<li><span style=\"color: #000080; font-size: 12pt; font-family: trebuchet ms,geneva;\">Una sala para ni\u00f1os\/as de 4 a\u00f1os<\/span><\/li>\n<li><span style=\"color: #000080; font-size: 12pt; font-family: trebuchet ms,geneva;\">Dos salas para ni\u00f1os\/as de 5 a\u00f1os<\/span><\/li>\n<\/ul>\n<\/td>\n<\/tr>\n<\/tbody>\n<\/table>\n","protected":false},"excerpt":{"rendered":"<p>El martes 16 de abril, nuestro Nivel Inicial cumple 30 a\u00f1os. Festejaremos con todas las familias esta fecha tan importante. Habr\u00e1 tortas, canciones, velitas y todo lo que la ocasi\u00f3n se merece. Al Leng\u00fcitas lo construimos entre todos\/as. Gracias por formar parte de esta historia compartida. (Mural realizado por docentes del nivel con la colaboraci\u00f3n &#8230; <a title=\"Nivel Inicial\" class=\"read-more\" href=\"https:\/\/spangenberg-caba.infd.edu.ar\/sitio\/nivel-inicial\/\" aria-label=\"More on Nivel Inicial\">[+]<\/a><\/p>\n","protected":false},"author":91,"featured_media":0,"parent":0,"menu_order":0,"comment_status":"closed","ping_status":"closed","template":"","meta":[],"acf":[],"_links":{"self":[{"href":"https:\/\/spangenberg-caba.infd.edu.ar\/sitio\/wp-json\/wp\/v2\/pages\/1039"}],"collection":[{"href":"https:\/\/spangenberg-caba.infd.edu.ar\/sitio\/wp-json\/wp\/v2\/pages"}],"about":[{"href":"https:\/\/spangenberg-caba.infd.edu.ar\/sitio\/wp-json\/wp\/v2\/types\/page"}],"author":[{"embeddable":true,"href":"https:\/\/spangenberg-caba.infd.edu.ar\/sitio\/wp-json\/wp\/v2\/users\/91"}],"replies":[{"embeddable":true,"href":"https:\/\/spangenberg-caba.infd.edu.ar\/sitio\/wp-json\/wp\/v2\/comments?post=1039"}],"version-history":[{"count":11,"href":"https:\/\/spangenberg-caba.infd.edu.ar\/sitio\/wp-json\/wp\/v2\/pages\/1039\/revisions"}],"predecessor-version":[{"id":3821,"href":"https:\/\/spangenberg-caba.infd.edu.ar\/sitio\/wp-json\/wp\/v2\/pages\/1039\/revisions\/3821"}],"wp:attachment":[{"href":"https:\/\/spangenberg-caba.infd.edu.ar\/sitio\/wp-json\/wp\/v2\/media?parent=1039"}],"curies":[{"name":"wp","href":"https:\/\/api.w.org\/{rel}","templated":true}]}}