{"id":1041,"date":"2018-08-29T14:14:10","date_gmt":"2018-08-29T17:14:10","guid":{"rendered":"https:\/\/spangenberg-caba.infd.edu.ar\/sitio\/nivel-secundario\/"},"modified":"2024-05-28T19:26:25","modified_gmt":"2024-05-28T22:26:25","slug":"nivel-secundario","status":"publish","type":"page","link":"https:\/\/spangenberg-caba.infd.edu.ar\/sitio\/nivel-secundario\/","title":{"rendered":"Nivel Secundario"},"content":{"rendered":"\n<p><span style=\"font-weight: 300;\">El Nivel Secundario de nuestra instituci\u00f3n tiene una cursada de jornada completa (7:45 a 17: 05) o extendida (7:45 a 15:05) seg\u00fan la orientaci\u00f3n de cada curso.<\/span><\/p>\n\n\n\n<p><span style=\"font-weight: 300;\">El Bachillerato en Lenguas (modalidad biling\u00fce ingl\u00e9s) se inicia el 1er a\u00f1o y es la \u00fanica orientaci\u00f3n que se cursa con una carga horaria de jornada completa.&nbsp;<\/span><\/p>\n\n\n\n<p><span style=\"font-weight: 300;\">El resto de las secciones, durante 1er y 2do a\u00f1o, realizan un Ciclo B\u00e1sico y, a partir de 3er A\u00f1o, comienzan el Ciclo Superior que cuenta con tres orientaciones de Bachillerato:<\/span><\/p>\n\n\n\n<ul>\n<li><span style=\"font-weight: 300;\">Orientaci\u00f3n en Literatura,&nbsp;<\/span><\/li>\n\n\n\n<li><span style=\"font-weight: 300;\">Orientaci\u00f3n en Ciencias Sociales y Humanidades&nbsp;<\/span><\/li>\n\n\n\n<li><span style=\"font-weight: 300;\">Orientaci\u00f3n en Ciencias Naturales. <\/span><\/li>\n<\/ul>\n\n\n\n<p><span style=\"font-weight: 300;\">Los\/as estudiantes que iniciaron el Bachillerato en Lenguas (Modalidad Biling\u00fce ingl\u00e9s) en 1er a\u00f1o, contin\u00faan 3er a\u00f1o con la misma orientaci\u00f3n.<\/span><\/p>\n\n\n\n<p>En el Ciclo Superior, los\/as estudiantes continuar\u00e1n con una primera lengua extranjera (ingl\u00e9s o franc\u00e9s) y deber\u00e1n elegir una segunda lengua extranjera entre las siguientes opciones: alem\u00e1n, italiano, portugu\u00e9s, ingl\u00e9s o franc\u00e9s (3 horas semanales). Aquellos\/as estudiantes que cursen el Bachillerato en Lengua incorporar\u00e1n una tercera lengua extranjera en 5to a\u00f1o.<\/p>\n\n\n\n<p><span style=\"font-weight: 300;\">Adem\u00e1s, los\/as alumnos\/as del Ciclo Superior tienen la oportunidad de realizar el <a href=\"https:\/\/www.ibo.org\/es\/programmes\/diploma-programme\/\">Bachillerato Internacional<\/a> (opcional, ver solapa espec\u00edfica de esta posibilidad) que exige una cursada adicional en 4to y 5to a\u00f1o.<\/span><\/p>\n\n\n\n<p><span style=\"font-weight: 300;\">En el siguiente cuadro, podr\u00e1n observar de manera gr\u00e1fica, la organizaci\u00f3n de la oferta educativa del nivel secundario de nuestra instituci\u00f3n:<\/span><\/p>\n\n\n\n<p class=\"has-text-align-center\">&nbsp;<\/p>\n\n\n\n<figure class=\"wp-block-image size-full\"><img decoding=\"async\" loading=\"lazy\" width=\"1180\" height=\"667\" src=\"https:\/\/spangenberg-caba.infd.edu.ar\/sitio\/wp-content\/uploads\/2024\/05\/Estructura-General-de-la-oferta-educativa-del-nivel-medio.png\" alt=\"\" class=\"wp-image-3512\" srcset=\"https:\/\/spangenberg-caba.infd.edu.ar\/sitio\/wp-content\/uploads\/2024\/05\/Estructura-General-de-la-oferta-educativa-del-nivel-medio.png 1180w, https:\/\/spangenberg-caba.infd.edu.ar\/sitio\/wp-content\/uploads\/2024\/05\/Estructura-General-de-la-oferta-educativa-del-nivel-medio-1000x565.png 1000w, https:\/\/spangenberg-caba.infd.edu.ar\/sitio\/wp-content\/uploads\/2024\/05\/Estructura-General-de-la-oferta-educativa-del-nivel-medio-768x434.png 768w\" sizes=\"(max-width: 1180px) 100vw, 1180px\" \/><\/figure>\n","protected":false},"excerpt":{"rendered":"<p>El Nivel Secundario de nuestra instituci\u00f3n tiene una cursada de jornada completa (7:45 a 17: 05) o extendida (7:45 a 15:05) seg\u00fan la orientaci\u00f3n de cada curso. El Bachillerato en Lenguas (modalidad biling\u00fce ingl\u00e9s) se inicia el 1er a\u00f1o y es la \u00fanica orientaci\u00f3n que se cursa con una carga horaria de jornada completa.&nbsp; El &#8230; <a title=\"Nivel Secundario\" class=\"read-more\" href=\"https:\/\/spangenberg-caba.infd.edu.ar\/sitio\/nivel-secundario\/\" aria-label=\"More on Nivel Secundario\">[+]<\/a><\/p>\n","protected":false},"author":91,"featured_media":0,"parent":0,"menu_order":0,"comment_status":"closed","ping_status":"closed","template":"","meta":[],"acf":[],"_links":{"self":[{"href":"https:\/\/spangenberg-caba.infd.edu.ar\/sitio\/wp-json\/wp\/v2\/pages\/1041"}],"collection":[{"href":"https:\/\/spangenberg-caba.infd.edu.ar\/sitio\/wp-json\/wp\/v2\/pages"}],"about":[{"href":"https:\/\/spangenberg-caba.infd.edu.ar\/sitio\/wp-json\/wp\/v2\/types\/page"}],"author":[{"embeddable":true,"href":"https:\/\/spangenberg-caba.infd.edu.ar\/sitio\/wp-json\/wp\/v2\/users\/91"}],"replies":[{"embeddable":true,"href":"https:\/\/spangenberg-caba.infd.edu.ar\/sitio\/wp-json\/wp\/v2\/comments?post=1041"}],"version-history":[{"count":5,"href":"https:\/\/spangenberg-caba.infd.edu.ar\/sitio\/wp-json\/wp\/v2\/pages\/1041\/revisions"}],"predecessor-version":[{"id":3515,"href":"https:\/\/spangenberg-caba.infd.edu.ar\/sitio\/wp-json\/wp\/v2\/pages\/1041\/revisions\/3515"}],"wp:attachment":[{"href":"https:\/\/spangenberg-caba.infd.edu.ar\/sitio\/wp-json\/wp\/v2\/media?parent=1041"}],"curies":[{"name":"wp","href":"https:\/\/api.w.org\/{rel}","templated":true}]}}