{"id":1050,"date":"2019-03-11T00:30:13","date_gmt":"2019-03-11T03:30:13","guid":{"rendered":"https:\/\/spangenberg-caba.infd.edu.ar\/sitio\/docentes-interinatos-y-suplencias\/"},"modified":"2024-04-26T12:55:32","modified_gmt":"2024-04-26T15:55:32","slug":"docentes-interinatos-y-suplencias","status":"publish","type":"page","link":"https:\/\/spangenberg-caba.infd.edu.ar\/sitio\/docentes-interinatos-y-suplencias\/","title":{"rendered":"Interinatos y suplencias \/ Cobertura de C\u00e1tedras"},"content":{"rendered":"<p><span style=\"font-size: 12pt; font-family: trebuchet ms,geneva;\">El acceso a cargos y a c\u00e1tedras en nuestra instituci\u00f3n se rige por la normativa vigente para los establecimientos p\u00fablicos de gesti\u00f3n estatal.<br \/>\n<\/span><\/p>\n<p style=\"text-align: justify;\"><strong><span style=\"font-size: 12pt; font-family: trebuchet ms,geneva;\">Niveles Inicial, Primario y Secundario<\/span><\/strong><\/p>\n<p style=\"text-align: justify;\"><span style=\"font-size: 12pt; font-family: trebuchet ms,geneva;\">Existen dos per\u00edodos en el a\u00f1o en que se llevan a cabo las inscripciones para acceder en estos niveles de ense\u00f1anza.<\/span><\/p>\n<p style=\"text-align: justify;\"><span style=\"font-size: 12pt; font-family: trebuchet ms,geneva;\">En <strong>marzo<\/strong> se lleva a cabo la <strong>inscripci\u00f3n complementaria<\/strong>.<br \/>\nEs viable solamente para quienes hayan obtenido su t\u00edtulo el a\u00f1o anterior al 31 de marzo <span style=\"font-size: 12pt; font-family: trebuchet ms,geneva;\"> del a\u00f1o en curso<\/span>.<\/span><\/p>\n<p style=\"text-align: justify;\"><span style=\"font-size: 12pt; font-family: trebuchet ms,geneva;\">En <strong>abril<\/strong> se lleva a cabo la <strong>inscripci\u00f3n anual<\/strong> para ser incluido en los <strong>listados del a\u00f1o siguiente<\/strong>.<\/span><\/p>\n<p style=\"text-align: justify;\"><span style=\"font-size: 12pt; font-family: trebuchet ms,geneva;\">La informaci\u00f3n completa se encuentra en \u00ab<strong><a href=\"https:\/\/www.buenosaires.gob.ar\/educacion\/docentes\/clasificaciondocente\/interinatos-y-suplencias-0\">Interinatos y Suplencias<\/a><\/strong>\u00bb<\/span><span style=\"font-size: 12pt; font-family: trebuchet ms,geneva;\">\u00a0y en \u00ab<b><a href=\"https:\/\/www.buenosaires.gob.ar\/educacion\/docentes\/actos-publicos-e-informacion-de-las-juntas\">Actos P\u00fablicos e Informaci\u00f3n de las Juntas.\u00bb<\/a><\/b><\/span><\/p>\n<p style=\"text-align: justify;\"><span style=\"font-size: 12pt; font-family: trebuchet ms,geneva;\"><strong>Nivel Terciario<\/strong><br \/>\n<\/span><\/p>\n<p style=\"text-align: justify;\"><span style=\"font-size: 12pt; font-family: trebuchet ms,geneva;\">Se accede mediante selecci\u00f3n de antecedentes, cuya difusi\u00f3n se realiza trav\u00e9s de la Direcci\u00f3n de Formaci\u00f3n Docente, \u00e1rea ministerial de la que depende el establecimiento.<br \/>\n<\/span><\/p>\n<p>Encontr\u00e1 informaci\u00f3n de los \u00faltimos llamados a selecci\u00f3n de antecedentes para cobertura de c\u00e1tedras de Nivel Superior de los establecimientos de formaci\u00f3n docente en \u00ab<strong><a href=\"https:\/\/www.buenosaires.gob.ar\/educacion\/estudiantes\/formacion-docente\/cobertura-de-catedras\">Cobertura de C\u00e1tedras<\/a><\/strong>\u00bb.<\/p>\n<hr \/>\n<p>En \u00ab<strong><a href=\"https:\/\/www.buenosaires.gob.ar\/educacion\/docentes\/actos-publicos-e-informacion-de-las-juntas\/normativa\">Normativa<\/a><\/strong>\u00bb consult\u00e1 los Decretos, Ordenanzas y Resoluciones sobre transmisi\u00f3n de custodia de patrimonio a un nuevo\/a responsable, donaci\u00f3n de bienes dados de baja, vencimiento de plazos de licencia por enfermedad y criterios de asignaci\u00f3n especial Fondo Nacional de Incentivo Docente a los cargos docentes, entre otros.<\/p>\n","protected":false},"excerpt":{"rendered":"<p>El acceso a cargos y a c\u00e1tedras en nuestra instituci\u00f3n se rige por la normativa vigente para los establecimientos p\u00fablicos de gesti\u00f3n estatal. Niveles Inicial, Primario y Secundario Existen dos per\u00edodos en el a\u00f1o en que se llevan a cabo las inscripciones para acceder en estos niveles de ense\u00f1anza. En marzo se lleva a cabo &#8230; <a title=\"Interinatos y suplencias \/ Cobertura de C\u00e1tedras\" class=\"read-more\" href=\"https:\/\/spangenberg-caba.infd.edu.ar\/sitio\/docentes-interinatos-y-suplencias\/\" aria-label=\"More on Interinatos y suplencias \/ Cobertura de C\u00e1tedras\">[+]<\/a><\/p>\n","protected":false},"author":91,"featured_media":0,"parent":0,"menu_order":0,"comment_status":"closed","ping_status":"closed","template":"","meta":[],"acf":[],"_links":{"self":[{"href":"https:\/\/spangenberg-caba.infd.edu.ar\/sitio\/wp-json\/wp\/v2\/pages\/1050"}],"collection":[{"href":"https:\/\/spangenberg-caba.infd.edu.ar\/sitio\/wp-json\/wp\/v2\/pages"}],"about":[{"href":"https:\/\/spangenberg-caba.infd.edu.ar\/sitio\/wp-json\/wp\/v2\/types\/page"}],"author":[{"embeddable":true,"href":"https:\/\/spangenberg-caba.infd.edu.ar\/sitio\/wp-json\/wp\/v2\/users\/91"}],"replies":[{"embeddable":true,"href":"https:\/\/spangenberg-caba.infd.edu.ar\/sitio\/wp-json\/wp\/v2\/comments?post=1050"}],"version-history":[{"count":5,"href":"https:\/\/spangenberg-caba.infd.edu.ar\/sitio\/wp-json\/wp\/v2\/pages\/1050\/revisions"}],"predecessor-version":[{"id":3450,"href":"https:\/\/spangenberg-caba.infd.edu.ar\/sitio\/wp-json\/wp\/v2\/pages\/1050\/revisions\/3450"}],"wp:attachment":[{"href":"https:\/\/spangenberg-caba.infd.edu.ar\/sitio\/wp-json\/wp\/v2\/media?parent=1050"}],"curies":[{"name":"wp","href":"https:\/\/api.w.org\/{rel}","templated":true}]}}