{"id":1052,"date":"2019-03-24T14:14:14","date_gmt":"2019-03-24T17:14:14","guid":{"rendered":"https:\/\/spangenberg-caba.infd.edu.ar\/sitio\/comunicaciones-dfd\/"},"modified":"2025-12-19T01:15:50","modified_gmt":"2025-12-19T04:15:50","slug":"comunicaciones-dfd","status":"publish","type":"page","link":"https:\/\/spangenberg-caba.infd.edu.ar\/sitio\/comunicaciones-dfd\/","title":{"rendered":"Direcci\u00f3n de Escuelas Normales Superiores"},"content":{"rendered":"\n<p> <\/p>\n\n\n<p><img decoding=\"async\" loading=\"lazy\" class=\"alignnone wp-image-2581\" src=\"https:\/\/spangenberg-caba.infd.edu.ar\/sitio\/wp-content\/uploads\/2021\/02\/DireccionEscuelas.png\" alt=\"\" width=\"374\" height=\"99\" \/><img decoding=\"async\" loading=\"lazy\" class=\" wp-image-2582 alignright\" src=\"https:\/\/spangenberg-caba.infd.edu.ar\/sitio\/wp-content\/uploads\/2021\/02\/MembreteDENSYA.png\" alt=\"\" width=\"255\" height=\"80\" \/><\/p>\n<p><img decoding=\"async\" loading=\"lazy\" class=\"alignnone size-full wp-image-969\" src=\"https:\/\/spangenberg-caba.infd.edu.ar\/sitio\/wp-content\/uploads\/2018\/08\/logo_aula_completar-1.gif\" alt=\"\" width=\"140\" height=\"69\" \/><img decoding=\"async\" loading=\"lazy\" class=\"alignnone size-full wp-image-969\" src=\"https:\/\/spangenberg-caba.infd.edu.ar\/sitio\/wp-content\/uploads\/2018\/08\/logo_aula_completar-1.gif\" alt=\"\" width=\"140\" height=\"69\" \/><img decoding=\"async\" loading=\"lazy\" class=\"alignnone size-full wp-image-969\" src=\"https:\/\/spangenberg-caba.infd.edu.ar\/sitio\/wp-content\/uploads\/2018\/08\/logo_aula_completar-1.gif\" alt=\"\" width=\"140\" height=\"69\" \/><img decoding=\"async\" loading=\"lazy\" class=\"alignnone size-full wp-image-969\" src=\"https:\/\/spangenberg-caba.infd.edu.ar\/sitio\/wp-content\/uploads\/2018\/08\/logo_aula_completar-1.gif\" alt=\"\" width=\"140\" height=\"69\" \/><img decoding=\"async\" loading=\"lazy\" class=\"alignnone size-full wp-image-969\" src=\"https:\/\/spangenberg-caba.infd.edu.ar\/sitio\/wp-content\/uploads\/2018\/08\/logo_aula_completar-1.gif\" alt=\"\" width=\"140\" height=\"69\" \/><img decoding=\"async\" loading=\"lazy\" class=\"alignnone size-full wp-image-969\" src=\"https:\/\/spangenberg-caba.infd.edu.ar\/sitio\/wp-content\/uploads\/2018\/08\/logo_aula_completar-1.gif\" alt=\"\" width=\"140\" height=\"69\" \/><\/p>\n<p><a href=\"https:\/\/drive.google.com\/file\/d\/1jm1CL8DbjQFmDhlnhOafZo8AyypMSl4N\/view?usp=sharing\">Comunicaci\u00f3n No. 43 17-DIC-2025<\/a><\/p>\n<p><a href=\"https:\/\/drive.google.com\/file\/d\/1c11xBbFqhAk0WqbCqP5F_GjWCpVnpcLc\/view?usp=sharing\">Comunicaci\u00f3n No. 42 10-DIC-2025<\/a><\/p>\n<p><a href=\"https:\/\/drive.google.com\/file\/d\/1hE2ja9qaolpoqkF4x1awb0trpk9Jkv8w\/view?usp=sharing\">Comunicaci\u00f3n No. 41 3-DIC-2025<\/a><\/p>\n<p><a href=\"https:\/\/drive.google.com\/file\/d\/1TDcTa3-sYzmmLOKS2uhzvIKMrnRa08RK\/view?usp=sharing\">Comunicaci\u00f3n No. 40 26-NOV-2025<\/a><\/p>\n<p><a href=\"https:\/\/drive.google.com\/file\/d\/1iJlhoaGZ_YhAWiZCOz-Eje2pWeqQsjMM\/view?usp=sharing\">Comunicaci\u00f3n No. 39 19-NOV-2025<\/a><\/p>\n<p><a href=\"https:\/\/drive.google.com\/file\/d\/1eJ-0NO6a1Qpb7CY6GP6dMijg8rDR4xIv\/view?usp=sharing\">Comunicaci\u00f3n No. 38 12-NOV-2025<\/a><\/p>\n<p><a href=\"https:\/\/drive.google.com\/file\/d\/1_Qgg254w6lCwJys-iDBJqxUAkrngl21b\/view?usp=sharing\">Comunicaci\u00f3n No. 37 5-NOV-2025<\/a><\/p>\n<p><a href=\"https:\/\/drive.google.com\/file\/d\/1xph52aw_5PW_V4qOkGriVwFacsQWRrw4\/view?usp=sharing\">Comunicaci\u00f3n No. 36 29-OCT-2025<\/a><\/p>\n<p><a href=\"https:\/\/drive.google.com\/file\/d\/183FBuc11-fOAuG5C8OKng5nQu9FI2o4l\/view?usp=sharing\">Comunicaci\u00f3n No. 35 22-OCT-2025<\/a><\/p>\n<p><a href=\"https:\/\/drive.google.com\/file\/d\/1s1rdJhWMJ9t98WTgPgZIAczYJab59XYP\/view?usp=sharing\">Comunicaci\u00f3n No. 34 15-OCT-2025<\/a><\/p>\n<p><a href=\"https:\/\/drive.google.com\/file\/d\/1JdN236KuJwD-CZiz-j2cEvsqcK8eJsBu\/view?usp=sharing\">Comunicaci\u00f3n No. 33 8-OCT-2025<\/a><\/p>\n<p><a href=\"https:\/\/drive.google.com\/file\/d\/1nVhrz7rBkXhs5purDKHTRLuZCKKyF57j\/view?usp=sharing\">Comunicaci\u00f3n No. 32 1-OCT-2025<\/a><\/p>\n<p><a href=\"https:\/\/drive.google.com\/file\/d\/1xYTtRdq_EgPmtGQkrz5DhDKrLcUvHis0\/view?usp=sharing\">Comunicaci\u00f3n No. 31 24-SEP-2025<\/a><\/p>\n<p><a href=\"https:\/\/drive.google.com\/file\/d\/1Qv-rFZC6xjhWM5J2BUGcb393AmVYm4bH\/view?usp=sharing\">Comunicaci\u00f3n No. 30 17-SEP-2025<\/a><\/p>\n<p><a href=\"https:\/\/drive.google.com\/file\/d\/1aZCOn-wtbtW_sTEuDxtiytdcZ0k1yDuZ\/view?usp=sharing\">Comunicaci\u00f3n No. 29 10-SEP-2025<\/a><\/p>\n<p><a href=\"https:\/\/drive.google.com\/file\/d\/12UZ8C9HF7d8WcVmtJKu2bvFBQ9vhR0JF\/view?usp=sharing\">Comunicaci\u00f3n No. 28 3-SEP-2025<\/a><\/p>\n<p><a href=\"https:\/\/drive.google.com\/file\/d\/1ZqoiXBth0xJcH5AKtPWtnc6THDnv_VxW\/view?usp=sharing\">Comunicaci\u00f3n No. 27 27-AGO-2025<\/a><\/p>\n<p><a href=\"https:\/\/drive.google.com\/file\/d\/1rDx4swshSzTdsWOqUryn0lMmsinESsfw\/view?usp=sharing\">Comunicaci\u00f3n No. 26 20-AGO-2025<\/a><\/p>\n<p><a href=\"https:\/\/drive.google.com\/file\/d\/12FJsqMJV1c0KhE6P9ZH9mlk3P_AZHpYt\/view?usp=sharing\">Comunicaci\u00f3n No. 25 13-AGO-2025<\/a><\/p>\n<p><a href=\"https:\/\/drive.google.com\/file\/d\/18fk7HezKFjJC28XAR6CDtxkU8tBJIwlh\/view?usp=sharing\">Comunicaci\u00f3n No. 24 7-AGO-2025<\/a><\/p>\n<p><a href=\"https:\/\/drive.google.com\/file\/d\/1PJjOjYMVQEgXxyABTvut9UisnQjEUWk_\/view?usp=sharing\">Comunicaci\u00f3n No. 23 16-JUL-2025<\/a><\/p>\n<p><a href=\"https:\/\/drive.google.com\/file\/d\/1XlSDYldEyeAUtHHbN2vAbR4y33mHIE0g\/view?usp=sharing\">Comunicaci\u00f3n No. 22 10-JUL-2025<\/a><\/p>\n<p><a href=\"https:\/\/drive.google.com\/file\/d\/19tALfkiCENxhn8YieHpbGoAukNdLi28s\/view?usp=sharing\">Comunicaci\u00f3n No. 21 2-JUL-2025<\/a><\/p>\n<p><a href=\"https:\/\/drive.google.com\/file\/d\/1O3O2zEUX5pttpYBWUbilPTs0XE_GbLFr\/view?usp=sharing\">Comunicaci\u00f3n No. 20 25-JUN-2025<\/a><\/p>\n<p><a href=\"https:\/\/drive.google.com\/file\/d\/13WgY7gPJeMnqOQLVIW_Mcs_SZGhPbZIz\/view?usp=sharing\">Comunicaci\u00f3n No. 19 18-JUN-2025<\/a><\/p>\n<p><a href=\"https:\/\/drive.google.com\/file\/d\/1RmvpOvf8zxKNTrMMIos6vsjRd-JZyST2\/view?usp=sharing\">Comunicaci\u00f3n No. 18 11-JUN-2025<\/a><\/p>\n<p><a href=\"https:\/\/drive.google.com\/file\/d\/1N8U7LDv8fTUC-_wzDetYkRHJBs4yr0Yr\/view?usp=sharing\">Comunicaci\u00f3n No. 17 4-JUN-2025<\/a><\/p>\n<p><a href=\"https:\/\/drive.google.com\/file\/d\/1qU2JKmZXuCpWw812GQnzHlgIM5l3TSDY\/view?usp=sharing\">Comunicaci\u00f3n No. 16 28-MAY-2025<\/a><\/p>\n<p><a href=\"https:\/\/drive.google.com\/file\/d\/1PqFUBDyEXcOSi1uIb3tZ4a36aIlMIq7V\/view?usp=sharing\">Comunicaci\u00f3n No. 15 21- MAY-2025<\/a><\/p>\n<p><a href=\"https:\/\/drive.google.com\/file\/d\/1oc6NSLhTKFPbVjiM5-q4Lt0wXvVSmqcQ\/view?usp=sharing\">Comunicaci\u00f3n No. 14 14-MAY-2025<\/a><\/p>\n<p><a href=\"https:\/\/drive.google.com\/file\/d\/1aeoH9CsTJZW7N3T_WAvDf40wEnCKEsGN\/view?usp=sharing\">Comunicaci\u00f3n No. 13 7-MAY-2025<\/a><\/p>\n<p><a href=\"https:\/\/drive.google.com\/file\/d\/1qGGZBmqnmWJnBdcR9YVlulzYhfsHiVsD\/view?usp=sharing\">Comunicaci\u00f3n No. 12 30-ABR-2025<\/a><\/p>\n<p><a href=\"https:\/\/drive.google.com\/file\/d\/1p52FcFm0Ue6YZdBf-BJCIumOraosxytM\/view?usp=sharing\">Comunicaci\u00f3n No. 11 23-ABR-2025<\/a><\/p>\n<p><a href=\"https:\/\/drive.google.com\/file\/d\/1gt864S8qmhP0jItLUo1iWFJc3yX4HLrG\/view?usp=sharing\">Comunicaci\u00f3n No. 10 16-ABR-2025<\/a><\/p>\n<p><a href=\"https:\/\/drive.google.com\/file\/d\/1hdH7ml_pslqbKDZE2as40BBdNGv2wi8g\/view?usp=sharing\">Comunicaci\u00f3n No. 9 10-ABR-2025<\/a><\/p>\n<p><a href=\"https:\/\/drive.google.com\/file\/d\/1TJSeXlvyb4aR51CRSzCRiVwTfcz6E6Q5\/view?usp=sharing\">Comunicaci\u00f3n No. 8 3-ABR-2025<\/a><\/p>\n<p><a href=\"https:\/\/drive.google.com\/file\/d\/1nS1rdWU3TINJFSAFXdG_IHB95zpqbdjJ\/view?usp=sharing\">Comunicaci\u00f3n No. 7 26-MAR-2025<\/a><\/p>\n<p><a href=\"https:\/\/drive.google.com\/file\/d\/1L-xUpMuCOIQr-hnHCSImkW7Vnptuh7Xf\/view?usp=sharing\">Comunicaci\u00f3n<\/a><a href=\"https:\/\/drive.google.com\/file\/d\/1L-xUpMuCOIQr-hnHCSImkW7Vnptuh7Xf\/view?usp=sharing\"> No. 6 19-MAR-2025<\/a><\/p>\n<p><a href=\"https:\/\/drive.google.com\/file\/d\/1eoWRXgsg2H8eX_MqgAQEVgbrsqF9Xscx\/view?usp=sharing\">Comunicaci\u00f3n No. 5 12-MAR-2025<\/a><\/p>\n<p><a href=\"https:\/\/drive.google.com\/file\/d\/1HIyJXCh6fuzY8RIticRKIfWsccUpE12-\/view?usp=sharing\">Comunicaci\u00f3n No. 4 5-MAR-2025<\/a><\/p>\n<p><a href=\"https:\/\/drive.google.com\/file\/d\/15W4J-Klgb0I3lseKL-3K8GeplZJVQAss\/view?usp=sharing\">Comunicaci\u00f3n No 3 26-FEB-2025<\/a><\/p>\n<p><a href=\"https:\/\/drive.google.com\/file\/d\/1sKL2NkEbMm-1PCc8-COkJ-PWVtfZ4GoA\/view?usp=sharing\">Comunicaci\u00f3n No. 2 19-FEB-2025<\/a><\/p>\n<p><a href=\"https:\/\/drive.google.com\/file\/d\/1e5eKMHjwnDFPEezFk2Z008hkJ09b5CML\/view?usp=sharing\">Comunicaci\u00f3n No. 1 12-FEB-2025<\/a><\/p>\n<p><a href=\"https:\/\/buenosaires.gob.ar\/cobertura-de-catedras\">ENLACE A LOS LLAMADOS A SELECCI\u00d3N DE ANTECEDENTES PUBLICADOS<\/a><\/p>","protected":false},"excerpt":{"rendered":"<p>Comunicaci\u00f3n No. 43 17-DIC-2025 Comunicaci\u00f3n No. 42 10-DIC-2025 Comunicaci\u00f3n No. 41 3-DIC-2025 Comunicaci\u00f3n No. 40 26-NOV-2025 Comunicaci\u00f3n No. 39 19-NOV-2025 Comunicaci\u00f3n No. 38 12-NOV-2025 Comunicaci\u00f3n No. 37 5-NOV-2025 Comunicaci\u00f3n No. 36 29-OCT-2025 Comunicaci\u00f3n No. 35 22-OCT-2025 Comunicaci\u00f3n No. 34 15-OCT-2025 Comunicaci\u00f3n No. 33 8-OCT-2025 Comunicaci\u00f3n No. 32 1-OCT-2025 Comunicaci\u00f3n No. 31 24-SEP-2025 Comunicaci\u00f3n No. 30 &#8230; <a title=\"Direcci\u00f3n de Escuelas Normales Superiores\" class=\"read-more\" href=\"https:\/\/spangenberg-caba.infd.edu.ar\/sitio\/comunicaciones-dfd\/\" aria-label=\"More on Direcci\u00f3n de Escuelas Normales Superiores\">[+]<\/a><\/p>\n","protected":false},"author":1112,"featured_media":0,"parent":0,"menu_order":0,"comment_status":"closed","ping_status":"closed","template":"","meta":[],"acf":[],"_links":{"self":[{"href":"https:\/\/spangenberg-caba.infd.edu.ar\/sitio\/wp-json\/wp\/v2\/pages\/1052"}],"collection":[{"href":"https:\/\/spangenberg-caba.infd.edu.ar\/sitio\/wp-json\/wp\/v2\/pages"}],"about":[{"href":"https:\/\/spangenberg-caba.infd.edu.ar\/sitio\/wp-json\/wp\/v2\/types\/page"}],"author":[{"embeddable":true,"href":"https:\/\/spangenberg-caba.infd.edu.ar\/sitio\/wp-json\/wp\/v2\/users\/1112"}],"replies":[{"embeddable":true,"href":"https:\/\/spangenberg-caba.infd.edu.ar\/sitio\/wp-json\/wp\/v2\/comments?post=1052"}],"version-history":[{"count":175,"href":"https:\/\/spangenberg-caba.infd.edu.ar\/sitio\/wp-json\/wp\/v2\/pages\/1052\/revisions"}],"predecessor-version":[{"id":4125,"href":"https:\/\/spangenberg-caba.infd.edu.ar\/sitio\/wp-json\/wp\/v2\/pages\/1052\/revisions\/4125"}],"wp:attachment":[{"href":"https:\/\/spangenberg-caba.infd.edu.ar\/sitio\/wp-json\/wp\/v2\/media?parent=1052"}],"curies":[{"name":"wp","href":"https:\/\/api.w.org\/{rel}","templated":true}]}}