{"id":1055,"date":"2018-08-29T14:14:15","date_gmt":"2018-08-29T17:14:15","guid":{"rendered":"https:\/\/spangenberg-caba.infd.edu.ar\/sitio\/datos-institucionales\/"},"modified":"2024-04-12T11:04:03","modified_gmt":"2024-04-12T14:04:03","slug":"datos-institucionales","status":"publish","type":"page","link":"https:\/\/spangenberg-caba.infd.edu.ar\/sitio\/datos-institucionales\/","title":{"rendered":"Datos institucionales"},"content":{"rendered":"<p><strong>Direcci\u00f3n:<\/strong>\u00a0 Juncal 3251- <span style=\"font-size: revert;\">Ciudad Aut\u00f3noma de Buenos Aires<\/span><\/p>\n<p><strong>AUTORIDADES Y CONTACTO<\/strong><\/p>\n<h3>Equipo de conducci\u00f3n<\/h3>\n<p><strong>Rectora<\/strong>\u00a0 Prof. Marta Costa &#8211;\u00a0<a href=\"mailto:enslvsebs_rectorado@bue.edu.ar\">enslvsebs_rectorado@bue.edu.ar<\/a><\/p>\n<p><strong>Vicerrectores: <\/strong>Prof. Liliana Lacour \/ Lic. Mart\u00edn Garc\u00eda Sastre <a href=\"mailto:enslvsebs_vicerrectorado@bue.edu.ar\">enslvsebs_vicerrectorado@bue.edu.ar<\/a><\/p>\n<p><strong>Secretar\u00eda General:<\/strong> Prof. Karina Asesol &#8211; <a href=\"mailto:enslvsebs@bue.edu.ar\">enslvsebs@bue.edu.ar<\/a><\/p>\n<h3><strong>Nivel Inicial<\/strong><\/h3>\n<p>Correo electr\u00f3nico:\u00a0 <a href=\"mailto:enslvsebs_nidireccion@bue.edu.ar\">enslvsebs_nidireccion@bue.edu.ar<\/a><\/p>\n<h3><strong>Nivel Primario<\/strong><\/h3>\n<p>Correo electr\u00f3nico: <a href=\"mailto:enslvsebs_npregencia@bue.edu.ar\">enslvsebs_npregencia@bue.edu.ar<\/a><\/p>\n<h3><strong>Nivel Medio<\/strong><\/h3>\n<p>Correo Electr\u00f3nico: <a href=\"mailto:enslvsebs_vicedireccion@bue.edu.ar\">enslvsebs_vicedireccion@bue.edu.ar<\/a><\/p>\n<p><strong>Prosecretar\u00eda Nivel Medio:<\/strong> <a href=\"mailto:enslvsebs_prosecretaia@bue.edu.ar\">enslvsebs_nmprosecretaria@bue.edu.ar<\/a><\/p>\n<h3><span style=\"color: #333333;\"><strong>Nivel Terciario<\/strong><\/span><\/h3>\n<p><strong>Regente<\/strong>: Mg. Gabriel Caligaris &#8211; <a href=\"mailto:enslvsebs_ntregencia@bue.edu.ar\">enslvsebs_ntregencia@bue.edu.ar<\/a><\/p>\n<p><strong>Prosecretaria<\/strong>: Viviana Zygadlo &#8211; <a href=\"mailto:enslvsebs_prosecretaia@bue.edu.ar\">enslvsebs_prosecretaia@bue.edu.ar<\/a><\/p>\n<p><strong>Bedel\u00eda<\/strong>:\u00a0 <a href=\"mailto:enslvsebs_bedelia@bue.edu.ar\">enslvsebs_bedelia@bue.edu.a<\/a>r<\/p>\n<p style=\"text-align: left;\">\n","protected":false},"excerpt":{"rendered":"<p>Direcci\u00f3n:\u00a0 Juncal 3251- Ciudad Aut\u00f3noma de Buenos Aires AUTORIDADES Y CONTACTO Equipo de conducci\u00f3n Rectora\u00a0 Prof. Marta Costa &#8211;\u00a0enslvsebs_rectorado@bue.edu.ar Vicerrectores: Prof. Liliana Lacour \/ Lic. Mart\u00edn Garc\u00eda Sastre enslvsebs_vicerrectorado@bue.edu.ar Secretar\u00eda General: Prof. Karina Asesol &#8211; enslvsebs@bue.edu.ar Nivel Inicial Correo electr\u00f3nico:\u00a0 enslvsebs_nidireccion@bue.edu.ar Nivel Primario Correo electr\u00f3nico: enslvsebs_npregencia@bue.edu.ar Nivel Medio Correo Electr\u00f3nico: enslvsebs_vicedireccion@bue.edu.ar Prosecretar\u00eda Nivel Medio: enslvsebs_nmprosecretaria@bue.edu.ar &#8230; <a title=\"Datos institucionales\" class=\"read-more\" href=\"https:\/\/spangenberg-caba.infd.edu.ar\/sitio\/datos-institucionales\/\" aria-label=\"More on Datos institucionales\">[+]<\/a><\/p>\n","protected":false},"author":91,"featured_media":2925,"parent":0,"menu_order":0,"comment_status":"closed","ping_status":"closed","template":"","meta":[],"acf":[],"_links":{"self":[{"href":"https:\/\/spangenberg-caba.infd.edu.ar\/sitio\/wp-json\/wp\/v2\/pages\/1055"}],"collection":[{"href":"https:\/\/spangenberg-caba.infd.edu.ar\/sitio\/wp-json\/wp\/v2\/pages"}],"about":[{"href":"https:\/\/spangenberg-caba.infd.edu.ar\/sitio\/wp-json\/wp\/v2\/types\/page"}],"author":[{"embeddable":true,"href":"https:\/\/spangenberg-caba.infd.edu.ar\/sitio\/wp-json\/wp\/v2\/users\/91"}],"replies":[{"embeddable":true,"href":"https:\/\/spangenberg-caba.infd.edu.ar\/sitio\/wp-json\/wp\/v2\/comments?post=1055"}],"version-history":[{"count":12,"href":"https:\/\/spangenberg-caba.infd.edu.ar\/sitio\/wp-json\/wp\/v2\/pages\/1055\/revisions"}],"predecessor-version":[{"id":3282,"href":"https:\/\/spangenberg-caba.infd.edu.ar\/sitio\/wp-json\/wp\/v2\/pages\/1055\/revisions\/3282"}],"wp:featuredmedia":[{"embeddable":true,"href":"https:\/\/spangenberg-caba.infd.edu.ar\/sitio\/wp-json\/wp\/v2\/media\/2925"}],"wp:attachment":[{"href":"https:\/\/spangenberg-caba.infd.edu.ar\/sitio\/wp-json\/wp\/v2\/media?parent=1055"}],"curies":[{"name":"wp","href":"https:\/\/api.w.org\/{rel}","templated":true}]}}