{"id":1060,"date":"2018-08-29T14:14:18","date_gmt":"2018-08-29T17:14:18","guid":{"rendered":"https:\/\/spangenberg-caba.infd.edu.ar\/sitio\/historia\/"},"modified":"2024-04-11T11:21:42","modified_gmt":"2024-04-11T14:21:42","slug":"historia","status":"publish","type":"page","link":"https:\/\/spangenberg-caba.infd.edu.ar\/sitio\/historia\/","title":{"rendered":"Historia"},"content":{"rendered":"<div><\/div>\n<div style=\"text-align: left;\">\n<p><span style=\"font-weight: 300;\">Inicialmente, nuestra instituci\u00f3n se llam\u00f3 \u201cEscuela Normal de Maestras en Lenguas Vivas\u201d y fue creada por el Decreto 1653\/57 el 15 de febrero de 1957.<\/span><\/p>\n<p><span style=\"font-weight: 300;\">Su objetivo inicial fue responder a las necesidades de alumnas (el femenino es adrede ya que apuntaba exclusivamente a mujeres)\u00a0 que deseaban especializarse en Ingl\u00e9s y Franc\u00e9s y no ten\u00edan vacantes disponibles en el tradicional Instituto Nacional Superior en Lenguas Vivas \u00abJuan Ram\u00f3n Fern\u00e1ndez\u00bb.\u00a0<\/span><\/p>\n<p><span style=\"font-weight: 300;\">Debido a la gran demanda, en 1958 se cre\u00f3, en el turno de la tarde, el Departamento de Aplicaci\u00f3n (Nivel Primario) con dos secciones de grado: primer grado inferior y primer grado superior (denominaci\u00f3n original de la \u00e9poca).<\/span><\/p>\n<p><span style=\"font-weight: 300;\">A causa del crecimiento institucional, la escuela debi\u00f3 mudarse en varias oportunidades hasta establecerse en su domicilio actual. La primera promoci\u00f3n de Maestras Normales Nacionales egres\u00f3 en 1961.<\/span><\/p>\n<p><span style=\"font-weight: 300;\">En 1963, la instituci\u00f3n pas\u00f3 a llamarse \u00abJohn F. Kennedy\u00bb en honor al presidente de Estados Unidos asesinado ese mismo a\u00f1o.\u00a0<\/span><\/p>\n<p><span style=\"font-weight: 300;\">El 25 de abril de 2004 la escuela cambi\u00f3 de nombre nuevamente y pas\u00f3 a denominarse Escuela Normal Superior en Lenguas Vivas \u00abSof\u00eda Esther Broquen de Spangenberg\u00bb en homenaje y reconocimiento a una de sus fundadoras y directoras.<\/span><\/p>\n<p><span style=\"font-weight: 300;\">En 1972, se cre\u00f3 el \u201cProfesorado para la Ense\u00f1anza Primaria y de Ingl\u00e9s en el nivel primario\u201d, \u00fanico profesorado biling\u00fce en castellano e ingl\u00e9s en el \u00e1mbito de la ciudad de Buenos Aires.\u00a0<\/span><\/p>\n<p><span style=\"font-weight: 300;\">En 1988, se cre\u00f3 el \u201cTraductorado T\u00e9cnico Cient\u00edfico Literario en Idioma Ingl\u00e9s\u201d en el turno vespertino.<\/span><\/p>\n<p><span style=\"font-weight: 300;\">A partir de 2003, se implementan dos nuevos Planes de Estudio: \u201cProfesorado de ingl\u00e9s\u201d y \u201cProfesorado de Portugu\u00e9s\u201d para los niveles inicial y primario y \u201cProfesorado de ingl\u00e9s\u201d y \u201cProfesorado de Portugu\u00e9s\u201d para Nivel Medio.<\/span><\/p>\n<p><span style=\"font-weight: 300;\">Estos planes, luego, fueron actualizados en 2009 y en 2015, y desde ese momento incluyen en las incumbencias de su titulaci\u00f3n al nivel superior. Estos \u00faltimos son los que est\u00e1n vigentes al d\u00eda de la fecha.<\/span><\/p>\n<\/div>\n<hr \/>\n","protected":false},"excerpt":{"rendered":"<p>Inicialmente, nuestra instituci\u00f3n se llam\u00f3 \u201cEscuela Normal de Maestras en Lenguas Vivas\u201d y fue creada por el Decreto 1653\/57 el 15 de febrero de 1957. Su objetivo inicial fue responder a las necesidades de alumnas (el femenino es adrede ya que apuntaba exclusivamente a mujeres)\u00a0 que deseaban especializarse en Ingl\u00e9s y Franc\u00e9s y no ten\u00edan &#8230; <a title=\"Historia\" class=\"read-more\" href=\"https:\/\/spangenberg-caba.infd.edu.ar\/sitio\/historia\/\" aria-label=\"More on Historia\">[+]<\/a><\/p>\n","protected":false},"author":91,"featured_media":3137,"parent":0,"menu_order":0,"comment_status":"closed","ping_status":"closed","template":"","meta":[],"acf":[],"_links":{"self":[{"href":"https:\/\/spangenberg-caba.infd.edu.ar\/sitio\/wp-json\/wp\/v2\/pages\/1060"}],"collection":[{"href":"https:\/\/spangenberg-caba.infd.edu.ar\/sitio\/wp-json\/wp\/v2\/pages"}],"about":[{"href":"https:\/\/spangenberg-caba.infd.edu.ar\/sitio\/wp-json\/wp\/v2\/types\/page"}],"author":[{"embeddable":true,"href":"https:\/\/spangenberg-caba.infd.edu.ar\/sitio\/wp-json\/wp\/v2\/users\/91"}],"replies":[{"embeddable":true,"href":"https:\/\/spangenberg-caba.infd.edu.ar\/sitio\/wp-json\/wp\/v2\/comments?post=1060"}],"version-history":[{"count":4,"href":"https:\/\/spangenberg-caba.infd.edu.ar\/sitio\/wp-json\/wp\/v2\/pages\/1060\/revisions"}],"predecessor-version":[{"id":3095,"href":"https:\/\/spangenberg-caba.infd.edu.ar\/sitio\/wp-json\/wp\/v2\/pages\/1060\/revisions\/3095"}],"wp:featuredmedia":[{"embeddable":true,"href":"https:\/\/spangenberg-caba.infd.edu.ar\/sitio\/wp-json\/wp\/v2\/media\/3137"}],"wp:attachment":[{"href":"https:\/\/spangenberg-caba.infd.edu.ar\/sitio\/wp-json\/wp\/v2\/media?parent=1060"}],"curies":[{"name":"wp","href":"https:\/\/api.w.org\/{rel}","templated":true}]}}