{"id":1100,"date":"2018-08-29T14:14:38","date_gmt":"2018-08-29T17:14:38","guid":{"rendered":"https:\/\/spangenberg-caba.infd.edu.ar\/sitio\/biblioteca\/"},"modified":"2024-04-12T11:15:11","modified_gmt":"2024-04-12T14:15:11","slug":"biblioteca","status":"publish","type":"page","link":"https:\/\/spangenberg-caba.infd.edu.ar\/sitio\/biblioteca\/","title":{"rendered":"Biblioteca"},"content":{"rendered":"<p style=\"text-align: left;\"><span style=\"font-family: arial,helvetica,sans-serif; font-size: 12pt;\">Les presentamos nuestro espacio de lectura para toda la comunidad del Leng\u00fcitas\u00a0 \u00a0 \u00a0<\/span><\/p>\n<p><img decoding=\"async\" loading=\"lazy\" class=\" wp-image-1232\" src=\"https:\/\/spangenberg-caba.infd.edu.ar\/sitio\/wp-content\/uploads\/2019\/02\/Biblioteca01_Chico.jpg\" alt=\"\" width=\"582\" height=\"330\" \/><\/p>\n<ul>\n<li style=\"text-align: left;\"><span style=\"font-family: arial, helvetica, sans-serif; font-size: 12pt;\">Consulta en sala<\/span><\/li>\n<li style=\"text-align: left;\"><span style=\"font-family: arial, helvetica, sans-serif; font-size: 12pt;\">Pr\u00e9stamos para clase<\/span><\/li>\n<li><span style=\"font-family: arial,helvetica,sans-serif; font-size: 12pt;\">Pr\u00e9stamos a domicilio<\/span><\/li>\n<li><span style=\"font-family: arial,helvetica,sans-serif; font-size: 12pt;\">Reserva de libros<\/span><\/li>\n<li><span style=\"font-family: arial,helvetica,sans-serif; font-size: 12pt;\">B\u00fasqueda bibliogr\u00e1fica<\/span><\/li>\n<li><span style=\"font-family: arial,helvetica,sans-serif; font-size: 12pt;\">Internet <\/span><span style=\"font-family: arial,helvetica,sans-serif; font-size: 12pt;\">Servicio de Wi Fi<\/span><\/li>\n<\/ul>\n<p><img decoding=\"async\" loading=\"lazy\" class=\" wp-image-1233\" src=\"https:\/\/spangenberg-caba.infd.edu.ar\/sitio\/wp-content\/uploads\/2019\/02\/Biblioteca02_chico.jpg\" alt=\"\" width=\"542\" height=\"307\" \/><\/p>\n<p><strong>Horarios de Atenci\u00f3n:\u00a0<\/strong><span style=\"font-size: 12pt;\">lunes a viernes de 9:00 a 12:00, de 14:00 a 17:00 y\u00a0 de 18:00 a 21:00\u00a0 \u00a0 \u00a0 \u00a0 \u00a0 \u00a0<\/span><\/p>\n<p><img decoding=\"async\" loading=\"lazy\" class=\" wp-image-1234\" src=\"https:\/\/spangenberg-caba.infd.edu.ar\/sitio\/wp-content\/uploads\/2019\/02\/biblioteca03_chico.jpg\" alt=\"\" width=\"534\" height=\"302\" \/><\/p>\n<p style=\"text-align: center;\">\n","protected":false},"excerpt":{"rendered":"<p>Les presentamos nuestro espacio de lectura para toda la comunidad del Leng\u00fcitas\u00a0 \u00a0 \u00a0 Consulta en sala Pr\u00e9stamos para clase Pr\u00e9stamos a domicilio Reserva de libros B\u00fasqueda bibliogr\u00e1fica Internet Servicio de Wi Fi Horarios de Atenci\u00f3n:\u00a0lunes a viernes de 9:00 a 12:00, de 14:00 a 17:00 y\u00a0 de 18:00 a 21:00\u00a0 \u00a0 \u00a0 \u00a0 \u00a0 &#8230; <a title=\"Biblioteca\" class=\"read-more\" href=\"https:\/\/spangenberg-caba.infd.edu.ar\/sitio\/biblioteca\/\" aria-label=\"More on Biblioteca\">[+]<\/a><\/p>\n","protected":false},"author":91,"featured_media":1304,"parent":0,"menu_order":0,"comment_status":"closed","ping_status":"closed","template":"","meta":[],"acf":[],"_links":{"self":[{"href":"https:\/\/spangenberg-caba.infd.edu.ar\/sitio\/wp-json\/wp\/v2\/pages\/1100"}],"collection":[{"href":"https:\/\/spangenberg-caba.infd.edu.ar\/sitio\/wp-json\/wp\/v2\/pages"}],"about":[{"href":"https:\/\/spangenberg-caba.infd.edu.ar\/sitio\/wp-json\/wp\/v2\/types\/page"}],"author":[{"embeddable":true,"href":"https:\/\/spangenberg-caba.infd.edu.ar\/sitio\/wp-json\/wp\/v2\/users\/91"}],"replies":[{"embeddable":true,"href":"https:\/\/spangenberg-caba.infd.edu.ar\/sitio\/wp-json\/wp\/v2\/comments?post=1100"}],"version-history":[{"count":4,"href":"https:\/\/spangenberg-caba.infd.edu.ar\/sitio\/wp-json\/wp\/v2\/pages\/1100\/revisions"}],"predecessor-version":[{"id":3287,"href":"https:\/\/spangenberg-caba.infd.edu.ar\/sitio\/wp-json\/wp\/v2\/pages\/1100\/revisions\/3287"}],"wp:featuredmedia":[{"embeddable":true,"href":"https:\/\/spangenberg-caba.infd.edu.ar\/sitio\/wp-json\/wp\/v2\/media\/1304"}],"wp:attachment":[{"href":"https:\/\/spangenberg-caba.infd.edu.ar\/sitio\/wp-json\/wp\/v2\/media?parent=1100"}],"curies":[{"name":"wp","href":"https:\/\/api.w.org\/{rel}","templated":true}]}}