{"id":1139,"date":"2018-08-29T14:15:01","date_gmt":"2018-08-29T17:15:01","guid":{"rendered":"https:\/\/spangenberg-caba.infd.edu.ar\/sitio\/bilinguismo\/"},"modified":"2021-11-23T17:32:43","modified_gmt":"2021-11-23T20:32:43","slug":"bilinguismo","status":"publish","type":"page","link":"https:\/\/spangenberg-caba.infd.edu.ar\/sitio\/bilinguismo\/","title":{"rendered":"Biling\u00fcismo"},"content":{"rendered":"<p style=\"text-align: right;\"><em><span style=\"font-family: trebuchet ms,geneva; font-size: 10pt;\">Texto entregado en reuni\u00f3n informativa a padres<\/span><\/em><\/p>\n<p><span style=\"font-family: trebuchet ms,geneva; font-size: 12pt;\"><strong>La NES (Nueva Escuela Secundaria)<\/strong><\/span><\/p>\n<p><span style=\"font-family: trebuchet ms,geneva; font-size: 12pt;\">El Dise\u00f1o Curricular de la Ciudad Aut\u00f3noma de Buenos Aires propone una estructura apta para que los estudiantes desarrollen un aprendizaje aut\u00e9ntico con los conocimientos, actitudes, valores y habilidades que el siglo XXI plantea.<\/span><\/p>\n<p><span style=\"font-family: trebuchet ms,geneva; font-size: 12pt;\">En este sentido considera que las Lenguas Adicionales son clave en los procesos de socializaci\u00f3n, integraci\u00f3n e inclusi\u00f3n social y en el desarrollo cognitivo, educativo y acad\u00e9mico conforme la Ley de Educaci\u00f3n Nacional N\u00ba 26.206, art. 87; la Resoluci\u00f3n del CFE N\u00ba 191\/12, la Resoluci\u00f3n del CFE N\u00ba 181\/12, la Ley 26.468\/09 y la Resoluci\u00f3n N\u00ba 260 MEGC\/01.<\/span><\/p>\n<p><span style=\"font-family: trebuchet ms,geneva; font-size: 12pt;\">Es por ello que las modalidades del trayecto formativo en Lenguas Adicionales pueden dividirse en: Educaci\u00f3n Biling\u00fce, Intensificaci\u00f3n en Lengua Adicional, Especializaci\u00f3n en Lengua y Cultura y Complementaria con competencias en una o m\u00e1s Lenguas Adicionales.<\/span><\/p>\n<p><span style=\"font-family: trebuchet ms,geneva; font-size: 12pt;\"><strong>Nuestro nivel secundario<\/strong><\/span><\/p>\n<p><span style=\"font-family: trebuchet ms,geneva; font-size: 12pt;\">El Nivel Medio de la ENS en Lenguas Vivas N\u00ba1 \u201cRoque S\u00e1enz Pe\u00f1a\u201d, la ENS en Lenguas Vivas \u201cSof\u00eda B. de Spangerberg\u201d y el IES en Lenguas Vivas \u201cJuan Ram\u00f3n Fern\u00e1ndez\u201d son la \u00fanicas instituciones de gesti\u00f3n estatal que ofrecen Educaci\u00f3n Biling\u00fce e Intensificaci\u00f3n en Lengua Adicional con competencias en una Lengua Adicional. En este \u00faltimo caso los alumnos de nuestra escuela y de la ENS N\u00ba 1 tambi\u00e9n podr\u00e1n acceder a cursar el Bachillerato Internacional.<\/span><\/p>\n<p><span style=\"font-family: trebuchet ms,geneva; font-size: 12pt;\"><strong>C\u00f3mo se organiza la secci\u00f3n biling\u00fce en primer a\u00f1o<\/strong><\/span><\/p>\n<p><span style=\"font-family: trebuchet ms,geneva; font-size: 12pt;\">Los alumnos cursar\u00e1n en jornada completa. Tendr\u00e1n las mismas asignaturas del Ciclo B\u00e1sico de todos los Bachilleratos de la CABA considerando que por ser Lenguas Vivas tendr\u00e1n 7 horas de Lengua Adicional\u00a0 Ingl\u00e9s \u00a0en lugar de 4. \u00a0Como el Biling\u00fcismo se cursa en ingl\u00e9s, los alumnos tendr\u00e1n una carga horaria adicional en esta lengua de:<\/span><\/p>\n<ul>\n<li><span style=\"font-family: trebuchet ms,geneva; font-size: 12pt;\">Discursos est\u00e9ticos: 3 horas<\/span><\/li>\n<li><span style=\"font-family: trebuchet ms,geneva; font-size: 12pt;\">Espacio de Integraci\u00f3n Curricular (EDIC): 3 horas<\/span><\/li>\n<li><span style=\"font-family: trebuchet ms,geneva; font-size: 12pt;\">TIC en ingl\u00e9s: 2 horas<\/span><\/li>\n<li><span style=\"font-family: trebuchet ms,geneva; font-size: 12pt;\">Materia curricular biling\u00fce: 4 horas. En primer a\u00f1o es Historia.<\/span><\/li>\n<\/ul>\n<p><span style=\"font-family: trebuchet ms,geneva; font-size: 12pt;\">Se agrega tambi\u00e9n una Segunda Lengua Adicional, Franc\u00e9s, de 7 horas c\u00e1tedra.<\/span><\/p>\n<ul>\n<li><strong style=\"font-family: 'trebuchet ms', geneva; font-size: 12pt;\">Requisitos de acceso<\/strong><\/li>\n<\/ul>\n<div>\u00a0\u00a0Todos\/as los\/as interesados\/as tendr\u00e1n que redactar una nota dirigida a la rectora (Prof. Sonia Schr\u00f6der) en el mes de diciembre al siguiente mail<\/div>\n<div>\u00a0<a href=\"mailto:enslvsebs-rectorado@bue.edu.ar\" target=\"_blank\" rel=\"noopener\">enslvsebs-rectorado@bue.edu.<wbr \/>ar<\/a><\/div>\n<div>\u00a0 \u00a0 Dado que el biling\u00fcismo es en ingl\u00e9s los\/as estudiantes que hayan cursado la primaria en nuestra instituci\u00f3n con idioma franc\u00e9s y deseen cursar en esa divisi\u00f3n deber\u00e1n rendir un examen de aptitud en ingl\u00e9s que ser\u00e1 en la fecha de examen de ingreso en el mes de septiembre.<\/div>\n","protected":false},"excerpt":{"rendered":"<p>Texto entregado en reuni\u00f3n informativa a padres La NES (Nueva Escuela Secundaria) El Dise\u00f1o Curricular de la Ciudad Aut\u00f3noma de Buenos Aires propone una estructura apta para que los estudiantes desarrollen un aprendizaje aut\u00e9ntico con los conocimientos, actitudes, valores y habilidades que el siglo XXI plantea. En este sentido considera que las Lenguas Adicionales son &#8230; <a title=\"Biling\u00fcismo\" class=\"read-more\" href=\"https:\/\/spangenberg-caba.infd.edu.ar\/sitio\/bilinguismo\/\" aria-label=\"More on Biling\u00fcismo\">[+]<\/a><\/p>\n","protected":false},"author":91,"featured_media":0,"parent":0,"menu_order":0,"comment_status":"closed","ping_status":"closed","template":"","meta":[],"acf":[],"_links":{"self":[{"href":"https:\/\/spangenberg-caba.infd.edu.ar\/sitio\/wp-json\/wp\/v2\/pages\/1139"}],"collection":[{"href":"https:\/\/spangenberg-caba.infd.edu.ar\/sitio\/wp-json\/wp\/v2\/pages"}],"about":[{"href":"https:\/\/spangenberg-caba.infd.edu.ar\/sitio\/wp-json\/wp\/v2\/types\/page"}],"author":[{"embeddable":true,"href":"https:\/\/spangenberg-caba.infd.edu.ar\/sitio\/wp-json\/wp\/v2\/users\/91"}],"replies":[{"embeddable":true,"href":"https:\/\/spangenberg-caba.infd.edu.ar\/sitio\/wp-json\/wp\/v2\/comments?post=1139"}],"version-history":[{"count":2,"href":"https:\/\/spangenberg-caba.infd.edu.ar\/sitio\/wp-json\/wp\/v2\/pages\/1139\/revisions"}],"predecessor-version":[{"id":2801,"href":"https:\/\/spangenberg-caba.infd.edu.ar\/sitio\/wp-json\/wp\/v2\/pages\/1139\/revisions\/2801"}],"wp:attachment":[{"href":"https:\/\/spangenberg-caba.infd.edu.ar\/sitio\/wp-json\/wp\/v2\/media?parent=1139"}],"curies":[{"name":"wp","href":"https:\/\/api.w.org\/{rel}","templated":true}]}}