{"id":1154,"date":"2018-08-29T14:15:09","date_gmt":"2018-08-29T17:15:09","guid":{"rendered":"https:\/\/spangenberg-caba.infd.edu.ar\/sitio\/revista-lusofia\/"},"modified":"2024-04-17T14:18:41","modified_gmt":"2024-04-17T17:18:41","slug":"revista-lusofia","status":"publish","type":"page","link":"https:\/\/spangenberg-caba.infd.edu.ar\/sitio\/revista-lusofia\/","title":{"rendered":"Revista LuSofia"},"content":{"rendered":"<div class=\"wp-block-image\">\n<figure class=\"aligncenter size-full\"><img decoding=\"async\" loading=\"lazy\" width=\"567\" height=\"165\" src=\"https:\/\/spangenberg-caba.infd.edu.ar\/sitio\/wp-content\/uploads\/2024\/04\/Captura-de-pantalla-2024-04-17-141641.png\" alt=\"\" class=\"wp-image-3354\"\/><\/figure><\/div>\n\n<p><span style=\"font-family: 'trebuchet ms', geneva; font-size: 12pt;\">La revista LuSof\u00eda es un emprendimiento ya hist\u00f3rico del Profesorado de Portugu\u00e9s de nuestro nivel terciario. Hace muchos a\u00f1os que funciona y se trata de una producci\u00f3n acad\u00e9mica colaborativa con art\u00edculos e investigaciones de inter\u00e9s para la ense\u00f1anza del Portugu\u00e9s como lengua extranjera. <\/span><span style=\"font-family: 'trebuchet ms', geneva; font-size: 12pt;\">El lanzamiento del primer n\u00famero se realiz\u00f3 en la celebraci\u00f3n del D\u00eda del Traductor y del D\u00eda del Profesor el jueves 13 de octubre de 2016.<\/span><\/p>\n<p><span style=\"font-family: 'trebuchet ms', geneva; font-size: 12pt;\">Los invitamos a visitar su sitio: <a href=\"https:\/\/revistalusofia.wixsite.com\/lusofia\"><b>LuSofia<\/b><\/a><\/span><\/p>\n\n\n<figure class=\"wp-block-image alignwide size-large\"><img decoding=\"async\" loading=\"lazy\" width=\"959\" height=\"542\" src=\"https:\/\/spangenberg-caba.infd.edu.ar\/sitio\/wp-content\/uploads\/2021\/12\/lusofia.png\" alt=\"\" class=\"wp-image-2818\" srcset=\"https:\/\/spangenberg-caba.infd.edu.ar\/sitio\/wp-content\/uploads\/2021\/12\/lusofia.png 959w, https:\/\/spangenberg-caba.infd.edu.ar\/sitio\/wp-content\/uploads\/2021\/12\/lusofia-768x434.png 768w\" sizes=\"(max-width: 959px) 100vw, 959px\" \/><\/figure>\n","protected":false},"excerpt":{"rendered":"<p>La revista LuSof\u00eda es un emprendimiento ya hist\u00f3rico del Profesorado de Portugu\u00e9s de nuestro nivel terciario. Hace muchos a\u00f1os que funciona y se trata de una producci\u00f3n acad\u00e9mica colaborativa con art\u00edculos e investigaciones de inter\u00e9s para la ense\u00f1anza del Portugu\u00e9s como lengua extranjera. El lanzamiento del primer n\u00famero se realiz\u00f3 en la celebraci\u00f3n del D\u00eda &#8230; <a title=\"Revista LuSofia\" class=\"read-more\" href=\"https:\/\/spangenberg-caba.infd.edu.ar\/sitio\/revista-lusofia\/\" aria-label=\"More on Revista LuSofia\">[+]<\/a><\/p>\n","protected":false},"author":91,"featured_media":0,"parent":0,"menu_order":0,"comment_status":"closed","ping_status":"closed","template":"","meta":[],"acf":[],"_links":{"self":[{"href":"https:\/\/spangenberg-caba.infd.edu.ar\/sitio\/wp-json\/wp\/v2\/pages\/1154"}],"collection":[{"href":"https:\/\/spangenberg-caba.infd.edu.ar\/sitio\/wp-json\/wp\/v2\/pages"}],"about":[{"href":"https:\/\/spangenberg-caba.infd.edu.ar\/sitio\/wp-json\/wp\/v2\/types\/page"}],"author":[{"embeddable":true,"href":"https:\/\/spangenberg-caba.infd.edu.ar\/sitio\/wp-json\/wp\/v2\/users\/91"}],"replies":[{"embeddable":true,"href":"https:\/\/spangenberg-caba.infd.edu.ar\/sitio\/wp-json\/wp\/v2\/comments?post=1154"}],"version-history":[{"count":8,"href":"https:\/\/spangenberg-caba.infd.edu.ar\/sitio\/wp-json\/wp\/v2\/pages\/1154\/revisions"}],"predecessor-version":[{"id":3356,"href":"https:\/\/spangenberg-caba.infd.edu.ar\/sitio\/wp-json\/wp\/v2\/pages\/1154\/revisions\/3356"}],"wp:attachment":[{"href":"https:\/\/spangenberg-caba.infd.edu.ar\/sitio\/wp-json\/wp\/v2\/media?parent=1154"}],"curies":[{"name":"wp","href":"https:\/\/api.w.org\/{rel}","templated":true}]}}