{"id":1169,"date":"2018-08-29T14:15:15","date_gmt":"2018-08-29T17:15:15","guid":{"rendered":"https:\/\/spangenberg-caba.infd.edu.ar\/sitio\/profesorados-de-portugues\/"},"modified":"2024-04-26T11:50:32","modified_gmt":"2024-04-26T14:50:32","slug":"profesorados-de-portugues","status":"publish","type":"page","link":"https:\/\/spangenberg-caba.infd.edu.ar\/sitio\/profesorados-de-portugues\/","title":{"rendered":"Profesorado de Portugu\u00e9s"},"content":{"rendered":"\n<p>El Profesorado de Portugu\u00e9s que se dicta en nuestra instituci\u00f3n forma docentes de portugu\u00e9s con habilitaci\u00f3n para ense\u00f1ar en todos los niveles del sistema educativo: inicial, primaria y secundaria (plan de 4 a\u00f1os) y tambi\u00e9n nivel superior (plan de 5 a\u00f1os). Todos nuestros Planes de Estudio cuentan con validez nacional.<\/p>\n\n\n\n<p>El plan de estudios de 4 a\u00f1os cuenta con&nbsp;49 materias (13 anuales, 36 cuatrimestrales)&nbsp;y habilita para le ense\u00f1anza en el nivel inicial, primario y secundario.&nbsp; El plan de estudios de 5 a\u00f1os cuenta con&nbsp;55 materias (13 anuales y 42 cuatrimestrales)&nbsp;y habilita para la ense\u00f1anza de los tres niveles anteriores y adem\u00e1s el nivel superior.<\/p>\n\n\n\n<p>Para m\u00e1s informaci\u00f3n sobre los Planes de Estudio, las caracter\u00edsticas de la carrera, el sistema de correlatividades, los campos en los que se divide, hagan click <a href=\"https:\/\/sites.google.com\/view\/terciariolenguitas\/carreras\/profesorado-de-portugu%C3%A9s?authuser=0\">ac\u00e1<\/a> <\/p>\n\n\n\n<hr class=\"wp-block-separator has-css-opacity\"\/>\n","protected":false},"excerpt":{"rendered":"<p>El Profesorado de Portugu\u00e9s que se dicta en nuestra instituci\u00f3n forma docentes de portugu\u00e9s con habilitaci\u00f3n para ense\u00f1ar en todos los niveles del sistema educativo: inicial, primaria y secundaria (plan de 4 a\u00f1os) y tambi\u00e9n nivel superior (plan de 5 a\u00f1os). Todos nuestros Planes de Estudio cuentan con validez nacional. El plan de estudios de &#8230; <a title=\"Profesorado de Portugu\u00e9s\" class=\"read-more\" href=\"https:\/\/spangenberg-caba.infd.edu.ar\/sitio\/profesorados-de-portugues\/\" aria-label=\"More on Profesorado de Portugu\u00e9s\">[+]<\/a><\/p>\n","protected":false},"author":91,"featured_media":0,"parent":0,"menu_order":0,"comment_status":"closed","ping_status":"closed","template":"","meta":[],"acf":[],"_links":{"self":[{"href":"https:\/\/spangenberg-caba.infd.edu.ar\/sitio\/wp-json\/wp\/v2\/pages\/1169"}],"collection":[{"href":"https:\/\/spangenberg-caba.infd.edu.ar\/sitio\/wp-json\/wp\/v2\/pages"}],"about":[{"href":"https:\/\/spangenberg-caba.infd.edu.ar\/sitio\/wp-json\/wp\/v2\/types\/page"}],"author":[{"embeddable":true,"href":"https:\/\/spangenberg-caba.infd.edu.ar\/sitio\/wp-json\/wp\/v2\/users\/91"}],"replies":[{"embeddable":true,"href":"https:\/\/spangenberg-caba.infd.edu.ar\/sitio\/wp-json\/wp\/v2\/comments?post=1169"}],"version-history":[{"count":15,"href":"https:\/\/spangenberg-caba.infd.edu.ar\/sitio\/wp-json\/wp\/v2\/pages\/1169\/revisions"}],"predecessor-version":[{"id":3435,"href":"https:\/\/spangenberg-caba.infd.edu.ar\/sitio\/wp-json\/wp\/v2\/pages\/1169\/revisions\/3435"}],"wp:attachment":[{"href":"https:\/\/spangenberg-caba.infd.edu.ar\/sitio\/wp-json\/wp\/v2\/media?parent=1169"}],"curies":[{"name":"wp","href":"https:\/\/api.w.org\/{rel}","templated":true}]}}