{"id":1253,"date":"2019-03-17T22:38:55","date_gmt":"2019-03-18T01:38:55","guid":{"rendered":"https:\/\/spangenberg-caba.infd.edu.ar\/sitio\/?page_id=1253"},"modified":"2025-03-20T13:53:19","modified_gmt":"2025-03-20T16:53:19","slug":"asociacion-cooperadora","status":"publish","type":"page","link":"https:\/\/spangenberg-caba.infd.edu.ar\/sitio\/asociacion-cooperadora\/","title":{"rendered":"Asociaci\u00f3n Cooperadora"},"content":{"rendered":"\n<figure class=\"wp-block-embed is-type-video is-provider-youtube wp-block-embed-youtube wp-embed-aspect-16-9 wp-has-aspect-ratio\"><div class=\"wp-block-embed__wrapper\">\n<iframe loading=\"lazy\" title=\"ASAMBLEA GENERAL ORDINARIA DE NUESTRA ASOCIACI\u00d3N COOPERADORA\" width=\"1200\" height=\"675\" src=\"https:\/\/www.youtube.com\/embed\/3_-Qsoynb1Y?feature=oembed\" frameborder=\"0\" allow=\"accelerometer; autoplay; clipboard-write; encrypted-media; gyroscope; picture-in-picture; web-share\" referrerpolicy=\"strict-origin-when-cross-origin\" allowfullscreen><\/iframe>\n<\/div><\/figure>\n\n\n\n<p>Ante cualquier duda o consulta, comunicarse con la Asociaci\u00f3n Cooperadora:&nbsp;<a href=\"http:\/\/cooplenguitas\/\" data-type=\"URL\" data-id=\"@CoopLenguitas\">@CoopLenguitas<\/a>,&nbsp;<a href=\"mailto:cooplenguitas@gmail.com\">cooplenguitas@gmail.com<\/a><\/p>\n\n\n\n<figure class=\"wp-block-image\"><img decoding=\"async\" loading=\"lazy\" width=\"1000\" height=\"832\" src=\"https:\/\/spangenberg-caba.infd.edu.ar\/sitio\/wp-content\/uploads\/2024\/03\/Instructivo-transferencias-2022-2-1-1000x832.jpeg\" alt=\"\" class=\"wp-image-3072\" srcset=\"https:\/\/spangenberg-caba.infd.edu.ar\/sitio\/wp-content\/uploads\/2024\/03\/Instructivo-transferencias-2022-2-1-1000x832.jpeg 1000w, https:\/\/spangenberg-caba.infd.edu.ar\/sitio\/wp-content\/uploads\/2024\/03\/Instructivo-transferencias-2022-2-1-768x639.jpeg 768w, https:\/\/spangenberg-caba.infd.edu.ar\/sitio\/wp-content\/uploads\/2024\/03\/Instructivo-transferencias-2022-2-1.jpeg 1080w\" sizes=\"(max-width: 1000px) 100vw, 1000px\" \/><\/figure>\n\n\n\n<p class=\"has-text-align-center\"><\/p>\n\n\n\n<p class=\"has-text-align-center\">Para cualquier consulta pod\u00e9s contactarte a trav\u00e9s de esta <strong>direcci\u00f3n de correo<\/strong>: <a href=\"mailto:cooplenguitas@gmail.com\">cooplenguitas@gmail.com<\/a><\/p>\n\n\n\n<p class=\"has-text-align-center\">o a conocernos mediante la p\u00e1gina de<strong> Facebook<\/strong>&nbsp;&nbsp;<a href=\"https:\/\/es-la.facebook.com\/cooperadora.lenguitas\/\">https:\/\/es-la.facebook.com\/cooperadora.lenguitas\/<\/a><\/p>\n","protected":false},"excerpt":{"rendered":"<p>Ante cualquier duda o consulta, comunicarse con la Asociaci\u00f3n Cooperadora:&nbsp;@CoopLenguitas,&nbsp;cooplenguitas@gmail.com Para cualquier consulta pod\u00e9s contactarte a trav\u00e9s de esta direcci\u00f3n de correo: cooplenguitas@gmail.com o a conocernos mediante la p\u00e1gina de Facebook&nbsp;&nbsp;https:\/\/es-la.facebook.com\/cooperadora.lenguitas\/<\/p>\n","protected":false},"author":1112,"featured_media":0,"parent":0,"menu_order":0,"comment_status":"closed","ping_status":"closed","template":"","meta":[],"acf":[],"_links":{"self":[{"href":"https:\/\/spangenberg-caba.infd.edu.ar\/sitio\/wp-json\/wp\/v2\/pages\/1253"}],"collection":[{"href":"https:\/\/spangenberg-caba.infd.edu.ar\/sitio\/wp-json\/wp\/v2\/pages"}],"about":[{"href":"https:\/\/spangenberg-caba.infd.edu.ar\/sitio\/wp-json\/wp\/v2\/types\/page"}],"author":[{"embeddable":true,"href":"https:\/\/spangenberg-caba.infd.edu.ar\/sitio\/wp-json\/wp\/v2\/users\/1112"}],"replies":[{"embeddable":true,"href":"https:\/\/spangenberg-caba.infd.edu.ar\/sitio\/wp-json\/wp\/v2\/comments?post=1253"}],"version-history":[{"count":13,"href":"https:\/\/spangenberg-caba.infd.edu.ar\/sitio\/wp-json\/wp\/v2\/pages\/1253\/revisions"}],"predecessor-version":[{"id":3814,"href":"https:\/\/spangenberg-caba.infd.edu.ar\/sitio\/wp-json\/wp\/v2\/pages\/1253\/revisions\/3814"}],"wp:attachment":[{"href":"https:\/\/spangenberg-caba.infd.edu.ar\/sitio\/wp-json\/wp\/v2\/media?parent=1253"}],"curies":[{"name":"wp","href":"https:\/\/api.w.org\/{rel}","templated":true}]}}