{"id":1303,"date":"2019-03-17T23:07:29","date_gmt":"2019-03-18T02:07:29","guid":{"rendered":"https:\/\/spangenberg-caba.infd.edu.ar\/sitio\/?page_id=1303"},"modified":"2023-12-21T17:00:54","modified_gmt":"2023-12-21T20:00:54","slug":"blog-del-nivel-terciario","status":"publish","type":"page","link":"https:\/\/spangenberg-caba.infd.edu.ar\/sitio\/blog-del-nivel-terciario\/","title":{"rendered":"WEB del Nivel Terciario"},"content":{"rendered":"<p><img decoding=\"async\" loading=\"lazy\" class=\"size-medium wp-image-1319\" src=\"https:\/\/spangenberg-caba.infd.edu.ar\/sitio\/wp-content\/uploads\/2019\/03\/Terciario02-1000x565.jpg\" alt=\"\" width=\"1000\" height=\"565\" srcset=\"https:\/\/spangenberg-caba.infd.edu.ar\/sitio\/wp-content\/uploads\/2019\/03\/Terciario02-1000x565.jpg 1000w, https:\/\/spangenberg-caba.infd.edu.ar\/sitio\/wp-content\/uploads\/2019\/03\/Terciario02-768x434.jpg 768w, https:\/\/spangenberg-caba.infd.edu.ar\/sitio\/wp-content\/uploads\/2019\/03\/Terciario02-1900x1073.jpg 1900w\" sizes=\"(max-width: 1000px) 100vw, 1000px\" \/><\/p>\n<p><span style=\"font-size: 16px;\">Nuestro <\/span><strong style=\"font-size: 16px;\">Nivel Terciario<\/strong><span style=\"font-size: 16px;\"> cuenta con una nueva web muy completa. All\u00ed las y los estudiantes pueden inscribirse a ex\u00e1menes e instancias curriculares diversas, recibir informaci\u00f3n, etc. Pueden acceder, haciendo click <a href=\"https:\/\/sites.google.com\/view\/terciariolenguitas\/institucional\/el-leng%C3%BCitas\">ac\u00e1<\/a><\/span><\/p>\n<p>\u00a1Los esperamos!<\/p>\n","protected":false},"excerpt":{"rendered":"<p>Nuestro Nivel Terciario cuenta con una nueva web muy completa. All\u00ed las y los estudiantes pueden inscribirse a ex\u00e1menes e instancias curriculares diversas, recibir informaci\u00f3n, etc. Pueden acceder, haciendo click ac\u00e1 \u00a1Los esperamos!<\/p>\n","protected":false},"author":1112,"featured_media":0,"parent":0,"menu_order":0,"comment_status":"closed","ping_status":"closed","template":"","meta":[],"acf":[],"_links":{"self":[{"href":"https:\/\/spangenberg-caba.infd.edu.ar\/sitio\/wp-json\/wp\/v2\/pages\/1303"}],"collection":[{"href":"https:\/\/spangenberg-caba.infd.edu.ar\/sitio\/wp-json\/wp\/v2\/pages"}],"about":[{"href":"https:\/\/spangenberg-caba.infd.edu.ar\/sitio\/wp-json\/wp\/v2\/types\/page"}],"author":[{"embeddable":true,"href":"https:\/\/spangenberg-caba.infd.edu.ar\/sitio\/wp-json\/wp\/v2\/users\/1112"}],"replies":[{"embeddable":true,"href":"https:\/\/spangenberg-caba.infd.edu.ar\/sitio\/wp-json\/wp\/v2\/comments?post=1303"}],"version-history":[{"count":3,"href":"https:\/\/spangenberg-caba.infd.edu.ar\/sitio\/wp-json\/wp\/v2\/pages\/1303\/revisions"}],"predecessor-version":[{"id":3044,"href":"https:\/\/spangenberg-caba.infd.edu.ar\/sitio\/wp-json\/wp\/v2\/pages\/1303\/revisions\/3044"}],"wp:attachment":[{"href":"https:\/\/spangenberg-caba.infd.edu.ar\/sitio\/wp-json\/wp\/v2\/media?parent=1303"}],"curies":[{"name":"wp","href":"https:\/\/api.w.org\/{rel}","templated":true}]}}