{"id":1561,"date":"2019-05-22T16:54:57","date_gmt":"2019-05-22T19:54:57","guid":{"rendered":"https:\/\/spangenberg-caba.infd.edu.ar\/sitio\/?page_id=1561"},"modified":"2019-11-05T08:33:54","modified_gmt":"2019-11-05T11:33:54","slug":"jornada-extendida","status":"publish","type":"page","link":"https:\/\/spangenberg-caba.infd.edu.ar\/sitio\/jornada-extendida\/","title":{"rendered":"Jornada Extendida"},"content":{"rendered":"<p><img decoding=\"async\" loading=\"lazy\" class=\" wp-image-1620 aligncenter\" src=\"https:\/\/spangenberg-caba.infd.edu.ar\/sitio\/wp-content\/uploads\/2019\/05\/ext.jpg\" alt=\"\" width=\"286\" height=\"111\" \/><\/p>\n<p>El Programa Ministerial Jornada Extendida se desprende de la Ley Educativa Nacional 26.206 aprobada por el Congreso Nacional en el a\u00f1o 2006 y se implementa en la Ciudad Aut\u00f3noma de Buenos Aires en el a\u00f1o 2016.<\/p>\n<p>La principal finalidad del programa, destinado a lo\/as alumno\/as de 6to y 7mo grado del ciclo primario y lo\/a s estudiantes de 1ro y 2do a\u00f1o del ciclo secundario, es sostener la trayectoria educativa de los alumno\/as en el pasaje entre la escuela primaria y la secundaria, donde m\u00e1s altos son los indicadores de dificultad y fracaso escolar.<\/p>\n<p>A esta primera instancia se suma la propuesta de ampliar el aprendizaje cl\u00e1sico y formal que reciben lo\/as alumno\/as con toda una serie de habilidades y conocimientos pertenecientes al \u00e1rea Socio Educativa, los cuales resultan extremadamente \u00fatiles en la formaci\u00f3n y en el desarrollo educativo de lo\/as \u00a0ni\u00f1o\/as.<\/p>\n<p>En el Leng\u00fcitas, el Programa Jornada Extendida lleva adelante una propuesta educativa y did\u00e1ctica \u00fanica respeto a todas las dem\u00e1s escuelas primarias: la ense\u00f1anza de los idiomas franc\u00e9s e ingl\u00e9s por medio de la herramienta teatral.<\/p>\n<p>El juego y las din\u00e1micas l\u00fadicas en general son excelentes propuestas desde el punto de vista educativo, ya que permiten un aprendizaje cualitativo y cuantitativo de gran nivel, especialmente en el proceso de adquisici\u00f3n un idioma adicional. Esta uni\u00f3n did\u00e1ctica es la llave que permite abrir la puerta a un aprendizaje m\u00e1s r\u00e1pido, significativo y muy disfrutable por parte de lo\/as estudiantes.<\/p>\n<p>La propuesta educativa de Jornada Extendida en el Leng\u00fcitas se completa con una serie de muestras de los espect\u00e1culos de teatro en franc\u00e9s y en ingl\u00e9s que se ensayan en las actividades del Programa a lo largo del a\u00f1o.<\/p>\n<p>Estas se realizan en distintos lugares y \u00e1mbitos educativos de reconocido nivel en la ense\u00f1anza de los idiomas adicionales, tales como la Alianza Francesa y, a partir de este a\u00f1o lectivo, la Asociaci\u00f3n Argentina de Cultura Inglesa.<\/p>\n<p>Por \u00faltimo, no duden en acercarse por cualquier consulta. Les dejamos, entonces, la invitaci\u00f3n a sumarse al Programa de Jornada Extendida: \u00a1Lo\/as esperamos!<\/p>\n<p><img decoding=\"async\" loading=\"lazy\" class=\"alignnone size-medium wp-image-1621\" src=\"https:\/\/spangenberg-caba.infd.edu.ar\/sitio\/wp-content\/uploads\/2019\/05\/DuJE4xpW0AEwf8k-1000x666.jpeg\" alt=\"\" width=\"1000\" height=\"666\" srcset=\"https:\/\/spangenberg-caba.infd.edu.ar\/sitio\/wp-content\/uploads\/2019\/05\/DuJE4xpW0AEwf8k-1000x666.jpeg 1000w, https:\/\/spangenberg-caba.infd.edu.ar\/sitio\/wp-content\/uploads\/2019\/05\/DuJE4xpW0AEwf8k-768x512.jpeg 768w, https:\/\/spangenberg-caba.infd.edu.ar\/sitio\/wp-content\/uploads\/2019\/05\/DuJE4xpW0AEwf8k.jpeg 1280w\" sizes=\"(max-width: 1000px) 100vw, 1000px\" \/> <img decoding=\"async\" loading=\"lazy\" class=\"alignnone size-medium wp-image-1622\" src=\"https:\/\/spangenberg-caba.infd.edu.ar\/sitio\/wp-content\/uploads\/2019\/05\/DuJE4xYWkAUPfcU-1000x666.jpeg\" alt=\"\" width=\"1000\" height=\"666\" srcset=\"https:\/\/spangenberg-caba.infd.edu.ar\/sitio\/wp-content\/uploads\/2019\/05\/DuJE4xYWkAUPfcU-1000x666.jpeg 1000w, https:\/\/spangenberg-caba.infd.edu.ar\/sitio\/wp-content\/uploads\/2019\/05\/DuJE4xYWkAUPfcU-768x512.jpeg 768w, https:\/\/spangenberg-caba.infd.edu.ar\/sitio\/wp-content\/uploads\/2019\/05\/DuJE4xYWkAUPfcU.jpeg 1280w\" sizes=\"(max-width: 1000px) 100vw, 1000px\" \/> <img decoding=\"async\" loading=\"lazy\" class=\"alignnone size-medium wp-image-1623\" src=\"https:\/\/spangenberg-caba.infd.edu.ar\/sitio\/wp-content\/uploads\/2019\/05\/DuJE4xYWsAATmap-1000x666.jpeg\" alt=\"\" width=\"1000\" height=\"666\" srcset=\"https:\/\/spangenberg-caba.infd.edu.ar\/sitio\/wp-content\/uploads\/2019\/05\/DuJE4xYWsAATmap-1000x666.jpeg 1000w, https:\/\/spangenberg-caba.infd.edu.ar\/sitio\/wp-content\/uploads\/2019\/05\/DuJE4xYWsAATmap-768x512.jpeg 768w, https:\/\/spangenberg-caba.infd.edu.ar\/sitio\/wp-content\/uploads\/2019\/05\/DuJE4xYWsAATmap.jpeg 1280w\" sizes=\"(max-width: 1000px) 100vw, 1000px\" \/> <img decoding=\"async\" loading=\"lazy\" class=\"alignnone size-medium wp-image-1624\" src=\"https:\/\/spangenberg-caba.infd.edu.ar\/sitio\/wp-content\/uploads\/2019\/05\/DuJE6o5WkAA5VoP-1000x666.jpeg\" alt=\"\" width=\"1000\" height=\"666\" srcset=\"https:\/\/spangenberg-caba.infd.edu.ar\/sitio\/wp-content\/uploads\/2019\/05\/DuJE6o5WkAA5VoP-1000x666.jpeg 1000w, https:\/\/spangenberg-caba.infd.edu.ar\/sitio\/wp-content\/uploads\/2019\/05\/DuJE6o5WkAA5VoP-768x512.jpeg 768w, https:\/\/spangenberg-caba.infd.edu.ar\/sitio\/wp-content\/uploads\/2019\/05\/DuJE6o5WkAA5VoP.jpeg 1280w\" sizes=\"(max-width: 1000px) 100vw, 1000px\" \/><\/p>\n<h3>Jornada Extendida \u00bb Leng\u00fcitas \u00e1rea Primaria \u00bb Escuela Abierta \u00bb Espect\u00e1culo teatral en idioma franc\u00e9s<\/h3>\n<p><img decoding=\"async\" loading=\"lazy\" class=\"alignnone size-medium wp-image-1828\" src=\"https:\/\/spangenberg-caba.infd.edu.ar\/sitio\/wp-content\/uploads\/2019\/11\/uno-626x1000.jpg\" alt=\"\" width=\"626\" height=\"1000\" srcset=\"https:\/\/spangenberg-caba.infd.edu.ar\/sitio\/wp-content\/uploads\/2019\/11\/uno-626x1000.jpg 626w, https:\/\/spangenberg-caba.infd.edu.ar\/sitio\/wp-content\/uploads\/2019\/11\/uno-768x1227.jpg 768w, https:\/\/spangenberg-caba.infd.edu.ar\/sitio\/wp-content\/uploads\/2019\/11\/uno.jpg 801w\" sizes=\"(max-width: 626px) 100vw, 626px\" \/><\/p>\n<h3>Jornada Extendida \u00bb Leng\u00fcitas \u00e1rea Primaria \u00bb Escuela Abierta \u00bb Espect\u00e1culo teatral en idioma ingl\u00e9s<\/h3>\n<p><img decoding=\"async\" loading=\"lazy\" class=\"alignnone size-medium wp-image-1829\" src=\"https:\/\/spangenberg-caba.infd.edu.ar\/sitio\/wp-content\/uploads\/2019\/11\/dos-626x1000.jpg\" alt=\"\" width=\"626\" height=\"1000\" srcset=\"https:\/\/spangenberg-caba.infd.edu.ar\/sitio\/wp-content\/uploads\/2019\/11\/dos-626x1000.jpg 626w, https:\/\/spangenberg-caba.infd.edu.ar\/sitio\/wp-content\/uploads\/2019\/11\/dos-768x1227.jpg 768w, https:\/\/spangenberg-caba.infd.edu.ar\/sitio\/wp-content\/uploads\/2019\/11\/dos.jpg 801w\" sizes=\"(max-width: 626px) 100vw, 626px\" \/><\/p>\n","protected":false},"excerpt":{"rendered":"<p>El Programa Ministerial Jornada Extendida se desprende de la Ley Educativa Nacional 26.206 aprobada por el Congreso Nacional en el a\u00f1o 2006 y se implementa en la Ciudad Aut\u00f3noma de Buenos Aires en el a\u00f1o 2016. La principal finalidad del programa, destinado a lo\/as alumno\/as de 6to y 7mo grado del ciclo primario y lo\/a &#8230; <a title=\"Jornada Extendida\" class=\"read-more\" href=\"https:\/\/spangenberg-caba.infd.edu.ar\/sitio\/jornada-extendida\/\" aria-label=\"More on Jornada Extendida\">[+]<\/a><\/p>\n","protected":false},"author":1112,"featured_media":0,"parent":0,"menu_order":0,"comment_status":"closed","ping_status":"closed","template":"","meta":[],"acf":[],"_links":{"self":[{"href":"https:\/\/spangenberg-caba.infd.edu.ar\/sitio\/wp-json\/wp\/v2\/pages\/1561"}],"collection":[{"href":"https:\/\/spangenberg-caba.infd.edu.ar\/sitio\/wp-json\/wp\/v2\/pages"}],"about":[{"href":"https:\/\/spangenberg-caba.infd.edu.ar\/sitio\/wp-json\/wp\/v2\/types\/page"}],"author":[{"embeddable":true,"href":"https:\/\/spangenberg-caba.infd.edu.ar\/sitio\/wp-json\/wp\/v2\/users\/1112"}],"replies":[{"embeddable":true,"href":"https:\/\/spangenberg-caba.infd.edu.ar\/sitio\/wp-json\/wp\/v2\/comments?post=1561"}],"version-history":[{"count":4,"href":"https:\/\/spangenberg-caba.infd.edu.ar\/sitio\/wp-json\/wp\/v2\/pages\/1561\/revisions"}],"predecessor-version":[{"id":1834,"href":"https:\/\/spangenberg-caba.infd.edu.ar\/sitio\/wp-json\/wp\/v2\/pages\/1561\/revisions\/1834"}],"wp:attachment":[{"href":"https:\/\/spangenberg-caba.infd.edu.ar\/sitio\/wp-json\/wp\/v2\/media?parent=1561"}],"curies":[{"name":"wp","href":"https:\/\/api.w.org\/{rel}","templated":true}]}}