{"id":1599,"date":"2019-05-18T18:28:41","date_gmt":"2019-05-18T21:28:41","guid":{"rendered":"https:\/\/spangenberg-caba.infd.edu.ar\/sitio\/?page_id=1599"},"modified":"2019-05-18T18:28:41","modified_gmt":"2019-05-18T21:28:41","slug":"politicas-de-admision-2","status":"publish","type":"page","link":"https:\/\/spangenberg-caba.infd.edu.ar\/sitio\/politicas-de-admision-2\/","title":{"rendered":"Pol\u00edticas de Admisi\u00f3n"},"content":{"rendered":"<h2>POL\u00cdTICA DE ADMISI\u00d3N<\/h2>\n<p>Nuestra escuela es una Escuela p\u00fablica, la cual depende del gobierno de la Ciudad Aut\u00f3noma de Buenos Aires.<\/p>\n<p>Para ingresar al nivel secundario la escuela tiene un examen de ingreso en idioma, el<br \/>\ncual puede ser ingl\u00e9s o franc\u00e9s.<\/p>\n<p>Para esta instancia los aspirantes a las vacantes resultan pudiendo acceder muy<br \/>\npocos, ya que al tratarse de una escuela donde existen nivel inicial y primario, se<br \/>\nguardan vacantes a alumnos que promuevan sus estudios primarios en la escuela.<br \/>\nA su vez para acceder al nivel inicial los padres deben inscribir a sus hijos en l\u00ednea<br \/>\ndonde se tomar\u00e1 en cuenta entre varios factores cercan\u00edas a la escuela, si posee<br \/>\nhermanos mayores en la escuela, o si tiene padres trabajando en la escuela.<\/p>\n<p>Cuando los estudiantes se encuentran en segundo a\u00f1o de su cursada secundaria, el<br \/>\nDepartamento de Orientaci\u00f3n Escolar se ocupa de organizar charlas con alumnos y<br \/>\npadres donde se les presenta las diferentes orientaciones para elegir en los a\u00f1os<br \/>\nsiguientes.<\/p>\n<p>Estas orientaciones son bachillerato en ciencias naturales, bachillerato en ciencias<br \/>\nsociales, bachillerato en lengua y literatura y bachillerato en lenguas, donde este<br \/>\n\u00faltimo se elige al iniciar primer a\u00f1o del nivel.<\/p>\n<p>En el caso del Programa de Diploma antes de comenzar con el a\u00f1o pr\u00f3ximo se<br \/>\nrealizan adem\u00e1s de las charlas a toda una serie de pasadas por los cursos y otras<br \/>\ncharlas con exalumnos del PD, con alumnos del \u00faltimo a\u00f1o y docentes donde se<br \/>\ncuenta todo el trayecto de cursar el Programa de modo de poder inspirar a los<br \/>\nestudiantes a cursarlo.<\/p>\n<p>Para cursar el PD (Programa de Diploma) se conformar\u00e1 un grupo de estudiantes,<br \/>\nprovenientes de cualquier orientaci\u00f3n, aunque se sugiere que la orientaci\u00f3n elegida<br \/>\ncomo m\u00e1s conveniente es la de ciencias naturales, ya que la misma posee horarios y<br \/>\nestructura disponible para que los estudiantes puedan asistir a los talleres optativos de<br \/>\nextraclases.<\/p>\n<p>De modo que en caso de que cualquier alumno de la orientaci\u00f3n de ciencias naturales,<br \/>\npuede acceder a comenzar a cursar el programa. En cambio, de cualquiera de las<br \/>\notras orientaciones deben cumplir una serie de requisitos que ser\u00e1n evaluados en una<br \/>\nreuni\u00f3n con todos los docentes del programa, m\u00e1s los coordinadores.<\/p>\n<p>Los criterios de selecci\u00f3n a ser tomados en cuenta ser\u00e1n:<\/p>\n<p>&#8211; Un buen rendimiento acad\u00e9mico (Promedio general 7 o m\u00e1s puntos en el \u00faltimo a\u00f1o)<br \/>\n&#8211; Poseer atributos de la comunidad IB (entrevistas personales a cargo de Equipo de Orientaci\u00f3n Escolar)<br \/>\n&#8211; Tener excelente trayectoria en cuanto a las normas de convivencia escolar<br \/>\n&#8211; Intereses, compromiso y participaci\u00f3n en los diferentes talleres de la escuela, incluyendo el proyecto CAS.<\/p>\n","protected":false},"excerpt":{"rendered":"<p>POL\u00cdTICA DE ADMISI\u00d3N Nuestra escuela es una Escuela p\u00fablica, la cual depende del gobierno de la Ciudad Aut\u00f3noma de Buenos Aires. Para ingresar al nivel secundario la escuela tiene un examen de ingreso en idioma, el cual puede ser ingl\u00e9s o franc\u00e9s. Para esta instancia los aspirantes a las vacantes resultan pudiendo acceder muy pocos, &#8230; <a title=\"Pol\u00edticas de Admisi\u00f3n\" class=\"read-more\" href=\"https:\/\/spangenberg-caba.infd.edu.ar\/sitio\/politicas-de-admision-2\/\" aria-label=\"More on Pol\u00edticas de Admisi\u00f3n\">[+]<\/a><\/p>\n","protected":false},"author":855,"featured_media":0,"parent":0,"menu_order":0,"comment_status":"closed","ping_status":"closed","template":"","meta":[],"acf":[],"_links":{"self":[{"href":"https:\/\/spangenberg-caba.infd.edu.ar\/sitio\/wp-json\/wp\/v2\/pages\/1599"}],"collection":[{"href":"https:\/\/spangenberg-caba.infd.edu.ar\/sitio\/wp-json\/wp\/v2\/pages"}],"about":[{"href":"https:\/\/spangenberg-caba.infd.edu.ar\/sitio\/wp-json\/wp\/v2\/types\/page"}],"author":[{"embeddable":true,"href":"https:\/\/spangenberg-caba.infd.edu.ar\/sitio\/wp-json\/wp\/v2\/users\/855"}],"replies":[{"embeddable":true,"href":"https:\/\/spangenberg-caba.infd.edu.ar\/sitio\/wp-json\/wp\/v2\/comments?post=1599"}],"version-history":[{"count":1,"href":"https:\/\/spangenberg-caba.infd.edu.ar\/sitio\/wp-json\/wp\/v2\/pages\/1599\/revisions"}],"predecessor-version":[{"id":1600,"href":"https:\/\/spangenberg-caba.infd.edu.ar\/sitio\/wp-json\/wp\/v2\/pages\/1599\/revisions\/1600"}],"wp:attachment":[{"href":"https:\/\/spangenberg-caba.infd.edu.ar\/sitio\/wp-json\/wp\/v2\/media?parent=1599"}],"curies":[{"name":"wp","href":"https:\/\/api.w.org\/{rel}","templated":true}]}}