{"id":1649,"date":"2019-05-28T10:38:49","date_gmt":"2019-05-28T13:38:49","guid":{"rendered":"https:\/\/spangenberg-caba.infd.edu.ar\/sitio\/?page_id=1649"},"modified":"2019-05-28T10:38:49","modified_gmt":"2019-05-28T13:38:49","slug":"esi-educacion-sexual-integral","status":"publish","type":"page","link":"https:\/\/spangenberg-caba.infd.edu.ar\/sitio\/esi-educacion-sexual-integral\/","title":{"rendered":"ESI &#8211; EDUCACI\u00d3N SEXUAL INTEGRAL"},"content":{"rendered":"<p><img decoding=\"async\" loading=\"lazy\" class=\"wp-image-1651 alignright\" src=\"https:\/\/spangenberg-caba.infd.edu.ar\/sitio\/wp-content\/uploads\/2019\/05\/ESI_logo.png\" alt=\"\" width=\"246\" height=\"224\" \/><\/p>\n<p>Desde la sanci\u00f3n de la\u00a0<a href=\"http:\/\/servicios.infoleg.gob.ar\/infolegInternet\/anexos\/120000-124999\/121222\/norma.htm\">Ley 26.150 de Educaci\u00f3n Sexual Integral<\/a>\u00a0en el a\u00f1o 2006, el Ministerio de Educaci\u00f3n de la Naci\u00f3n viene realizando acciones para su efectivo cumplimiento.<\/p>\n<p>Al comienzo, \u00e9stas tuvieron que ver con cuestiones instituyentes, como la convocatoria a una Comisi\u00f3n Asesora Interdisciplinaria e Intersectorial, la redacci\u00f3n y aprobaci\u00f3n de los Lineamientos Curriculares de Educaci\u00f3n Sexual Integral, y la creaci\u00f3n del Programa Nacional.<\/p>\n<p>A partir del a\u00f1o 2009 se fortalecieron de manera consensuada y federal las l\u00edneas de acci\u00f3n que dan cuenta de las responsabilidades que la ley se\u00f1ala al Ministerio Nacional.<\/p>\n<p>&nbsp;<\/p>\n<p><a href=\"https:\/\/www.argentina.gob.ar\/educacion\/esi\"><img decoding=\"async\" loading=\"lazy\" class=\"wp-image-1652 aligncenter\" src=\"https:\/\/spangenberg-caba.infd.edu.ar\/sitio\/wp-content\/uploads\/2019\/05\/ProgramaLogo-1000x234.png\" alt=\"\" width=\"688\" height=\"161\" srcset=\"https:\/\/spangenberg-caba.infd.edu.ar\/sitio\/wp-content\/uploads\/2019\/05\/ProgramaLogo-1000x234.png 1000w, https:\/\/spangenberg-caba.infd.edu.ar\/sitio\/wp-content\/uploads\/2019\/05\/ProgramaLogo-768x179.png 768w, https:\/\/spangenberg-caba.infd.edu.ar\/sitio\/wp-content\/uploads\/2019\/05\/ProgramaLogo.png 1413w\" sizes=\"(max-width: 688px) 100vw, 688px\" \/><\/a><\/p>\n<p>&nbsp;<\/p>\n<p style=\"font-weight: 400;\"><strong>Resoluci\u00f3n<\/strong><strong>\u00a0340\/18: \u00bfQu\u00e9 se propone<\/strong>?<\/p>\n<p style=\"font-weight: 400;\"><em>Reconociendo y valorando normativas y leyes vigentes (vinculadas a la ESI) y la el abordaje en las diferentes jurisdicciones, profundizar el esfuerzo hasta el momento logrado para efectuar el pleno cumplimiento de los objetivos y fines de la Ley de ESI.<\/em><\/p>\n<p style=\"font-weight: 400;\"><strong>\u00bfC\u00f3mo se lo propone?<\/strong><\/p>\n<p style=\"font-weight: 400;\"><em>Asegurar un espacio espec\u00edfico de ESI en la Formaci\u00f3n Inicial de todos los futuros docentes.<\/em><\/p>\n<p style=\"font-weight: 400;\"><em>Establecer en los planes institucionales el enfoque integral de la ESI ya sea de manera transversal y\/o espec\u00edfica.<\/em><\/p>\n<p style=\"font-weight: 400;\"><em>Promover que en todas las escuelas del pa\u00eds se organice un equipo de docentes referentes de ESI.<\/em><\/p>\n<p style=\"font-weight: 400;\"><em>Incluir contenidos de ESI en los concursos de ascenso conforme la normativa aplicable en cada jurisdicci\u00f3n.<\/em><\/p>\n<p style=\"font-weight: 400;\"><em>Asegurar la realizaci\u00f3n de las jornadas \u201cEducar en Igualdad\u201d.<\/em><\/p>\n<p><strong>Marco Normativo<\/strong><\/p>\n<p><a href=\"https:\/\/drive.google.com\/file\/d\/1nOwspM7flHpBN7UIr1t4EDtAIszcPiB4\/view?usp=sharing\">Ley 26.150 Educaci\u00f3n Sexual Integral<\/a><\/p>\n<p><a href=\"https:\/\/drive.google.com\/file\/d\/0B1Rd5rl9OMeQZl9CNkdteXFvQTlDMDRFa1daS051eWx6cEI0\/view?usp=sharing\">Resoluci\u00f3n 340\/18<\/a><\/p>\n<p><a href=\"https:\/\/drive.google.com\/file\/d\/0B1Rd5rl9OMeQekgwaFVBUUxZUTRZRHAxLWt5Q2hzei1ULTFJ\/view?usp=sharing\">Anexo Resoluci\u00f3n 340\/18<\/a><\/p>\n<hr \/>\n<p><a href=\"https:\/\/drive.google.com\/file\/d\/0B1Rd5rl9OMeQdnJiQlprcFdnVTJIR0VoaEY4Ulh0Tm5zR0c0\/view?usp=sharing\"><img decoding=\"async\" loading=\"lazy\" class=\"alignnone  wp-image-1653\" src=\"https:\/\/spangenberg-caba.infd.edu.ar\/sitio\/wp-content\/uploads\/2019\/05\/ESI-Propuestas.png\" alt=\"\" width=\"232\" height=\"91\" \/><\/a><\/p>\n<p><a href=\"https:\/\/drive.google.com\/file\/d\/1YH7toO353Djlb6D-oddudGjwx1-Yrgqp\/view?usp=sharing\"><img decoding=\"async\" loading=\"lazy\" class=\"wp-image-1654 alignleft\" src=\"https:\/\/spangenberg-caba.infd.edu.ar\/sitio\/wp-content\/uploads\/2019\/05\/educarenigual.png\" alt=\"\" width=\"224\" height=\"168\" srcset=\"https:\/\/spangenberg-caba.infd.edu.ar\/sitio\/wp-content\/uploads\/2019\/05\/educarenigual.png 798w, https:\/\/spangenberg-caba.infd.edu.ar\/sitio\/wp-content\/uploads\/2019\/05\/educarenigual-768x578.png 768w\" sizes=\"(max-width: 224px) 100vw, 224px\" \/><\/a><\/p>\n<p>&nbsp;<\/p>\n<p>&nbsp;<\/p>\n<p>&nbsp;<\/p>\n","protected":false},"excerpt":{"rendered":"<p>Desde la sanci\u00f3n de la\u00a0Ley 26.150 de Educaci\u00f3n Sexual Integral\u00a0en el a\u00f1o 2006, el Ministerio de Educaci\u00f3n de la Naci\u00f3n viene realizando acciones para su efectivo cumplimiento. Al comienzo, \u00e9stas tuvieron que ver con cuestiones instituyentes, como la convocatoria a una Comisi\u00f3n Asesora Interdisciplinaria e Intersectorial, la redacci\u00f3n y aprobaci\u00f3n de los Lineamientos Curriculares de &#8230; <a title=\"ESI &#8211; EDUCACI\u00d3N SEXUAL INTEGRAL\" class=\"read-more\" href=\"https:\/\/spangenberg-caba.infd.edu.ar\/sitio\/esi-educacion-sexual-integral\/\" aria-label=\"More on ESI &#8211; EDUCACI\u00d3N SEXUAL INTEGRAL\">[+]<\/a><\/p>\n","protected":false},"author":1112,"featured_media":0,"parent":0,"menu_order":0,"comment_status":"closed","ping_status":"closed","template":"","meta":[],"acf":[],"_links":{"self":[{"href":"https:\/\/spangenberg-caba.infd.edu.ar\/sitio\/wp-json\/wp\/v2\/pages\/1649"}],"collection":[{"href":"https:\/\/spangenberg-caba.infd.edu.ar\/sitio\/wp-json\/wp\/v2\/pages"}],"about":[{"href":"https:\/\/spangenberg-caba.infd.edu.ar\/sitio\/wp-json\/wp\/v2\/types\/page"}],"author":[{"embeddable":true,"href":"https:\/\/spangenberg-caba.infd.edu.ar\/sitio\/wp-json\/wp\/v2\/users\/1112"}],"replies":[{"embeddable":true,"href":"https:\/\/spangenberg-caba.infd.edu.ar\/sitio\/wp-json\/wp\/v2\/comments?post=1649"}],"version-history":[{"count":2,"href":"https:\/\/spangenberg-caba.infd.edu.ar\/sitio\/wp-json\/wp\/v2\/pages\/1649\/revisions"}],"predecessor-version":[{"id":1655,"href":"https:\/\/spangenberg-caba.infd.edu.ar\/sitio\/wp-json\/wp\/v2\/pages\/1649\/revisions\/1655"}],"wp:attachment":[{"href":"https:\/\/spangenberg-caba.infd.edu.ar\/sitio\/wp-json\/wp\/v2\/media?parent=1649"}],"curies":[{"name":"wp","href":"https:\/\/api.w.org\/{rel}","templated":true}]}}