{"id":2072,"date":"2020-05-12T00:24:47","date_gmt":"2020-05-12T03:24:47","guid":{"rendered":"https:\/\/spangenberg-caba.infd.edu.ar\/sitio\/?page_id=2072"},"modified":"2021-08-05T17:20:01","modified_gmt":"2021-08-05T20:20:01","slug":"nivel-medio-ingreso-2021","status":"publish","type":"page","link":"https:\/\/spangenberg-caba.infd.edu.ar\/sitio\/nivel-medio-ingreso-2021\/","title":{"rendered":"Nivel Medio &#8211; Ingreso 2022"},"content":{"rendered":"<p><img decoding=\"async\" loading=\"lazy\" class=\"wp-image-2608 aligncenter\" src=\"https:\/\/spangenberg-caba.infd.edu.ar\/sitio\/wp-content\/uploads\/2021\/03\/Ingreso2022.png\" alt=\"\" width=\"394\" height=\"294\" \/><\/p>\n<h2><span style=\"color: #00ccff;\">INGRESO 2022 &#8211; PROYECTO ARTICULACI\u00d3N SECUNDARIA<\/span><\/h2>\n<p><a href=\"https:\/\/drive.google.com\/file\/d\/1aD_5dJ3wdbVAVLCJLi-Vn4hYiSibqoct\/view?usp=sharing\"><span style=\"color: #0000ff;\"><strong>Proyecto de Articulaci\u00f3n Primaria-Secundaria<\/strong><\/span><\/a><\/p>\n<p><strong><img decoding=\"async\" loading=\"lazy\" class=\"wp-image-2096 alignnone\" src=\"https:\/\/spangenberg-caba.infd.edu.ar\/sitio\/wp-content\/uploads\/2020\/05\/click.jpg\" alt=\"\" width=\"62\" height=\"36\" srcset=\"https:\/\/spangenberg-caba.infd.edu.ar\/sitio\/wp-content\/uploads\/2020\/05\/click.jpg 900w, https:\/\/spangenberg-caba.infd.edu.ar\/sitio\/wp-content\/uploads\/2020\/05\/click-768x444.jpg 768w\" sizes=\"(max-width: 62px) 100vw, 62px\" \/><\/strong><em>Haga click en el texto para acceder al documento<\/em><\/p>\n<h2><span style=\"color: #00ccff;\">INGRESO 2022 &#8211; OFERTA EDUCATIVA<\/span><\/h2>\n<p><a href=\"https:\/\/drive.google.com\/file\/d\/1UF90IKPE3JMU0hPgvAIaLLKYtXNwzb-L\/view?usp=sharing\"><span style=\"color: #33cccc;\"><strong>Bachillerato \u2013 Oferta Educativa de la Escuela Normal Superior en Lenguas Vivas<br \/>\n\u00abSof\u00eda B. de Spangenberg\u00bb<\/strong><\/span><\/a><\/p>\n<p><strong><img decoding=\"async\" loading=\"lazy\" class=\"wp-image-2096 alignnone\" src=\"https:\/\/spangenberg-caba.infd.edu.ar\/sitio\/wp-content\/uploads\/2020\/05\/click.jpg\" alt=\"\" width=\"62\" height=\"36\" srcset=\"https:\/\/spangenberg-caba.infd.edu.ar\/sitio\/wp-content\/uploads\/2020\/05\/click.jpg 900w, https:\/\/spangenberg-caba.infd.edu.ar\/sitio\/wp-content\/uploads\/2020\/05\/click-768x444.jpg 768w\" sizes=\"(max-width: 62px) 100vw, 62px\" \/><\/strong><em>Haga click en el texto para acceder al documento<\/em><\/p>\n<h2><span style=\"color: #008000;\">INGRESO 2022 &#8211; FRANCES &#8211; Examen de Ingreso<\/span><\/h2>\n<p><span style=\"color: #008000;\">Fecha\u00a0 <strong>24 DE SEPTIEMBRE DE 2021<\/strong> seg\u00fan Agenda Educativa Ministerio de Educaci\u00f3n CABA y presencial<br \/>\nAD REFERENDUM\u00a0medidas sobre DISPO que dispongan las autoridades competentes y situaci\u00f3n epidemiol\u00f3gica del\u00a0 momento.<\/span><\/p>\n<p><span style=\"color: #00ff00;\"><b><span style=\"color: #000000;\"><span style=\"color: #008000;\">Pautas del examen: El examen de admisi\u00f3n se rendir\u00e1 de forma presencial en la escuela. Cualquier modificaci\u00f3n ser\u00e1 informada en este medio.<\/span><\/span><\/b><\/span><\/p>\n<p><span style=\"color: #008000;\"><strong><span style=\"color: #008000;\"><a style=\"color: #008000;\" href=\"https:\/\/spangenberg-caba.infd.edu.ar\/sitio\/wp-content\/uploads\/2021\/03\/PROGRAMA-DE-FRANCES-ingreso-a-1er-a\u00f1o.docx\">PROGRAMA DE FRANCES ingreso a 1er a\u00f1o<\/a>\u00a0<\/span><\/strong><\/span><\/p>\n<p><span style=\"color: #008000;\"><strong>Modelos de examen de Franc\u00e9s<\/strong><\/span><\/p>\n<p><span style=\"color: #008000;\"><a style=\"color: #008000;\" href=\"https:\/\/drive.google.com\/file\/d\/1XXRkuWR1ROvzgHr6ZcyqOyxmYo2awlGP\/view?usp=sharing\"><strong>Modelo 1<\/strong><\/a><\/span><\/p>\n<hr \/>\n<h2><span style=\"color: #ff0000;\">INGRESO 2022 &#8211; INGL\u00c9S &#8211; Examen de Ingreso<\/span><\/h2>\n<p><strong><span style=\"color: #cc0000;\">Fecha\u00a0 24 DE SEPTIEMBRE DE 2021 seg\u00fan Agenda Educativa Ministerio de Educaci\u00f3n CABA y presencial<br \/>\n<\/span><span style=\"color: #cc0000;\">AD REFERENDUM\u00a0medidas sobre DISPO que dispongan las autoridades competentes y situaci\u00f3n epidemiol\u00f3gica del\u00a0 momento.<\/span><\/strong><\/p>\n<p><b><span style=\"color: #cc0000;\">Pautas del examen: El examen de admisi\u00f3n se rendir\u00e1 de forma presencial en la escuela. Cualquier modificaci\u00f3n ser\u00e1 informada por este medio<\/span><\/b><\/p>\n<p><a href=\"https:\/\/drive.google.com\/file\/d\/1Mdj290w-T04mXgoF-wj0y0U1CI6O5WL_\/view?usp=sharing\"><span style=\"color: #ff0000;\"><strong>Programa de Ingl\u00e9s<\/strong><\/span><\/a><\/p>\n<p><span style=\"color: #ff0000;\"><strong>Modelos de examen de Ingl\u00e9s<\/strong><\/span><\/p>\n<p><span style=\"color: #ff0000;\"><strong><a style=\"color: #ff0000;\" href=\"https:\/\/drive.google.com\/file\/d\/1YCCr57AXyczLzhOyDSXnI9rjbIchz15K\/view?usp=sharing\">Modelo 1<\/a>\u00a0 \u00a0 \u00a0 \u00a0<a style=\"color: #ff0000;\" href=\"https:\/\/drive.google.com\/file\/d\/1uUt7cIhVAV_fjBEgZoUMP61q7XdZBHGJ\/view?usp=sharing\">Modelo 2<\/a><\/strong><\/span><\/p>\n","protected":false},"excerpt":{"rendered":"<p>INGRESO 2022 &#8211; PROYECTO ARTICULACI\u00d3N SECUNDARIA Proyecto de Articulaci\u00f3n Primaria-Secundaria Haga click en el texto para acceder al documento INGRESO 2022 &#8211; OFERTA EDUCATIVA Bachillerato \u2013 Oferta Educativa de la Escuela Normal Superior en Lenguas Vivas \u00abSof\u00eda B. de Spangenberg\u00bb Haga click en el texto para acceder al documento INGRESO 2022 &#8211; FRANCES &#8211; Examen &#8230; <a title=\"Nivel Medio &#8211; Ingreso 2022\" class=\"read-more\" href=\"https:\/\/spangenberg-caba.infd.edu.ar\/sitio\/nivel-medio-ingreso-2021\/\" aria-label=\"More on Nivel Medio &#8211; Ingreso 2022\">[+]<\/a><\/p>\n","protected":false},"author":1112,"featured_media":0,"parent":0,"menu_order":0,"comment_status":"closed","ping_status":"closed","template":"","meta":[],"acf":[],"_links":{"self":[{"href":"https:\/\/spangenberg-caba.infd.edu.ar\/sitio\/wp-json\/wp\/v2\/pages\/2072"}],"collection":[{"href":"https:\/\/spangenberg-caba.infd.edu.ar\/sitio\/wp-json\/wp\/v2\/pages"}],"about":[{"href":"https:\/\/spangenberg-caba.infd.edu.ar\/sitio\/wp-json\/wp\/v2\/types\/page"}],"author":[{"embeddable":true,"href":"https:\/\/spangenberg-caba.infd.edu.ar\/sitio\/wp-json\/wp\/v2\/users\/1112"}],"replies":[{"embeddable":true,"href":"https:\/\/spangenberg-caba.infd.edu.ar\/sitio\/wp-json\/wp\/v2\/comments?post=2072"}],"version-history":[{"count":31,"href":"https:\/\/spangenberg-caba.infd.edu.ar\/sitio\/wp-json\/wp\/v2\/pages\/2072\/revisions"}],"predecessor-version":[{"id":2687,"href":"https:\/\/spangenberg-caba.infd.edu.ar\/sitio\/wp-json\/wp\/v2\/pages\/2072\/revisions\/2687"}],"wp:attachment":[{"href":"https:\/\/spangenberg-caba.infd.edu.ar\/sitio\/wp-json\/wp\/v2\/media?parent=2072"}],"curies":[{"name":"wp","href":"https:\/\/api.w.org\/{rel}","templated":true}]}}