{"id":2165,"date":"2020-06-10T15:55:22","date_gmt":"2020-06-10T18:55:22","guid":{"rendered":"https:\/\/spangenberg-caba.infd.edu.ar\/sitio\/?page_id=2165"},"modified":"2020-06-10T15:58:53","modified_gmt":"2020-06-10T18:58:53","slug":"tiempo-pausa-aire-escucha-activa-lenguaje-empatico","status":"publish","type":"page","link":"https:\/\/spangenberg-caba.infd.edu.ar\/sitio\/tiempo-pausa-aire-escucha-activa-lenguaje-empatico\/","title":{"rendered":"Tiempo, pausa, aire, escucha activa, lenguaje emp\u00e1tico&#8230;"},"content":{"rendered":"<p>Cuenta la leyenda, as\u00ed de boca en boca, con las interpretaciones, aditivos y condimentos de cada narrador\/a, que hab\u00eda una vez un se\u00f1or muyyyy importante que decidi\u00f3 concederle una entrevista al jefe de una tribu antigua, ubicada en un rinc\u00f3n casi olvidado del planeta. Le envi\u00f3 un avi\u00f3n a buscarlo, al cual el sabio hombre se subi\u00f3 con la mezcla de fascinaci\u00f3n y recelo de quien estrena una nueva experiencia.<\/p>\n<p>En pocas horas, aterrizaron en tierras lejanas y ex\u00f3ticas para quien nunca las hab\u00eda pisado. El visitante fue escoltado hacia las escaleras por las que descendi\u00f3 lentamente, como quien desconf\u00eda de la solidez del suelo. Entonces, frente a la mirada incr\u00e9dula de quienes lo invitaban a subir al veh\u00edculo protocolar que lo conducir\u00eda a su entrevista, el jefe tribal se sent\u00f3 sobre la pista, cruz\u00f3 sus piernas y cerr\u00f3 los ojos.<\/p>\n<p>Nadie se atrevi\u00f3 a hablar, a molestarlo, a interrumpirlo. Sin embargo, los minutos se sumaban y la impaciencia se apoderaba de la comitiva. Finalmente, alguien se le acerc\u00f3 t\u00edmidamente y le pregunt\u00f3 con voz temerosa si se encontraba bien. El extranjero abri\u00f3 lentamente sus ojos y le sonri\u00f3 con la mirada: \u201cmuy bien, gracias. Estoy tranquilo, acompa\u00f1ando el arribo de mi cuerpo a su pa\u00eds, y esperando la llegada de mi alma.\u201d<\/p>\n<p>Al igual que el jefe tribal, los\/as docentes y estudiantes aterrizamos en un nuevo lugar. Para \u00e9l, todo era desconocido: el asfalto, los relojes, autos, trajes y protocolos. Para nosotros\/as una s\u00fabita virtualidad incierta y contradictoria que nos aleja pero nos mantiene cerca. Tiempo, pausa, aire, escucha activa\u2026 eso es lo que necesitamos permitirnos mientras reconstruimos y resignificamos nuestras aulas, nuestros v\u00ednculos y nuestra profesi\u00f3n.<\/p>\n<p><img decoding=\"async\" loading=\"lazy\" class=\" wp-image-2162 aligncenter\" src=\"https:\/\/spangenberg-caba.infd.edu.ar\/sitio\/wp-content\/uploads\/2020\/06\/Imagen-1000x1000.jpeg\" alt=\"\" width=\"417\" height=\"417\" srcset=\"https:\/\/spangenberg-caba.infd.edu.ar\/sitio\/wp-content\/uploads\/2020\/06\/Imagen-1000x1000.jpeg 1000w, https:\/\/spangenberg-caba.infd.edu.ar\/sitio\/wp-content\/uploads\/2020\/06\/Imagen-500x500.jpeg 500w, https:\/\/spangenberg-caba.infd.edu.ar\/sitio\/wp-content\/uploads\/2020\/06\/Imagen-768x768.jpeg 768w, https:\/\/spangenberg-caba.infd.edu.ar\/sitio\/wp-content\/uploads\/2020\/06\/Imagen.jpeg 1080w\" sizes=\"(max-width: 417px) 100vw, 417px\" \/><\/p>\n<h2><span style=\"color: #333399;\"><strong>Rectorado ENSLV \u00abSB de Spangenberg\u00bb<\/strong><\/span><\/h2>\n","protected":false},"excerpt":{"rendered":"<p>Cuenta la leyenda, as\u00ed de boca en boca, con las interpretaciones, aditivos y condimentos de cada narrador\/a, que hab\u00eda una vez un se\u00f1or muyyyy importante que decidi\u00f3 concederle una entrevista al jefe de una tribu antigua, ubicada en un rinc\u00f3n casi olvidado del planeta. Le envi\u00f3 un avi\u00f3n a buscarlo, al cual el sabio hombre &#8230; <a title=\"Tiempo, pausa, aire, escucha activa, lenguaje emp\u00e1tico&#8230;\" class=\"read-more\" href=\"https:\/\/spangenberg-caba.infd.edu.ar\/sitio\/tiempo-pausa-aire-escucha-activa-lenguaje-empatico\/\" aria-label=\"More on Tiempo, pausa, aire, escucha activa, lenguaje emp\u00e1tico&#8230;\">[+]<\/a><\/p>\n","protected":false},"author":1112,"featured_media":0,"parent":0,"menu_order":0,"comment_status":"closed","ping_status":"closed","template":"","meta":[],"acf":[],"_links":{"self":[{"href":"https:\/\/spangenberg-caba.infd.edu.ar\/sitio\/wp-json\/wp\/v2\/pages\/2165"}],"collection":[{"href":"https:\/\/spangenberg-caba.infd.edu.ar\/sitio\/wp-json\/wp\/v2\/pages"}],"about":[{"href":"https:\/\/spangenberg-caba.infd.edu.ar\/sitio\/wp-json\/wp\/v2\/types\/page"}],"author":[{"embeddable":true,"href":"https:\/\/spangenberg-caba.infd.edu.ar\/sitio\/wp-json\/wp\/v2\/users\/1112"}],"replies":[{"embeddable":true,"href":"https:\/\/spangenberg-caba.infd.edu.ar\/sitio\/wp-json\/wp\/v2\/comments?post=2165"}],"version-history":[{"count":4,"href":"https:\/\/spangenberg-caba.infd.edu.ar\/sitio\/wp-json\/wp\/v2\/pages\/2165\/revisions"}],"predecessor-version":[{"id":2172,"href":"https:\/\/spangenberg-caba.infd.edu.ar\/sitio\/wp-json\/wp\/v2\/pages\/2165\/revisions\/2172"}],"wp:attachment":[{"href":"https:\/\/spangenberg-caba.infd.edu.ar\/sitio\/wp-json\/wp\/v2\/media?parent=2165"}],"curies":[{"name":"wp","href":"https:\/\/api.w.org\/{rel}","templated":true}]}}