{"id":2311,"date":"2020-08-20T16:09:23","date_gmt":"2020-08-20T19:09:23","guid":{"rendered":"https:\/\/spangenberg-caba.infd.edu.ar\/sitio\/?page_id=2311"},"modified":"2024-04-26T12:16:54","modified_gmt":"2024-04-26T15:16:54","slug":"nivel-inicial-preguntas-frecuentes","status":"publish","type":"page","link":"https:\/\/spangenberg-caba.infd.edu.ar\/sitio\/nivel-inicial-preguntas-frecuentes\/","title":{"rendered":"Preguntas Frecuentes"},"content":{"rendered":"<p><span style=\"color: #000080;\"><strong>1) Mi hijo\/a e<img decoding=\"async\" loading=\"lazy\" class=\"size-medium wp-image-2313 alignright\" src=\"https:\/\/spangenberg-caba.infd.edu.ar\/sitio\/wp-content\/uploads\/2020\/08\/Inicial.png\" alt=\"\" width=\"166\" height=\"160\">st\u00e1 en otra escuela de gesti\u00f3n p\u00fablica, \u00bfpuedo realizar un pase para el a\u00f1o pr\u00f3ximo?<\/strong><\/span><\/p>\n<p>Los pases se <span style=\"color: #000080;\">realizan<\/span> dentro<strong> <u>del mismo ciclo lectivo y siempre y cuando haya vacantes disponibles.<\/u><\/strong><\/p>\n<p>En este momento, el nivel inicial <strong><u>no cuenta con vacantes disponibles para realizar pases.&nbsp;<\/u><\/strong><\/p>\n<p><span style=\"color: #000080;\"><strong>2) \u00bfEn qu\u00e9 sala debo inscribir a mi hijo\/a? \u00bfC\u00f3mo se asignan las vacantes?<\/strong><\/span><\/p>\n<p>Las vacantes se otorgan seg\u00fan lo establece el Reglamento del Sistema de Inscripciones y Asignaci\u00f3n de Vacantes para los establecimientos educativos de Gesti\u00f3n Estatal del Ministerio de Educaci\u00f3n del Gobierno de la Ciudad de Buenos Aires.<\/p>\n<p><span style=\"color: #000080;\"><strong>3) \u00bfCu\u00e1l es la normativa vigente?<\/strong><\/span><\/p>\n<p><u>Subsecci\u00f3n E. Nivel Inicial Intensificado en Lenguas Extranjeras<\/u><\/p>\n<p><u>Cap\u00edtulo I. Rango de Edad<\/u><\/p>\n<p><u>Art\u00edculo 151<\/u>:<\/p>\n<p>Para las escuelas que cuentan con oferta educativa de Nivel Inicial, integrada por salas de 2 a 5 a\u00f1os, los rangos de edad para cada sala los siguientes:<\/p>\n<ul>\n<li>Sala de 2 a\u00f1os: el\/la aspirante debe cumplir dos (2) a\u00f1os entre el 1 de julio del a\u00f1o inmediato anterior y el 30 de junio del a\u00f1o lectivo al que se preinscribe.<\/li>\n<li>Sala de 3 a\u00f1os: el\/la aspirante debe cumplir tres (3) a\u00f1os entre el 1 de julio del a\u00f1o inmediato anterior y el 30 de junio del a\u00f1o lectivo al que se preinscribe.<\/li>\n<li>Sala de 4 a\u00f1os: el\/la aspirante debe cumplir cuatro (4) a\u00f1os entre el 1 de julio del a\u00f1o inmediato anterior y el 30 de junio del a\u00f1o lectivo al que se preinscribe.<\/li>\n<li>Sala de 5 a\u00f1os: el\/la aspirante debe cumplir cinco (5) a\u00f1os entre el 1 de julio del a\u00f1o inmediato anterior y el 30 de junio del a\u00f1o lectivo al que se preinscribe.<\/li>\n<\/ul>\n<p><u>Cap\u00edtulo III. Reglas de Asignaci\u00f3n<\/u><\/p>\n<p><u>Art\u00edculo 154<\/u>.<\/p>\n<p>Las vacantes se asignar\u00e1n de acuerdo a las prioridades de ingreso que se indican a continuaci\u00f3n:<\/p>\n<p><u>Prioridades de ingreso de primer orden:<\/u><\/p>\n<ol>\n<li>Si el\/la aspirante tiene hermanas\/os que son alumnas\/os del Nivel Inicial de la escuela a la que se preinscribi\u00f3, en el mismo turno.<\/li>\n<li>Si el\/la aspirante tiene hermanas\/os que son alumnas\/os del Nivel Inicial de la escuela a la que se preinscribi\u00f3, en otro turno.<\/li>\n<li>Si el\/la aspirante tiene hermanas\/os que son alumnas\/os del Nivel Primario y\/o Medio de la escuela a la que se preinscribi\u00f3, en el mismo turno.<\/li>\n<li>Si el\/la aspirante tiene hermanas\/os que son alumnas\/os del Nivel Primario y\/o Medio de la escuela a la que se preinscribi\u00f3, en otro turno.<\/li>\n<li>Si el\/la aspirante es hija\/o de personal docente de la escuela a la que se preinscribi\u00f3 con un cargo (o m\u00e1s de quince horas c\u00e1tedra), en el mismo turno.<\/li>\n<\/ol>\n<p>Si la cantidad de aspirantes que puedan ingresar de acuerdo a las anteriores prioridades es mayor al cupo de vacantes, se tomar\u00e1 en cuenta el n\u00famero de orden obtenido por los\/as aspirantes en el sorteo p\u00fablico, respetando el orden de prioridades dispuesto precedentemente. Esto es, ante aspirantes que posean condiciones de prioridad similares, el orden derivado del sorteo p\u00fablico ser\u00e1 utilizado para asignar las vacantes respectivas.<\/p>\n<p>Cubierto el segmento de aspirantes que ingresen de acuerdo a las prioridades de ingreso indicadas precedentemente, con el excedente de vacantes (si las hubiera), ingresa el resto de los\/as aspirantes (segundo orden). Si la demanda por ingreso supera a la cantidad de vacantes disponibles en la ENSLV SB de Spangenberg, se tomar\u00e1 el orden resultante del sorteo p\u00fablico.<\/p>\n<p>Correo de contacto<strong>: <\/strong><a href=\"mailto:enslvsebs_nidireccion@bue.edu.ar\"><strong>enslvsebs_nidireccion@bue.edu.ar<\/strong><\/a><\/p>\n","protected":false},"excerpt":{"rendered":"<p>1) Mi hijo\/a est\u00e1 en otra escuela de gesti\u00f3n p\u00fablica, \u00bfpuedo realizar un pase para el a\u00f1o pr\u00f3ximo? Los pases se realizan dentro del mismo ciclo lectivo y siempre y cuando haya vacantes disponibles. En este momento, el nivel inicial no cuenta con vacantes disponibles para realizar pases.&nbsp; 2) \u00bfEn qu\u00e9 sala debo inscribir a &#8230; <a title=\"Preguntas Frecuentes\" class=\"read-more\" href=\"https:\/\/spangenberg-caba.infd.edu.ar\/sitio\/nivel-inicial-preguntas-frecuentes\/\" aria-label=\"More on Preguntas Frecuentes\">[+]<\/a><\/p>\n","protected":false},"author":1112,"featured_media":0,"parent":0,"menu_order":0,"comment_status":"closed","ping_status":"closed","template":"","meta":[],"acf":[],"_links":{"self":[{"href":"https:\/\/spangenberg-caba.infd.edu.ar\/sitio\/wp-json\/wp\/v2\/pages\/2311"}],"collection":[{"href":"https:\/\/spangenberg-caba.infd.edu.ar\/sitio\/wp-json\/wp\/v2\/pages"}],"about":[{"href":"https:\/\/spangenberg-caba.infd.edu.ar\/sitio\/wp-json\/wp\/v2\/types\/page"}],"author":[{"embeddable":true,"href":"https:\/\/spangenberg-caba.infd.edu.ar\/sitio\/wp-json\/wp\/v2\/users\/1112"}],"replies":[{"embeddable":true,"href":"https:\/\/spangenberg-caba.infd.edu.ar\/sitio\/wp-json\/wp\/v2\/comments?post=2311"}],"version-history":[{"count":4,"href":"https:\/\/spangenberg-caba.infd.edu.ar\/sitio\/wp-json\/wp\/v2\/pages\/2311\/revisions"}],"predecessor-version":[{"id":3444,"href":"https:\/\/spangenberg-caba.infd.edu.ar\/sitio\/wp-json\/wp\/v2\/pages\/2311\/revisions\/3444"}],"wp:attachment":[{"href":"https:\/\/spangenberg-caba.infd.edu.ar\/sitio\/wp-json\/wp\/v2\/media?parent=2311"}],"curies":[{"name":"wp","href":"https:\/\/api.w.org\/{rel}","templated":true}]}}