{"id":2318,"date":"2020-08-20T16:11:26","date_gmt":"2020-08-20T19:11:26","guid":{"rendered":"https:\/\/spangenberg-caba.infd.edu.ar\/sitio\/?page_id=2318"},"modified":"2024-04-11T11:56:13","modified_gmt":"2024-04-11T14:56:13","slug":"nivel-primario-preguntas-frecuentes","status":"publish","type":"page","link":"https:\/\/spangenberg-caba.infd.edu.ar\/sitio\/nivel-primario-preguntas-frecuentes\/","title":{"rendered":"Nivel Primario &#8211; Preguntas Frecuentes"},"content":{"rendered":"<p>Pueden consultar las preguntas frecuentes en el siguiente enlace: <img decoding=\"async\" loading=\"lazy\" class=\"size-full wp-image-2315 alignright\" src=\"https:\/\/spangenberg-caba.infd.edu.ar\/sitio\/wp-content\/uploads\/2020\/08\/Primario.png\" alt=\"\" width=\"160\" height=\"162\" \/><\/p>\n<p><strong><a href=\"https:\/\/www.buenosaires.gob.ar\/educacion\/estudiantes\/inscripcionescolar\/preguntas-frecuentes\">https:\/\/www.buenosaires.gob.ar\/educacion\/estudiantes\/inscripcionescolar\/preguntas-frecuentes<\/a><\/strong><\/p>\n<p><strong>Escuelas Normales Superiores intensificadas en Lenguas Extranjeras<\/strong><\/p>\n<p>Prioridades de ingreso a primer grado de escuelas que cuenten con secciones de Nivel Inicial:<\/p>\n<ul>\n<li>si el\/la aspirante concurri\u00f3 al nivel inicial del escuela a la que se preinscribi\u00f3,<\/li>\n<li>si el\/la aspirante tiene hermanos\/as en el nivel primario y\/o medio en la escuela a la que se preinscribi\u00f3, que no hayan cursado el nivel inicial en la misma escuela, en el mismo turno,<\/li>\n<li>si e\/la aspirante tiene hermanos\/as en el nivel primario y \/ o medio en escuela a la que se preinscribi\u00f3, que no hayan cursado el nivel inicial en la misma escuela, en otro turno.<\/li>\n<\/ul>\n<p>Para poder acceder a una vacante de segundo a s\u00e9ptimo grado los\/as postulantes deben rendir un examen de admisi\u00f3n (escrito y oral) en el idioma que corresponda a la vacante disponible en el mes de febrero. El ingreso es por estricto orden de m\u00e9rito.<\/p>\n<p>Las vacantes disponibles se publican en el sitio web de la escuela y en la entrada principal de la escuela (no mientras dure el ASPO), Juncal 3251, *alrededor del 15 de diciembre. Se publican con el idioma correspondiente pudiendo ser ingl\u00e9s o franc\u00e9s para segundo grado, e ingl\u00e9s, franc\u00e9s o portugu\u00e9s de tercero a s\u00e9ptimo grado.<\/p>\n<p>Para la inscripci\u00f3n al examen de admisi\u00f3n deben presentar en la escuela (en forma virtual mientras dure el ASPO), en fecha a confirmar:<\/p>\n<ul>\n<li>la constancia de alumno\/a regular del a\u00f1o en curso,<\/li>\n<li>el bolet\u00edn de calificaciones,<\/li>\n<li>el DNI del\/a alumno\/a.<\/li>\n<\/ul>\n<p>Si los\/as alumno\/as\/as no pertenecen a una escuela del Gobierno de la Ciudad de Buenos Aires (colegios privados o fuera de la CABA) deben realizar la pre-inscripci\u00f3n en l\u00ednea en \u00a0<a href=\"https:\/\/inscripciones.buenosaires.gob.ar\/\">https:\/\/inscripciones.buenosaires.gob.ar\/<\/a> .<\/p>\n<p><strong>Para consultar el calendario de las etapas de Inscripci\u00f3n Escolar a la Escuela P\u00fablica, consultar en el siguiente link:<\/strong><\/p>\n<p><a href=\"http:\/\/www.buenosaires.gob.ar\/educaci%C3%B3n\/estudiantes\/inscripcionescolar\"><strong>www.buenosaires.gob.ar\/educaci\u00f3n\/estudiantes\/inscripcionescolar<\/strong><\/a><\/p>\n","protected":false},"excerpt":{"rendered":"<p>Pueden consultar las preguntas frecuentes en el siguiente enlace: https:\/\/www.buenosaires.gob.ar\/educacion\/estudiantes\/inscripcionescolar\/preguntas-frecuentes Escuelas Normales Superiores intensificadas en Lenguas Extranjeras Prioridades de ingreso a primer grado de escuelas que cuenten con secciones de Nivel Inicial: si el\/la aspirante concurri\u00f3 al nivel inicial del escuela a la que se preinscribi\u00f3, si el\/la aspirante tiene hermanos\/as en el nivel primario &#8230; <a title=\"Nivel Primario &#8211; Preguntas Frecuentes\" class=\"read-more\" href=\"https:\/\/spangenberg-caba.infd.edu.ar\/sitio\/nivel-primario-preguntas-frecuentes\/\" aria-label=\"More on Nivel Primario &#8211; Preguntas Frecuentes\">[+]<\/a><\/p>\n","protected":false},"author":1112,"featured_media":0,"parent":0,"menu_order":0,"comment_status":"closed","ping_status":"closed","template":"","meta":[],"acf":[],"_links":{"self":[{"href":"https:\/\/spangenberg-caba.infd.edu.ar\/sitio\/wp-json\/wp\/v2\/pages\/2318"}],"collection":[{"href":"https:\/\/spangenberg-caba.infd.edu.ar\/sitio\/wp-json\/wp\/v2\/pages"}],"about":[{"href":"https:\/\/spangenberg-caba.infd.edu.ar\/sitio\/wp-json\/wp\/v2\/types\/page"}],"author":[{"embeddable":true,"href":"https:\/\/spangenberg-caba.infd.edu.ar\/sitio\/wp-json\/wp\/v2\/users\/1112"}],"replies":[{"embeddable":true,"href":"https:\/\/spangenberg-caba.infd.edu.ar\/sitio\/wp-json\/wp\/v2\/comments?post=2318"}],"version-history":[{"count":4,"href":"https:\/\/spangenberg-caba.infd.edu.ar\/sitio\/wp-json\/wp\/v2\/pages\/2318\/revisions"}],"predecessor-version":[{"id":3243,"href":"https:\/\/spangenberg-caba.infd.edu.ar\/sitio\/wp-json\/wp\/v2\/pages\/2318\/revisions\/3243"}],"wp:attachment":[{"href":"https:\/\/spangenberg-caba.infd.edu.ar\/sitio\/wp-json\/wp\/v2\/media?parent=2318"}],"curies":[{"name":"wp","href":"https:\/\/api.w.org\/{rel}","templated":true}]}}