{"id":2337,"date":"2020-08-20T18:21:12","date_gmt":"2020-08-20T21:21:12","guid":{"rendered":"https:\/\/spangenberg-caba.infd.edu.ar\/sitio\/?page_id=2337"},"modified":"2021-06-16T16:58:21","modified_gmt":"2021-06-16T19:58:21","slug":"informacion-general","status":"publish","type":"page","link":"https:\/\/spangenberg-caba.infd.edu.ar\/sitio\/informacion-general\/","title":{"rendered":"Informaci\u00f3n General"},"content":{"rendered":"<p>Bienvenidos\/as a la ENS en Lenguas Vivas S.B. de Spangenberg. Nos presentamos: <a href=\"https:\/\/spangenberg-caba.infd.edu.ar\/sitio\/autoridades\/\">https:\/\/spangenberg-caba.infd.edu.ar\/sitio\/autoridades\/<\/a><\/p>\n<p>Secretar\u00eda General: <a href=\"mailto:enslvsebs@bue.edu.ar\">enslvsebs@bue.edu.ar<\/a><\/p>\n<p>Prosecretar\u00eda Nivel medio: \u00a0<a href=\"mailto:enslvsebs_prosecretaia@bue.edu.ar\">enslvsebs_nmprosecretaria@bue.edu.ar<\/a><\/p>\n<p>Prosecretar\u00eda Nivel terciario: \u00a0<a href=\"mailto:enslvsebs_ntprosecretaia@bue.edu.ar\">enslvsebs_ntprosecretaia@bue.edu.ar<\/a><\/p>\n<p>Distintos Niveles<strong>: <\/strong><a href=\"https:\/\/spangenberg-caba.infd.edu.ar\/sitio\/datos-institucionales\/\">https:\/\/spangenberg-caba.infd.edu.ar\/sitio\/datos-institucionales\/<\/a><\/p>\n<p>A continuaci\u00f3n podr\u00e1n encontrar informaci\u00f3n de su inter\u00e9s sobre el ingreso a nuestros cuatro niveles de ense\u00f1anza.<\/p>\n<p><strong>Para consultar el calendario de las etapas de Inscripci\u00f3n Escolar a la Escuela P\u00fablica, consultar en el siguiente link:<\/strong><\/p>\n<p><a href=\"http:\/\/www.buenosaires.gob.ar\/educaci\u00f3n\/estudiantes\/inscripcionescolar\"><strong>www.buenosaires.gob.ar\/educaci\u00f3n\/estudiantes\/inscripcionescolar<\/strong><\/a><\/p>\n<p>Para la <strong>ENS en Lengua Vivas S.B. de Spangenberg<\/strong>, las fechas para el ciclo lectivo 2022 son las siguientes:<\/p>\n<table style=\"height: 771px;\" width=\"1058\">\n<tbody>\n<tr>\n<td width=\"126\"><strong>NIVEL INICIAL<\/strong><\/td>\n<td width=\"302\"><strong>\u00a0 \u00a0 \u00a0 \u00a0 \u00a0 \u00a0<\/strong><\/p>\n<p><strong>NIVEL PRIMARIO<\/strong><strong>\u00a0<\/strong><\/td>\n<td width=\"289\"><strong>\u00a0 \u00a0 \u00a0 \u00a0 \u00a0\u00a0<\/strong><strong style=\"font-family: inherit; font-size: inherit;\">\u00a0 \u00a0 \u00a0 \u00a0 \u00a0 \u00a0<\/strong><\/p>\n<p><strong style=\"font-family: inherit; font-size: inherit;\">NIVEL MEDIO<\/strong><strong>\u00a0<\/strong><\/td>\n<td width=\"163\"><strong style=\"font-family: inherit; font-size: inherit;\">NIVEL TERCIARIO<\/strong><\/td>\n<\/tr>\n<tr>\n<td width=\"126\"><\/td>\n<td width=\"302\">&nbsp;<\/td>\n<td rowspan=\"4\" width=\"289\"><u>Inscripci\u00f3n examen de ingreso:<br \/>\n<\/u><\/p>\n<p><strong>Fecha de inscripci\u00f3n excepcional para rendir ex\u00e1menes de idioma para ingreso a primer a\u00f1o 2022<\/strong><\/p>\n<p>Del\u00a06 al 17 de Septiembre de 2021.<\/p>\n<p><span style=\"color: #000000;\"><b>La inscripci\u00f3n ser\u00e1 on line y deber\u00e1 poseer constancia de alumno\/a regular (excluyente).<\/b><\/span><\/p>\n<p>En esta fecha tambi\u00e9n podr\u00e1n inscribirse aquellos\/as estudiantes del nivel primario de nuestra instituci\u00f3n que deseen realizar un cambio de idioma en 2022.<\/p>\n<p><strong>Fecha examen de ingreso presencial 24 de Septiembre 2021<\/strong><\/p>\n<p>&nbsp;<\/p>\n<p>&nbsp;<\/td>\n<td width=\"163\"><\/td>\n<\/tr>\n<tr>\n<td width=\"126\">&nbsp;<\/td>\n<td rowspan=\"3\" width=\"302\"><\/td>\n<td rowspan=\"3\" width=\"163\"><\/td>\n<\/tr>\n<tr>\n<td width=\"126\">&nbsp;<\/td>\n<\/tr>\n<tr>\n<td width=\"126\"><\/td>\n<\/tr>\n<\/tbody>\n<\/table>\n<hr \/>\n<p>&nbsp;<\/p>\n<p>&nbsp;<\/p>\n<p>&nbsp;<\/p>\n","protected":false},"excerpt":{"rendered":"<p>Bienvenidos\/as a la ENS en Lenguas Vivas S.B. de Spangenberg. Nos presentamos: https:\/\/spangenberg-caba.infd.edu.ar\/sitio\/autoridades\/ Secretar\u00eda General: enslvsebs@bue.edu.ar Prosecretar\u00eda Nivel medio: \u00a0enslvsebs_nmprosecretaria@bue.edu.ar Prosecretar\u00eda Nivel terciario: \u00a0enslvsebs_ntprosecretaia@bue.edu.ar Distintos Niveles: https:\/\/spangenberg-caba.infd.edu.ar\/sitio\/datos-institucionales\/ A continuaci\u00f3n podr\u00e1n encontrar informaci\u00f3n de su inter\u00e9s sobre el ingreso a nuestros cuatro niveles de ense\u00f1anza. Para consultar el calendario de las etapas de Inscripci\u00f3n Escolar a &#8230; <a title=\"Informaci\u00f3n General\" class=\"read-more\" href=\"https:\/\/spangenberg-caba.infd.edu.ar\/sitio\/informacion-general\/\" aria-label=\"More on Informaci\u00f3n General\">[+]<\/a><\/p>\n","protected":false},"author":1112,"featured_media":0,"parent":0,"menu_order":0,"comment_status":"closed","ping_status":"closed","template":"","meta":[],"acf":[],"_links":{"self":[{"href":"https:\/\/spangenberg-caba.infd.edu.ar\/sitio\/wp-json\/wp\/v2\/pages\/2337"}],"collection":[{"href":"https:\/\/spangenberg-caba.infd.edu.ar\/sitio\/wp-json\/wp\/v2\/pages"}],"about":[{"href":"https:\/\/spangenberg-caba.infd.edu.ar\/sitio\/wp-json\/wp\/v2\/types\/page"}],"author":[{"embeddable":true,"href":"https:\/\/spangenberg-caba.infd.edu.ar\/sitio\/wp-json\/wp\/v2\/users\/1112"}],"replies":[{"embeddable":true,"href":"https:\/\/spangenberg-caba.infd.edu.ar\/sitio\/wp-json\/wp\/v2\/comments?post=2337"}],"version-history":[{"count":4,"href":"https:\/\/spangenberg-caba.infd.edu.ar\/sitio\/wp-json\/wp\/v2\/pages\/2337\/revisions"}],"predecessor-version":[{"id":2655,"href":"https:\/\/spangenberg-caba.infd.edu.ar\/sitio\/wp-json\/wp\/v2\/pages\/2337\/revisions\/2655"}],"wp:attachment":[{"href":"https:\/\/spangenberg-caba.infd.edu.ar\/sitio\/wp-json\/wp\/v2\/media?parent=2337"}],"curies":[{"name":"wp","href":"https:\/\/api.w.org\/{rel}","templated":true}]}}