{"id":2378,"date":"2020-09-11T22:49:33","date_gmt":"2020-09-12T01:49:33","guid":{"rendered":"https:\/\/spangenberg-caba.infd.edu.ar\/sitio\/?page_id=2378"},"modified":"2020-09-11T22:49:33","modified_gmt":"2020-09-12T01:49:33","slug":"proyecto-pequenas-acciones-en-casa-para-cuidar-el-medio-ambiente","status":"publish","type":"page","link":"https:\/\/spangenberg-caba.infd.edu.ar\/sitio\/proyecto-pequenas-acciones-en-casa-para-cuidar-el-medio-ambiente\/","title":{"rendered":"Proyecto \u00abPeque\u00f1as acciones en casa para cuidar el medio ambiente\u00bb"},"content":{"rendered":"<p>Proyecto Peque\u00f1as acciones en casa para cuidar el medio ambiente<\/p>\n<p>La sala Roja turno ma\u00f1ana, est\u00e1 aprendiendo sobre el cuidado del medio ambiente desde peque\u00f1as acciones en casa<span class=\"gmail_default\">!<\/span><\/p>\n<figure id=\"attachment_2381\" aria-describedby=\"caption-attachment-2381\" style=\"width: 565px\" class=\"wp-caption aligncenter\"><a href=\"https:\/\/drive.google.com\/file\/d\/13QSqv7wCC2MUyCLCTEmR9SLfoaW0bkvT\/view?usp=sharing\"><img decoding=\"async\" loading=\"lazy\" class=\"wp-image-2381\" src=\"https:\/\/spangenberg-caba.infd.edu.ar\/sitio\/wp-content\/uploads\/2020\/09\/Reciclar.png\" alt=\"\" width=\"575\" height=\"396\" \/><\/a><figcaption id=\"caption-attachment-2381\" class=\"wp-caption-text\">CLICK PARA VER EL VIDEO<\/figcaption><\/figure>\n<p>&nbsp;<\/p>\n<p>&nbsp;<\/p>\n","protected":false},"excerpt":{"rendered":"<p>Proyecto Peque\u00f1as acciones en casa para cuidar el medio ambiente La sala Roja turno ma\u00f1ana, est\u00e1 aprendiendo sobre el cuidado del medio ambiente desde peque\u00f1as acciones en casa! &nbsp; &nbsp;<\/p>\n","protected":false},"author":1112,"featured_media":0,"parent":0,"menu_order":0,"comment_status":"closed","ping_status":"closed","template":"","meta":[],"acf":[],"_links":{"self":[{"href":"https:\/\/spangenberg-caba.infd.edu.ar\/sitio\/wp-json\/wp\/v2\/pages\/2378"}],"collection":[{"href":"https:\/\/spangenberg-caba.infd.edu.ar\/sitio\/wp-json\/wp\/v2\/pages"}],"about":[{"href":"https:\/\/spangenberg-caba.infd.edu.ar\/sitio\/wp-json\/wp\/v2\/types\/page"}],"author":[{"embeddable":true,"href":"https:\/\/spangenberg-caba.infd.edu.ar\/sitio\/wp-json\/wp\/v2\/users\/1112"}],"replies":[{"embeddable":true,"href":"https:\/\/spangenberg-caba.infd.edu.ar\/sitio\/wp-json\/wp\/v2\/comments?post=2378"}],"version-history":[{"count":2,"href":"https:\/\/spangenberg-caba.infd.edu.ar\/sitio\/wp-json\/wp\/v2\/pages\/2378\/revisions"}],"predecessor-version":[{"id":2383,"href":"https:\/\/spangenberg-caba.infd.edu.ar\/sitio\/wp-json\/wp\/v2\/pages\/2378\/revisions\/2383"}],"wp:attachment":[{"href":"https:\/\/spangenberg-caba.infd.edu.ar\/sitio\/wp-json\/wp\/v2\/media?parent=2378"}],"curies":[{"name":"wp","href":"https:\/\/api.w.org\/{rel}","templated":true}]}}