{"id":2566,"date":"2020-12-18T15:28:03","date_gmt":"2020-12-18T18:28:03","guid":{"rendered":"https:\/\/spangenberg-caba.infd.edu.ar\/sitio\/?page_id=2566"},"modified":"2024-04-26T12:54:44","modified_gmt":"2024-04-26T15:54:44","slug":"2566-2","status":"publish","type":"page","link":"https:\/\/spangenberg-caba.infd.edu.ar\/sitio\/2566-2\/","title":{"rendered":"Aplicaci\u00f3n MIA, DDJJ en l\u00ednea y cuentas \u00ab@bue\u00bb"},"content":{"rendered":"<h2><b>1. Sobre aplicaci\u00f3n\u00a0MIA<\/b><\/h2>\n<p>A partir del 1 de diciembre 2020 se puso en funcionamiento la App MI Autogesti\u00f3n (MA) para solicitar las licencias m\u00e9dicas.<\/p>\n<div>Se recomienda activarse como usuario para poder solucionar inconvenientes si existieran, ingresando a:\u00a0 <a tabindex=\"-1\" href=\"http:\/\/miautogestion.buenosaires.gov.ar\/\">miautogestion.buenosaires.gov.ar<\/a><\/div>\n<div><\/div>\n<div>Se puede descargar la App desde el Play Store (Android). No se puede, por el momento, descargar desde IPhone pero s\u00ed los\/las usuarios\/as pueden registrarse como tales a trav\u00e9s de la web<\/div>\n<div><\/div>\n<div>Los links al manual de la App MIA son los siguientes:<\/div>\n<div><a tabindex=\"-1\" href=\"https:\/\/drive.google.com\/drive\/folders\/1eBjsxmMl7DAthBWTMQbhszpZ8K_qMRVu\">https:\/\/drive.google.com\/drive\/folders\/1eBjsxmMl7DAthBWTMQbhszpZ8K_qMRVu<\/a><\/div>\n<div>Link a tutorial:<\/div>\n<div><a tabindex=\"-1\" href=\"https:\/\/view.genial.ly\/5f3587944bbb6c0d79575a0e\">https:\/\/view.genial.ly\/5f3587944bbb6c0d79575a0e<\/a><\/div>\n<div><\/div>\n<div>Cualquier duda o consulta se debe hacer a trav\u00e9s de correo electr\u00f3nico a\u00a0<a tabindex=\"-1\" href=\"mailto:consulta.sial@bue.edu.ar\">consulta.sial@bue.edu.ar<\/a>\u00a0o a los tel\u00e9fonos 6076-6000 internos 4047\/4052\/4053<\/div>\n<div><\/div>\n<div>Descarg\u00e1 el instructivo para el uso de la app MIA\u00a0<a href=\"https:\/\/drive.google.com\/file\/d\/15xUA_FMTEh8MDHUm8Af-84Th2d11GXha\/view?usp=sharing\">AQU\u00cd<\/a><\/div>\n<div><\/div>\n<div><a href=\"https:\/\/1.bp.blogspot.com\/-GG2Ij3xYiPI\/X9qE7i9KCmI\/AAAAAAAABhQ\/HlsEIOk7M5wKduR_cgDSryTXHZPrU54JQCLcBGAsYHQ\/s620\/WhatsApp%2BImage%2B2020-12-16%2Bat%2B19.05.14.jpeg\"><img decoding=\"async\" loading=\"lazy\" src=\"https:\/\/1.bp.blogspot.com\/-GG2Ij3xYiPI\/X9qE7i9KCmI\/AAAAAAAABhQ\/HlsEIOk7M5wKduR_cgDSryTXHZPrU54JQCLcBGAsYHQ\/w530-h427\/WhatsApp%2BImage%2B2020-12-16%2Bat%2B19.05.14.jpeg\" width=\"530\" height=\"427\" border=\"0\" data-original-height=\"499\" data-original-width=\"620\" \/><\/a><\/div>\n<div><\/div>\n<h2><b>2. Sobre DECLARACI\u00d3N JURADA on line<\/b><\/h2>\n<div><\/div>\n<div>Descarg\u00e1 el instructivo para completar la Declaraci\u00f3n Jurada en l\u00ednea\u00a0<a href=\"https:\/\/drive.google.com\/file\/d\/1OmXUyQRrEfa_T6eKACnUR8n3clYG4WLn\/view?usp=sharing\">AQU\u00cd<\/a><\/div>\n<div><\/div>\n<div class=\"separator\"><a href=\"https:\/\/1.bp.blogspot.com\/-fX0YgyuZ1Wo\/X9qE70tIvXI\/AAAAAAAABhU\/DtEB_Ou6v7UPf5ddh6o0rNg_kXKHd62xACLcBGAsYHQ\/s658\/WhatsApp%2BImage%2B2020-12-16%2Bat%2B19.05.14%2B%25281%2529.jpeg\"><img decoding=\"async\" loading=\"lazy\" src=\"https:\/\/1.bp.blogspot.com\/-fX0YgyuZ1Wo\/X9qE70tIvXI\/AAAAAAAABhU\/DtEB_Ou6v7UPf5ddh6o0rNg_kXKHd62xACLcBGAsYHQ\/w538-h385\/WhatsApp%2BImage%2B2020-12-16%2Bat%2B19.05.14%2B%25281%2529.jpeg\" width=\"538\" height=\"385\" border=\"0\" data-original-height=\"470\" data-original-width=\"658\" \/><\/a><\/div>\n<div class=\"separator\"><\/div>\n<h2><b>3. Sobre\u00a0cuenta \u00abbue\u00bb<\/b><\/h2>\n<div><a href=\"https:\/\/1.bp.blogspot.com\/-QSnuCKwG9-E\/X9qE75MuxhI\/AAAAAAAABhY\/1HsL6oYnz2UrGm8hovtvx39cdk2USEFBgCLcBGAsYHQ\/s750\/WhatsApp%2BImage%2B2020-12-16%2Bat%2B19.05.13.jpeg\"><img decoding=\"async\" loading=\"lazy\" src=\"https:\/\/1.bp.blogspot.com\/-QSnuCKwG9-E\/X9qE75MuxhI\/AAAAAAAABhY\/1HsL6oYnz2UrGm8hovtvx39cdk2USEFBgCLcBGAsYHQ\/w527-h303\/WhatsApp%2BImage%2B2020-12-16%2Bat%2B19.05.13.jpeg\" width=\"527\" height=\"303\" border=\"0\" data-original-height=\"431\" data-original-width=\"750\" \/><\/a><\/div>\n","protected":false},"excerpt":{"rendered":"<p>1. Sobre aplicaci\u00f3n\u00a0MIA A partir del 1 de diciembre 2020 se puso en funcionamiento la App MI Autogesti\u00f3n (MA) para solicitar las licencias m\u00e9dicas. Se recomienda activarse como usuario para poder solucionar inconvenientes si existieran, ingresando a:\u00a0 miautogestion.buenosaires.gov.ar Se puede descargar la App desde el Play Store (Android). No se puede, por el momento, descargar &#8230; <a title=\"Aplicaci\u00f3n MIA, DDJJ en l\u00ednea y cuentas \u00ab@bue\u00bb\" class=\"read-more\" href=\"https:\/\/spangenberg-caba.infd.edu.ar\/sitio\/2566-2\/\" aria-label=\"More on Aplicaci\u00f3n MIA, DDJJ en l\u00ednea y cuentas \u00ab@bue\u00bb\">[+]<\/a><\/p>\n","protected":false},"author":1112,"featured_media":0,"parent":0,"menu_order":0,"comment_status":"closed","ping_status":"closed","template":"","meta":[],"acf":[],"_links":{"self":[{"href":"https:\/\/spangenberg-caba.infd.edu.ar\/sitio\/wp-json\/wp\/v2\/pages\/2566"}],"collection":[{"href":"https:\/\/spangenberg-caba.infd.edu.ar\/sitio\/wp-json\/wp\/v2\/pages"}],"about":[{"href":"https:\/\/spangenberg-caba.infd.edu.ar\/sitio\/wp-json\/wp\/v2\/types\/page"}],"author":[{"embeddable":true,"href":"https:\/\/spangenberg-caba.infd.edu.ar\/sitio\/wp-json\/wp\/v2\/users\/1112"}],"replies":[{"embeddable":true,"href":"https:\/\/spangenberg-caba.infd.edu.ar\/sitio\/wp-json\/wp\/v2\/comments?post=2566"}],"version-history":[{"count":5,"href":"https:\/\/spangenberg-caba.infd.edu.ar\/sitio\/wp-json\/wp\/v2\/pages\/2566\/revisions"}],"predecessor-version":[{"id":3449,"href":"https:\/\/spangenberg-caba.infd.edu.ar\/sitio\/wp-json\/wp\/v2\/pages\/2566\/revisions\/3449"}],"wp:attachment":[{"href":"https:\/\/spangenberg-caba.infd.edu.ar\/sitio\/wp-json\/wp\/v2\/media?parent=2566"}],"curies":[{"name":"wp","href":"https:\/\/api.w.org\/{rel}","templated":true}]}}