{"id":2628,"date":"2021-04-08T23:57:36","date_gmt":"2021-04-09T02:57:36","guid":{"rendered":"https:\/\/spangenberg-caba.infd.edu.ar\/sitio\/?page_id=2628"},"modified":"2024-04-09T19:33:31","modified_gmt":"2024-04-09T22:33:31","slug":"las-malvinas-memoria-reencuentros-y-sentimientos","status":"publish","type":"page","link":"https:\/\/spangenberg-caba.infd.edu.ar\/sitio\/las-malvinas-memoria-reencuentros-y-sentimientos\/","title":{"rendered":"Las Malvinas: memoria, reencuentros y sentimientos"},"content":{"rendered":"<div>La sala verde comenz\u00f3 la \u00faltima semana del mes de marzo conversando junto a los chicos y chicas sobre la Guerra de Malvinas.<\/div>\n<div>Escribimos ideas y opiniones acerca de lo que conoc\u00edan de ese lugar y momento de nuestra historia mientras observ\u00e1bamos un mapa del pa\u00eds.<\/div>\n<div>Continuamos mirando los videos de\u00a0<b>Un viaje a Malvinas<\/b>\u00a0en los cuales una escuela primaria viaja a las islas y conocen a otros chicos y chicas con quienes intercambian experiencias, juegos sin que el lenguaje o la nacionalidad les impida comunicarse con respeto y simpat\u00eda.<\/div>\n<div>Por \u00faltimo, escuchamos una canci\u00f3n en video en la que se pod\u00edan observar diferentes im\u00e1genes de momentos durante la guerra. \u00c9stas sirvieron como disparador para expresar alternativas a la guerra, palabras a los soldados y expresiones sobre la belleza de las islas.<\/div>\n<div><\/div>\n<div>Les compartimos una foto de las\u00a0\u00a0palabras de los chicos y chicas de la sala verde T.M. al recordar a los veteranos y ca\u00eddos en la Guerra de Malvinas.<\/div>\n<div><\/div>\n<div><\/div>\n<div><img decoding=\"async\" loading=\"lazy\" class=\"wp-image-2630 aligncenter\" src=\"https:\/\/spangenberg-caba.infd.edu.ar\/sitio\/wp-content\/uploads\/2021\/04\/Inicial_20210331_183145-697x1000.jpg\" alt=\"\" width=\"461\" height=\"661\" srcset=\"https:\/\/spangenberg-caba.infd.edu.ar\/sitio\/wp-content\/uploads\/2021\/04\/Inicial_20210331_183145-697x1000.jpg 697w, https:\/\/spangenberg-caba.infd.edu.ar\/sitio\/wp-content\/uploads\/2021\/04\/Inicial_20210331_183145-768x1102.jpg 768w, https:\/\/spangenberg-caba.infd.edu.ar\/sitio\/wp-content\/uploads\/2021\/04\/Inicial_20210331_183145-1324x1900.jpg 1324w\" sizes=\"(max-width: 461px) 100vw, 461px\" \/><img decoding=\"async\" loading=\"lazy\" class=\"wp-image-2629 aligncenter\" src=\"https:\/\/spangenberg-caba.infd.edu.ar\/sitio\/wp-content\/uploads\/2021\/04\/Inicial_20210331_124705-1000x579.jpg\" alt=\"\" width=\"1095\" height=\"634\" srcset=\"https:\/\/spangenberg-caba.infd.edu.ar\/sitio\/wp-content\/uploads\/2021\/04\/Inicial_20210331_124705-1000x579.jpg 1000w, https:\/\/spangenberg-caba.infd.edu.ar\/sitio\/wp-content\/uploads\/2021\/04\/Inicial_20210331_124705-768x445.jpg 768w, https:\/\/spangenberg-caba.infd.edu.ar\/sitio\/wp-content\/uploads\/2021\/04\/Inicial_20210331_124705-1900x1100.jpg 1900w\" sizes=\"(max-width: 1095px) 100vw, 1095px\" \/><\/div>\n<div><img decoding=\"async\" loading=\"lazy\" class=\"wp-image-2631 aligncenter\" src=\"https:\/\/spangenberg-caba.infd.edu.ar\/sitio\/wp-content\/uploads\/2021\/04\/Inicial_20210405_115307-673x1000.jpg\" alt=\"\" width=\"613\" height=\"911\" srcset=\"https:\/\/spangenberg-caba.infd.edu.ar\/sitio\/wp-content\/uploads\/2021\/04\/Inicial_20210405_115307-673x1000.jpg 673w, https:\/\/spangenberg-caba.infd.edu.ar\/sitio\/wp-content\/uploads\/2021\/04\/Inicial_20210405_115307-768x1141.jpg 768w, https:\/\/spangenberg-caba.infd.edu.ar\/sitio\/wp-content\/uploads\/2021\/04\/Inicial_20210405_115307-1278x1900.jpg 1278w\" sizes=\"(max-width: 613px) 100vw, 613px\" \/><\/div>\n","protected":false},"excerpt":{"rendered":"<p>La sala verde comenz\u00f3 la \u00faltima semana del mes de marzo conversando junto a los chicos y chicas sobre la Guerra de Malvinas. Escribimos ideas y opiniones acerca de lo que conoc\u00edan de ese lugar y momento de nuestra historia mientras observ\u00e1bamos un mapa del pa\u00eds. Continuamos mirando los videos de\u00a0Un viaje a Malvinas\u00a0en los &#8230; <a title=\"Las Malvinas: memoria, reencuentros y sentimientos\" class=\"read-more\" href=\"https:\/\/spangenberg-caba.infd.edu.ar\/sitio\/las-malvinas-memoria-reencuentros-y-sentimientos\/\" aria-label=\"More on Las Malvinas: memoria, reencuentros y sentimientos\">[+]<\/a><\/p>\n","protected":false},"author":1112,"featured_media":0,"parent":0,"menu_order":0,"comment_status":"closed","ping_status":"closed","template":"","meta":[],"acf":[],"_links":{"self":[{"href":"https:\/\/spangenberg-caba.infd.edu.ar\/sitio\/wp-json\/wp\/v2\/pages\/2628"}],"collection":[{"href":"https:\/\/spangenberg-caba.infd.edu.ar\/sitio\/wp-json\/wp\/v2\/pages"}],"about":[{"href":"https:\/\/spangenberg-caba.infd.edu.ar\/sitio\/wp-json\/wp\/v2\/types\/page"}],"author":[{"embeddable":true,"href":"https:\/\/spangenberg-caba.infd.edu.ar\/sitio\/wp-json\/wp\/v2\/users\/1112"}],"replies":[{"embeddable":true,"href":"https:\/\/spangenberg-caba.infd.edu.ar\/sitio\/wp-json\/wp\/v2\/comments?post=2628"}],"version-history":[{"count":4,"href":"https:\/\/spangenberg-caba.infd.edu.ar\/sitio\/wp-json\/wp\/v2\/pages\/2628\/revisions"}],"predecessor-version":[{"id":3201,"href":"https:\/\/spangenberg-caba.infd.edu.ar\/sitio\/wp-json\/wp\/v2\/pages\/2628\/revisions\/3201"}],"wp:attachment":[{"href":"https:\/\/spangenberg-caba.infd.edu.ar\/sitio\/wp-json\/wp\/v2\/media?parent=2628"}],"curies":[{"name":"wp","href":"https:\/\/api.w.org\/{rel}","templated":true}]}}