{"id":2668,"date":"2021-06-30T01:05:38","date_gmt":"2021-06-30T04:05:38","guid":{"rendered":"https:\/\/spangenberg-caba.infd.edu.ar\/sitio\/?page_id=2668"},"modified":"2021-06-30T01:05:38","modified_gmt":"2021-06-30T04:05:38","slug":"traduccion-literaria-procesos-de-ensenanza-y-aprendizaje","status":"publish","type":"page","link":"https:\/\/spangenberg-caba.infd.edu.ar\/sitio\/traduccion-literaria-procesos-de-ensenanza-y-aprendizaje\/","title":{"rendered":"Traducci\u00f3n Literaria &#8211; Procesos de ense\u00f1anza y aprendizaje"},"content":{"rendered":"<p>&nbsp;<\/p>\n<h2 style=\"text-align: center;\"><strong><span style=\"color: #0000ff;\"><span style=\"color: #000000;\">Lanzamiento del primer libro de nuestro sello editorial\u00a0<\/span> \u00a0\u00a0<img decoding=\"async\" loading=\"lazy\" class=\"wp-image-2665 aligncenter\" src=\"https:\/\/spangenberg-caba.infd.edu.ar\/sitio\/wp-content\/uploads\/2021\/06\/EdicionesDelSofia-removebg-preview.png\" alt=\"\" width=\"376\" height=\"60\" \/><\/span><\/strong><\/h2>\n<p><a href=\"https:\/\/drive.google.com\/file\/d\/1NAnYjYVLAN8hVqxRrULZbfGdfBmGztPF\/view?usp=sharing\"><img decoding=\"async\" loading=\"lazy\" class=\"wp-image-2669 aligncenter\" src=\"https:\/\/spangenberg-caba.infd.edu.ar\/sitio\/wp-content\/uploads\/2021\/06\/TraduccionLiteraria-Procesos-de-ense\u00f1anza-y-aprendizaje.png\" alt=\"\" width=\"341\" height=\"499\" \/><\/a><\/p>\n<p><a href=\"https:\/\/drive.google.com\/file\/d\/1NAnYjYVLAN8hVqxRrULZbfGdfBmGztPF\/view?usp=sharing\">Traducci\u00f3n Literaria &#8211; Procesos de ense\u00f1anza y aprendizaje<\/a><\/p>\n<div style=\"text-align: left;\"><strong>Para abrir el archivo en un lector de pdf, debemos insertar la clave EDSTL1 (todo con may\u00fascula)<\/strong><\/div>\n<div style=\"text-align: left;\"><strong>Para imprimir el archivo, debemos insertar la clave EDSTL1I (todo con may\u00fasculas; despu\u00e9s del 1 hay una i may\u00fascula)<\/strong><\/div>\n<div style=\"text-align: left;\"><strong>Para enviarlo a Kindle o para leerlo en otros libros electr\u00f3nicos, los pasos son los siguientes:<\/strong><\/div>\n<div style=\"text-align: left;\"><strong>1) Insertar la clave EDSTL1I (todo con may\u00fasculas; despu\u00e9s del 1 hay una i may\u00fascula)<\/strong><\/div>\n<div style=\"text-align: left;\"><strong>2) Descargar el libro o imprimirlo con Ctrl+P<\/strong><\/div>\n<div style=\"text-align: left;\"><strong>3) En las opciones de impresi\u00f3n, seleccionar \u00abImprimir a un archivo\u00bb.<\/strong><\/div>\n<div style=\"text-align: left;\"><strong>4) Seleccionar ubicaci\u00f3n y denominar el archivo.<\/strong><\/div>\n<div style=\"text-align: left;\"><strong>5) Enviarlo al libro electr\u00f3nico por los medios habituales.<\/strong><\/div>\n<p>&nbsp;<\/p>\n","protected":false},"excerpt":{"rendered":"<p>&nbsp; Lanzamiento del primer libro de nuestro sello editorial\u00a0 \u00a0\u00a0 Traducci\u00f3n Literaria &#8211; Procesos de ense\u00f1anza y aprendizaje Para abrir el archivo en un lector de pdf, debemos insertar la clave EDSTL1 (todo con may\u00fascula) Para imprimir el archivo, debemos insertar la clave EDSTL1I (todo con may\u00fasculas; despu\u00e9s del 1 hay una i may\u00fascula) Para &#8230; <a title=\"Traducci\u00f3n Literaria &#8211; Procesos de ense\u00f1anza y aprendizaje\" class=\"read-more\" href=\"https:\/\/spangenberg-caba.infd.edu.ar\/sitio\/traduccion-literaria-procesos-de-ensenanza-y-aprendizaje\/\" aria-label=\"More on Traducci\u00f3n Literaria &#8211; Procesos de ense\u00f1anza y aprendizaje\">[+]<\/a><\/p>\n","protected":false},"author":1112,"featured_media":0,"parent":0,"menu_order":0,"comment_status":"closed","ping_status":"closed","template":"","meta":[],"acf":[],"_links":{"self":[{"href":"https:\/\/spangenberg-caba.infd.edu.ar\/sitio\/wp-json\/wp\/v2\/pages\/2668"}],"collection":[{"href":"https:\/\/spangenberg-caba.infd.edu.ar\/sitio\/wp-json\/wp\/v2\/pages"}],"about":[{"href":"https:\/\/spangenberg-caba.infd.edu.ar\/sitio\/wp-json\/wp\/v2\/types\/page"}],"author":[{"embeddable":true,"href":"https:\/\/spangenberg-caba.infd.edu.ar\/sitio\/wp-json\/wp\/v2\/users\/1112"}],"replies":[{"embeddable":true,"href":"https:\/\/spangenberg-caba.infd.edu.ar\/sitio\/wp-json\/wp\/v2\/comments?post=2668"}],"version-history":[{"count":5,"href":"https:\/\/spangenberg-caba.infd.edu.ar\/sitio\/wp-json\/wp\/v2\/pages\/2668\/revisions"}],"predecessor-version":[{"id":2675,"href":"https:\/\/spangenberg-caba.infd.edu.ar\/sitio\/wp-json\/wp\/v2\/pages\/2668\/revisions\/2675"}],"wp:attachment":[{"href":"https:\/\/spangenberg-caba.infd.edu.ar\/sitio\/wp-json\/wp\/v2\/media?parent=2668"}],"curies":[{"name":"wp","href":"https:\/\/api.w.org\/{rel}","templated":true}]}}