{"id":2764,"date":"2021-10-23T09:57:57","date_gmt":"2021-10-23T12:57:57","guid":{"rendered":"https:\/\/spangenberg-caba.infd.edu.ar\/sitio\/?page_id=2764"},"modified":"2024-09-23T14:25:38","modified_gmt":"2024-09-23T17:25:38","slug":"ingreso-2022-examenes-de-admision","status":"publish","type":"page","link":"https:\/\/spangenberg-caba.infd.edu.ar\/sitio\/ingreso-2022-examenes-de-admision\/","title":{"rendered":"Ingreso 2025 &#8211; Ex\u00e1menes de Admisi\u00f3n"},"content":{"rendered":"\n<p><strong><span class=\"has-inline-color has-vivid-cyan-blue-color\">EX\u00c1MENES DE ADMISI\u00d3N &#8211; FRANC\u00c9S<\/span><\/strong> <\/p>\n\n\n\n<figure class=\"wp-block-image size-large\"><img decoding=\"async\" loading=\"lazy\" width=\"89\" height=\"89\" src=\"https:\/\/spangenberg-caba.infd.edu.ar\/sitio\/wp-content\/uploads\/2020\/09\/Frances.png\" alt=\"\" class=\"wp-image-2369\"\/><\/figure>\n\n\n\n<div class=\"wp-block-file\"><a id=\"wp-block-file--media-4fd2bb0a-b21a-4cfb-b171-b22e9e086003\" href=\"https:\/\/spangenberg-caba.infd.edu.ar\/sitio\/wp-content\/uploads\/2021\/10\/1\u00b0grado-Programa-y-planificacion-2021.pdf\">1\u00b0grado &#8211; Programa y planificaci\u00f3n<\/a><a href=\"https:\/\/spangenberg-caba.infd.edu.ar\/sitio\/wp-content\/uploads\/2021\/10\/1\u00b0grado-Programa-y-planificacion-2021.pdf\" class=\"wp-block-file__button wp-element-button\" download aria-describedby=\"wp-block-file--media-4fd2bb0a-b21a-4cfb-b171-b22e9e086003\">Descarga<\/a><\/div>\n\n\n\n<div class=\"wp-block-file\"><a id=\"wp-block-file--media-09790d97-3bfa-4534-8027-f535e9485055\" href=\"https:\/\/spangenberg-caba.infd.edu.ar\/sitio\/wp-content\/uploads\/2021\/10\/2\u00b0grado-Programa-2021.pdf\">2\u00b0grado &#8211; Programa y planificaci\u00f3n<\/a><a href=\"https:\/\/spangenberg-caba.infd.edu.ar\/sitio\/wp-content\/uploads\/2021\/10\/2\u00b0grado-Programa-2021.pdf\" class=\"wp-block-file__button wp-element-button\" download aria-describedby=\"wp-block-file--media-09790d97-3bfa-4534-8027-f535e9485055\">Descarga<\/a><\/div>\n\n\n\n<div class=\"wp-block-file\"><a id=\"wp-block-file--media-2fd09631-6024-4201-ba65-71d079bdc2e6\" href=\"https:\/\/spangenberg-caba.infd.edu.ar\/sitio\/wp-content\/uploads\/2021\/10\/3ogrado-Programa-y-planificacion-2021.pdf\">3\u00bagrado &#8211; Programa y planificaci\u00f3n<\/a><a href=\"https:\/\/spangenberg-caba.infd.edu.ar\/sitio\/wp-content\/uploads\/2021\/10\/3ogrado-Programa-y-planificacion-2021.pdf\" class=\"wp-block-file__button wp-element-button\" download aria-describedby=\"wp-block-file--media-2fd09631-6024-4201-ba65-71d079bdc2e6\">Descarga<\/a><\/div>\n\n\n\n<div class=\"wp-block-file\"><a id=\"wp-block-file--media-55e25e99-6a4d-4175-9384-150e9ea10c54\" href=\"https:\/\/spangenberg-caba.infd.edu.ar\/sitio\/wp-content\/uploads\/2021\/10\/4ogrado-Programa-y-planificacion-2021.pdf\">4\u00bagrado &#8211; Programa y planificaci\u00f3n<\/a><a href=\"https:\/\/spangenberg-caba.infd.edu.ar\/sitio\/wp-content\/uploads\/2021\/10\/4ogrado-Programa-y-planificacion-2021.pdf\" class=\"wp-block-file__button wp-element-button\" download aria-describedby=\"wp-block-file--media-55e25e99-6a4d-4175-9384-150e9ea10c54\">Descarga<\/a><\/div>\n\n\n\n<div class=\"wp-block-file\"><a id=\"wp-block-file--media-9e23018b-e70c-433b-a608-fee07651ec57\" href=\"https:\/\/spangenberg-caba.infd.edu.ar\/sitio\/wp-content\/uploads\/2021\/10\/5o-grado-Programa-y-planificacion-2021.pdf\">5\u00ba grado &#8211; Programa y planificaci\u00f3n<\/a><a href=\"https:\/\/spangenberg-caba.infd.edu.ar\/sitio\/wp-content\/uploads\/2021\/10\/5o-grado-Programa-y-planificacion-2021.pdf\" class=\"wp-block-file__button wp-element-button\" download aria-describedby=\"wp-block-file--media-9e23018b-e70c-433b-a608-fee07651ec57\">Descarga<\/a><\/div>\n\n\n\n<div class=\"wp-block-file\"><a id=\"wp-block-file--media-5878b46c-37cb-48c4-9a22-501714b81553\" href=\"https:\/\/spangenberg-caba.infd.edu.ar\/sitio\/wp-content\/uploads\/2021\/10\/6ogrado-Programa-y-planificacion-2021.pdf\">6\u00bagrado &#8211; Programa y planificaci\u00f3n <\/a><a href=\"https:\/\/spangenberg-caba.infd.edu.ar\/sitio\/wp-content\/uploads\/2021\/10\/6ogrado-Programa-y-planificacion-2021.pdf\" class=\"wp-block-file__button wp-element-button\" download aria-describedby=\"wp-block-file--media-5878b46c-37cb-48c4-9a22-501714b81553\">Descarga<\/a><\/div>\n\n\n\n<div class=\"wp-block-file\"><a id=\"wp-block-file--media-503ac0ee-119f-4d08-8485-d6543192c17f\" href=\"https:\/\/spangenberg-caba.infd.edu.ar\/sitio\/wp-content\/uploads\/2021\/10\/7\u00b0grado-Programa-y-planificacion-2021.pdf\">7\u00b0grado &#8211; Programa y planificaci\u00f3n<\/a><a href=\"https:\/\/spangenberg-caba.infd.edu.ar\/sitio\/wp-content\/uploads\/2021\/10\/7\u00b0grado-Programa-y-planificacion-2021.pdf\" class=\"wp-block-file__button wp-element-button\" download aria-describedby=\"wp-block-file--media-503ac0ee-119f-4d08-8485-d6543192c17f\">Descarga<\/a><\/div>\n\n\n\n<p><strong><span class=\"has-inline-color has-vivid-red-color\">EX\u00c1MENES DE ADMISI\u00d3N &#8211; INGL\u00c9S<\/span><\/strong><\/p>\n\n\n\n<figure class=\"wp-block-image size-large is-style-rounded\"><img decoding=\"async\" loading=\"lazy\" width=\"97\" height=\"109\" src=\"https:\/\/spangenberg-caba.infd.edu.ar\/sitio\/wp-content\/uploads\/2020\/09\/Ingles.png\" alt=\"\" class=\"wp-image-2370\"\/><\/figure>\n\n\n\n<div class=\"wp-block-file\"><a id=\"wp-block-file--media-50107d66-4879-4723-aad7-2ed721a968a2\" href=\"https:\/\/spangenberg-caba.infd.edu.ar\/sitio\/wp-content\/uploads\/2021\/10\/Admision-a-2o.pdf\">2\u00ba grado &#8211; Admisi\u00f3n<\/a><a href=\"https:\/\/spangenberg-caba.infd.edu.ar\/sitio\/wp-content\/uploads\/2021\/10\/Admision-a-2o.pdf\" class=\"wp-block-file__button wp-element-button\" download aria-describedby=\"wp-block-file--media-50107d66-4879-4723-aad7-2ed721a968a2\">Descarga<\/a><\/div>\n\n\n\n<div class=\"wp-block-file\"><a id=\"wp-block-file--media-d3b8899e-996c-4ab0-888d-f85ded9351e4\" href=\"https:\/\/spangenberg-caba.infd.edu.ar\/sitio\/wp-content\/uploads\/2021\/10\/Examen-de-ingreso-a-3\u00b0-grado.pdf\">3\u00ba grado &#8211; Admisi\u00f3n<\/a><a href=\"https:\/\/spangenberg-caba.infd.edu.ar\/sitio\/wp-content\/uploads\/2021\/10\/Examen-de-ingreso-a-3\u00b0-grado.pdf\" class=\"wp-block-file__button wp-element-button\" download aria-describedby=\"wp-block-file--media-d3b8899e-996c-4ab0-888d-f85ded9351e4\">Descarga<\/a><\/div>\n\n\n\n<div class=\"wp-block-file\"><a id=\"wp-block-file--media-77eac89b-d517-4847-8dc1-7f715f3a14b7\" href=\"https:\/\/spangenberg-caba.infd.edu.ar\/sitio\/wp-content\/uploads\/2021\/10\/Admision-a-4\u00b0grado-ingles-nivel-primario.pdf\">4\u00ba grado &#8211; Admisi\u00f3n<\/a><a href=\"https:\/\/spangenberg-caba.infd.edu.ar\/sitio\/wp-content\/uploads\/2021\/10\/Admision-a-4\u00b0grado-ingles-nivel-primario.pdf\" class=\"wp-block-file__button wp-element-button\" download aria-describedby=\"wp-block-file--media-77eac89b-d517-4847-8dc1-7f715f3a14b7\">Descarga<\/a><\/div>\n\n\n\n<div class=\"wp-block-file\"><a id=\"wp-block-file--media-c723f5cc-1558-475d-b371-f156185a4dfa\" href=\"https:\/\/spangenberg-caba.infd.edu.ar\/sitio\/wp-content\/uploads\/2021\/10\/ADMISION-A-5TO.pdf\">5\u00ba grado &#8211; Admisi\u00f3n<\/a><a href=\"https:\/\/spangenberg-caba.infd.edu.ar\/sitio\/wp-content\/uploads\/2021\/10\/ADMISION-A-5TO.pdf\" class=\"wp-block-file__button wp-element-button\" download aria-describedby=\"wp-block-file--media-c723f5cc-1558-475d-b371-f156185a4dfa\">Descarga<\/a><\/div>\n\n\n\n<div class=\"wp-block-file\"><a id=\"wp-block-file--media-81d03bf2-ae38-4383-8591-291118819cdb\" href=\"https:\/\/spangenberg-caba.infd.edu.ar\/sitio\/wp-content\/uploads\/2021\/10\/Admision-a-6to.pdf\">6\u00ba grado &#8211; Admisi\u00f3n<\/a><a href=\"https:\/\/spangenberg-caba.infd.edu.ar\/sitio\/wp-content\/uploads\/2021\/10\/Admision-a-6to.pdf\" class=\"wp-block-file__button wp-element-button\" download aria-describedby=\"wp-block-file--media-81d03bf2-ae38-4383-8591-291118819cdb\">Descarga<\/a><\/div>\n\n\n\n<div class=\"wp-block-file\"><a id=\"wp-block-file--media-8f45e3dd-119d-416e-a7b8-752db4511a10\" href=\"https:\/\/spangenberg-caba.infd.edu.ar\/sitio\/wp-content\/uploads\/2021\/10\/admision-a-7mo.pdf\">7\u00ba grado &#8211; Admisi\u00f3n<\/a><a href=\"https:\/\/spangenberg-caba.infd.edu.ar\/sitio\/wp-content\/uploads\/2021\/10\/admision-a-7mo.pdf\" class=\"wp-block-file__button wp-element-button\" download aria-describedby=\"wp-block-file--media-8f45e3dd-119d-416e-a7b8-752db4511a10\">Descarga<\/a><\/div>\n\n\n\n<div class=\"wp-block-file\"><a id=\"wp-block-file--media-1131c3c8-5c54-4aa4-82bd-534c9a8c0110\" href=\"https:\/\/spangenberg-caba.infd.edu.ar\/sitio\/wp-content\/uploads\/2021\/10\/CD2-Audio-80-Activity-02.mp3\">CD2-Audio-80-Activity-02<\/a><a href=\"https:\/\/spangenberg-caba.infd.edu.ar\/sitio\/wp-content\/uploads\/2021\/10\/CD2-Audio-80-Activity-02.mp3\" class=\"wp-block-file__button wp-element-button\" download aria-describedby=\"wp-block-file--media-1131c3c8-5c54-4aa4-82bd-534c9a8c0110\">Descarga<\/a><\/div>\n\n\n\n<div class=\"wp-block-file\"><a id=\"wp-block-file--media-7ca76b30-2f44-4fea-8d36-3ac55d6e1e1d\" href=\"https:\/\/spangenberg-caba.infd.edu.ar\/sitio\/wp-content\/uploads\/2021\/10\/CD2-Audio-81-Activity-05.mp3\">CD2-Audio-81-Activity-05<\/a><a href=\"https:\/\/spangenberg-caba.infd.edu.ar\/sitio\/wp-content\/uploads\/2021\/10\/CD2-Audio-81-Activity-05.mp3\" class=\"wp-block-file__button wp-element-button\" download aria-describedby=\"wp-block-file--media-7ca76b30-2f44-4fea-8d36-3ac55d6e1e1d\">Descarga<\/a><\/div>\n","protected":false},"excerpt":{"rendered":"<p>EX\u00c1MENES DE ADMISI\u00d3N &#8211; FRANC\u00c9S EX\u00c1MENES DE ADMISI\u00d3N &#8211; INGL\u00c9S<\/p>\n","protected":false},"author":1112,"featured_media":0,"parent":0,"menu_order":0,"comment_status":"closed","ping_status":"closed","template":"","meta":[],"acf":[],"_links":{"self":[{"href":"https:\/\/spangenberg-caba.infd.edu.ar\/sitio\/wp-json\/wp\/v2\/pages\/2764"}],"collection":[{"href":"https:\/\/spangenberg-caba.infd.edu.ar\/sitio\/wp-json\/wp\/v2\/pages"}],"about":[{"href":"https:\/\/spangenberg-caba.infd.edu.ar\/sitio\/wp-json\/wp\/v2\/types\/page"}],"author":[{"embeddable":true,"href":"https:\/\/spangenberg-caba.infd.edu.ar\/sitio\/wp-json\/wp\/v2\/users\/1112"}],"replies":[{"embeddable":true,"href":"https:\/\/spangenberg-caba.infd.edu.ar\/sitio\/wp-json\/wp\/v2\/comments?post=2764"}],"version-history":[{"count":3,"href":"https:\/\/spangenberg-caba.infd.edu.ar\/sitio\/wp-json\/wp\/v2\/pages\/2764\/revisions"}],"predecessor-version":[{"id":3664,"href":"https:\/\/spangenberg-caba.infd.edu.ar\/sitio\/wp-json\/wp\/v2\/pages\/2764\/revisions\/3664"}],"wp:attachment":[{"href":"https:\/\/spangenberg-caba.infd.edu.ar\/sitio\/wp-json\/wp\/v2\/media?parent=2764"}],"curies":[{"name":"wp","href":"https:\/\/api.w.org\/{rel}","templated":true}]}}