{"id":2826,"date":"2021-12-22T16:36:56","date_gmt":"2021-12-22T19:36:56","guid":{"rendered":"https:\/\/spangenberg-caba.infd.edu.ar\/sitio\/?page_id=2826"},"modified":"2021-12-22T16:36:57","modified_gmt":"2021-12-22T19:36:57","slug":"a-toda-la-comunidad-educativa-de-la-ens-sb-de-spangenberg","status":"publish","type":"page","link":"https:\/\/spangenberg-caba.infd.edu.ar\/sitio\/a-toda-la-comunidad-educativa-de-la-ens-sb-de-spangenberg\/","title":{"rendered":"A toda la comunidad educativa de la ENS SB de Spangenberg:"},"content":{"rendered":"\n<p>Cerramos un a\u00f1o lectivo diferente, desafiante, y complejo. Un tiempo que nos interpel\u00f3 como personas y como escuela y nos impuso una necesidad constante de readaptaci\u00f3n.<br>De este modo fuimos avanzando hasta llegar a este ultimo d\u00eda del ciclo lectivo 2021, en el que nos despedimos hasta el a\u00f1o que viene. En este punto, queremos desearle a cada estudiante, docente, no docente y familia lo mejor para este futuro que vamos a estrenar. Tambi\u00e9n les hacemos llegar nuestro agradecimiento por el esfuerzo realizado y el apoyo a la labor de cada nivel de nuestra instituci\u00f3n.<br>Les deseamos que puedan reponer energ\u00edas, descansar y reencontrarse con sus afectos.<br>Nos vemos en febrero para seguir caminando, ense\u00f1ando y aprendiendo juntos\/as.<br>Felices vacaciones!<\/p>\n\n\n\n<p><strong><span class=\"has-inline-color has-vivid-cyan-blue-color\">El Rectorado<\/span><\/strong><br>Lic. Sonia Schr\u00f6der<br>Mag. Cynthia Fridman<\/p>\n","protected":false},"excerpt":{"rendered":"<p>Cerramos un a\u00f1o lectivo diferente, desafiante, y complejo. Un tiempo que nos interpel\u00f3 como personas y como escuela y nos impuso una necesidad constante de readaptaci\u00f3n.De este modo fuimos avanzando hasta llegar a este ultimo d\u00eda del ciclo lectivo 2021, en el que nos despedimos hasta el a\u00f1o que viene. En este punto, queremos desearle &#8230; <a title=\"A toda la comunidad educativa de la ENS SB de Spangenberg:\" class=\"read-more\" href=\"https:\/\/spangenberg-caba.infd.edu.ar\/sitio\/a-toda-la-comunidad-educativa-de-la-ens-sb-de-spangenberg\/\" aria-label=\"More on A toda la comunidad educativa de la ENS SB de Spangenberg:\">[+]<\/a><\/p>\n","protected":false},"author":1112,"featured_media":0,"parent":0,"menu_order":0,"comment_status":"closed","ping_status":"closed","template":"","meta":[],"acf":[],"_links":{"self":[{"href":"https:\/\/spangenberg-caba.infd.edu.ar\/sitio\/wp-json\/wp\/v2\/pages\/2826"}],"collection":[{"href":"https:\/\/spangenberg-caba.infd.edu.ar\/sitio\/wp-json\/wp\/v2\/pages"}],"about":[{"href":"https:\/\/spangenberg-caba.infd.edu.ar\/sitio\/wp-json\/wp\/v2\/types\/page"}],"author":[{"embeddable":true,"href":"https:\/\/spangenberg-caba.infd.edu.ar\/sitio\/wp-json\/wp\/v2\/users\/1112"}],"replies":[{"embeddable":true,"href":"https:\/\/spangenberg-caba.infd.edu.ar\/sitio\/wp-json\/wp\/v2\/comments?post=2826"}],"version-history":[{"count":1,"href":"https:\/\/spangenberg-caba.infd.edu.ar\/sitio\/wp-json\/wp\/v2\/pages\/2826\/revisions"}],"predecessor-version":[{"id":2827,"href":"https:\/\/spangenberg-caba.infd.edu.ar\/sitio\/wp-json\/wp\/v2\/pages\/2826\/revisions\/2827"}],"wp:attachment":[{"href":"https:\/\/spangenberg-caba.infd.edu.ar\/sitio\/wp-json\/wp\/v2\/media?parent=2826"}],"curies":[{"name":"wp","href":"https:\/\/api.w.org\/{rel}","templated":true}]}}