{"id":3124,"date":"2024-03-22T14:26:30","date_gmt":"2024-03-22T17:26:30","guid":{"rendered":"https:\/\/spangenberg-caba.infd.edu.ar\/sitio\/?page_id=3124"},"modified":"2025-02-13T23:31:58","modified_gmt":"2025-02-14T02:31:58","slug":"documentos-importantes","status":"publish","type":"page","link":"https:\/\/spangenberg-caba.infd.edu.ar\/sitio\/documentos-importantes\/","title":{"rendered":"Documentos importantes"},"content":{"rendered":"\n<p>En esta secci\u00f3n, podr\u00e1n descargar los siguientes documentos:<\/p>\n\n\n\n<ul>\n<li><a href=\"https:\/\/drive.google.com\/file\/d\/1Oq--9fjTmQg1bC3F4iHF0_Yk5tERujs6\/view?usp=sharing\">Autorizaci\u00f3n evacuaci\u00f3n y publicaci\u00f3n de imagen<\/a><\/li>\n\n\n\n<li><a href=\"https:\/\/drive.google.com\/file\/d\/1uMtzHTNoj8HXl6ZXoTqHEa5I0hx3gsDs\/view?usp=sharing\">Autorizaci\u00f3n transportista<\/a><\/li>\n\n\n\n<li><a href=\"https:\/\/drive.google.com\/file\/d\/1FMCzD-RExlHm9b2dfEIRtSAf_9KuuwD3\/view?usp=sharing\">Autorizaci\u00f3n ejercicios de evacuaci\u00f3n (Mitigaci\u00f3n de riesgos)<\/a><\/li>\n\n\n\n<li><a href=\"https:\/\/drive.google.com\/file\/d\/1DP7jvGfIuzRHIgqIWJLdd0VUhPX3w6Op\/view?usp=sharing\">Autorizaci\u00f3n uso de la imagen (GCBA)<\/a><\/li>\n\n\n\n<li><a href=\"https:\/\/drive.google.com\/file\/d\/1t1DzcEsEEN4Ocx3pTifcuWGzEJUd4p4c\/view?usp=sharing\">Reglamentaci\u00f3n institucional<\/a><\/li>\n\n\n\n<li><a href=\"https:\/\/drive.google.com\/file\/d\/1_boZ8lf6Mr_8sC46WVQBI5XX_9P0Vtql\/view?usp=sharing\">R\u00e9gimen de asistencia y regularidad 2025<\/a><\/li>\n\n\n\n<li><a href=\"https:\/\/drive.google.com\/file\/d\/1hPk_peFD-HGgLtdP08HQEddNublWgmiV\/view?usp=sharing\">Planilla de salud<\/a><\/li>\n\n\n\n<li><a href=\"https:\/\/drive.google.com\/file\/d\/11XFIZ4XfPOaJBW6Sl-Luf8aRIQUF5PS4\/view?usp=sharing\">Formulario cooperadora<\/a><\/li>\n\n\n\n<li><a href=\"https:\/\/drive.google.com\/file\/d\/17JwwHKlyRGokbPxporyVyT5n__fHjlth\/view?usp=sharing\">Constancia de alumno\/a regular<\/a><\/li>\n<\/ul>\n","protected":false},"excerpt":{"rendered":"<p>En esta secci\u00f3n, podr\u00e1n descargar los siguientes documentos:<\/p>\n","protected":false},"author":1749,"featured_media":0,"parent":0,"menu_order":0,"comment_status":"closed","ping_status":"closed","template":"","meta":[],"acf":[],"_links":{"self":[{"href":"https:\/\/spangenberg-caba.infd.edu.ar\/sitio\/wp-json\/wp\/v2\/pages\/3124"}],"collection":[{"href":"https:\/\/spangenberg-caba.infd.edu.ar\/sitio\/wp-json\/wp\/v2\/pages"}],"about":[{"href":"https:\/\/spangenberg-caba.infd.edu.ar\/sitio\/wp-json\/wp\/v2\/types\/page"}],"author":[{"embeddable":true,"href":"https:\/\/spangenberg-caba.infd.edu.ar\/sitio\/wp-json\/wp\/v2\/users\/1749"}],"replies":[{"embeddable":true,"href":"https:\/\/spangenberg-caba.infd.edu.ar\/sitio\/wp-json\/wp\/v2\/comments?post=3124"}],"version-history":[{"count":14,"href":"https:\/\/spangenberg-caba.infd.edu.ar\/sitio\/wp-json\/wp\/v2\/pages\/3124\/revisions"}],"predecessor-version":[{"id":3773,"href":"https:\/\/spangenberg-caba.infd.edu.ar\/sitio\/wp-json\/wp\/v2\/pages\/3124\/revisions\/3773"}],"wp:attachment":[{"href":"https:\/\/spangenberg-caba.infd.edu.ar\/sitio\/wp-json\/wp\/v2\/media?parent=3124"}],"curies":[{"name":"wp","href":"https:\/\/api.w.org\/{rel}","templated":true}]}}