{"id":3188,"date":"2024-04-09T18:57:45","date_gmt":"2024-04-09T21:57:45","guid":{"rendered":"https:\/\/spangenberg-caba.infd.edu.ar\/sitio\/?page_id=3188"},"modified":"2024-04-09T19:02:22","modified_gmt":"2024-04-09T22:02:22","slug":"orientaciones","status":"publish","type":"page","link":"https:\/\/spangenberg-caba.infd.edu.ar\/sitio\/orientaciones\/","title":{"rendered":"Orientaciones"},"content":{"rendered":"\n<p>El Nivel Medio de nuestra escuela est\u00e1 organizado a partir de un<strong> Ciclo B\u00e1sico <\/strong>que cuenta con una carga horaria de siete horas semanales de primer idioma Ingl\u00e9s o Franc\u00e9s entre 1\u00b0 y 2\u00b0 a\u00f1o.<\/p>\n\n\n\n<p>Luego, el <strong>Ciclo Superior <\/strong>(a partir de 3\u00b0 a\u00f1o)<strong> <\/strong>ofrece cuatro modalidades de Bachillerato. A saber:<\/p>\n\n\n\n<ul>\n<li><strong><a href=\"https:\/\/docs.google.com\/document\/d\/1UGr4QM05eOhEV1n8phyzKlMLuRNOGCHD\/edit?usp=sharing&amp;ouid=110588124607625151546&amp;rtpof=true&amp;sd=true\" target=\"_blank\" rel=\"noreferrer noopener\">BACHILLERATO EN LENGUAS (Biling\u00fce)<\/a><\/strong>: esta orientaci\u00f3n ofrece a los estudiantes el estudio de tres lenguas&nbsp; adicionales.&nbsp;<\/li>\n\n\n\n<li><strong><a href=\"https:\/\/docs.google.com\/document\/d\/1kdcNbifDB3F-Fp649t0psA0jNKpvdwOr\/edit?usp=sharing&amp;ouid=110588124607625151546&amp;rtpof=true&amp;sd=true\">BACHILLERATO EN LITERATURA<\/a><\/strong>:&nbsp; esta formaci\u00f3n&nbsp; les permitir\u00e1 la los\/as egresados\/as un acercamiento anal\u00edtico y experiencial de la literatura como un fen\u00f3meno&nbsp; art\u00edstico, personal y social.&nbsp;<\/li>\n\n\n\n<li><strong><a href=\"https:\/\/docs.google.com\/document\/d\/15hWPEWDVXm3DeSp4BB1M_TaBUyW8MUx6\/edit?usp=sharing&amp;ouid=110588124607625151546&amp;rtpof=true&amp;sd=true\">BACHILLERATO EN CIENCIAS SOCIALES Y HUMANIDADES<\/a><\/strong>: permite que los estudiantes ampl\u00eden y profundicen el conocimiento el&nbsp; mundo social, sus procesos y producciones, a trav\u00e9s de un enfoque multidimensional e&nbsp; interdisciplinar.&nbsp;<\/li>\n\n\n\n<li><strong><a href=\"https:\/\/docs.google.com\/document\/d\/1QhvqrOZeAg6IC0ELzTe6LC36Jc69cxjE\/edit?usp=sharing&amp;ouid=110588124607625151546&amp;rtpof=true&amp;sd=true\">BACHILLERATO EN CIENCIAS NATURALES<\/a><\/strong>: ofrece comprensi\u00f3n y  conocimiento\u00a0 en tem\u00e1ticas vinculadas con la ciencia, la tecnolog\u00eda y el ambiente. Tambi\u00e9n la posibilidad de profundizar en las\u00a0 metodolog\u00edas de trabajo propias de las ciencias naturales (Biolog\u00eda, F\u00edsica y Qu\u00edmica), y de\u00a0 facilitar una participaci\u00f3n ciudadana informada en la agenda de controversias y debates\u00a0 p\u00fablicos vinculados con estos temas.\u00a0\u00a0<\/li>\n<\/ul>\n\n\n\n<p>Adem\u00e1s, desde 1988, el Leng\u00fcitas ofrece a sus estudiantes la posibilidad de acreditar el Programa del Diploma (PD) del <a href=\"https:\/\/docs.google.com\/document\/d\/1uqflu19r0Ldrld7ijvnUlPHtNaezguK3\/edit?usp=sharing&amp;ouid=110588124607625151546&amp;rtpof=true&amp;sd=true\">Bachillerato Internacional\u00ae (IB).<\/a> El t\u00edtulo que otorga se encuentra reconocido por prestigiosas universidades de todo el mundo. Aquellos estudiantes que eligen realizar el Bachillerato&nbsp; Internacional comienzan la cursada en 4\u00b0 a\u00f1o y contin\u00faan en 5\u00b0 a\u00f1o.<\/p>\n","protected":false},"excerpt":{"rendered":"<p>El Nivel Medio de nuestra escuela est\u00e1 organizado a partir de un Ciclo B\u00e1sico que cuenta con una carga horaria de siete horas semanales de primer idioma Ingl\u00e9s o Franc\u00e9s entre 1\u00b0 y 2\u00b0 a\u00f1o. Luego, el Ciclo Superior (a partir de 3\u00b0 a\u00f1o) ofrece cuatro modalidades de Bachillerato. A saber: Adem\u00e1s, desde 1988, el &#8230; <a title=\"Orientaciones\" class=\"read-more\" href=\"https:\/\/spangenberg-caba.infd.edu.ar\/sitio\/orientaciones\/\" aria-label=\"More on Orientaciones\">[+]<\/a><\/p>\n","protected":false},"author":1749,"featured_media":0,"parent":0,"menu_order":0,"comment_status":"closed","ping_status":"closed","template":"","meta":[],"acf":[],"_links":{"self":[{"href":"https:\/\/spangenberg-caba.infd.edu.ar\/sitio\/wp-json\/wp\/v2\/pages\/3188"}],"collection":[{"href":"https:\/\/spangenberg-caba.infd.edu.ar\/sitio\/wp-json\/wp\/v2\/pages"}],"about":[{"href":"https:\/\/spangenberg-caba.infd.edu.ar\/sitio\/wp-json\/wp\/v2\/types\/page"}],"author":[{"embeddable":true,"href":"https:\/\/spangenberg-caba.infd.edu.ar\/sitio\/wp-json\/wp\/v2\/users\/1749"}],"replies":[{"embeddable":true,"href":"https:\/\/spangenberg-caba.infd.edu.ar\/sitio\/wp-json\/wp\/v2\/comments?post=3188"}],"version-history":[{"count":3,"href":"https:\/\/spangenberg-caba.infd.edu.ar\/sitio\/wp-json\/wp\/v2\/pages\/3188\/revisions"}],"predecessor-version":[{"id":3192,"href":"https:\/\/spangenberg-caba.infd.edu.ar\/sitio\/wp-json\/wp\/v2\/pages\/3188\/revisions\/3192"}],"wp:attachment":[{"href":"https:\/\/spangenberg-caba.infd.edu.ar\/sitio\/wp-json\/wp\/v2\/media?parent=3188"}],"curies":[{"name":"wp","href":"https:\/\/api.w.org\/{rel}","templated":true}]}}