{"id":3193,"date":"2024-04-09T19:08:10","date_gmt":"2024-04-09T22:08:10","guid":{"rendered":"https:\/\/spangenberg-caba.infd.edu.ar\/sitio\/?page_id=3193"},"modified":"2025-02-13T12:53:49","modified_gmt":"2025-02-13T15:53:49","slug":"documentos-importantes-2","status":"publish","type":"page","link":"https:\/\/spangenberg-caba.infd.edu.ar\/sitio\/documentos-importantes-2\/","title":{"rendered":"Documentos importantes"},"content":{"rendered":"\n<p>En esta secci\u00f3n, podr\u00e1n descargar los siguientes documentos de inter\u00e9s, indispensables para la matriculaci\u00f3n 2025:<\/p>\n\n\n\n<ul>\n<li><a href=\"https:\/\/drive.google.com\/file\/d\/1ICiRI6pPRucp8nYq8_E_qNT84LJfwtEX\/view?usp=sharing\">FORMULARIOS PARA COMPLETAR<\/a><\/li>\n<\/ul>\n\n\n\n<p>Toda esta documentaci\u00f3n deber\u00e1n presentarla completa al inicio del ciclo lectivo. Pueden descargarla y completarla o comprarla impresa en la fotocopiadora que funciona en el subsuelo de la instituci\u00f3n. <\/p>\n\n\n\n<p><\/p>\n","protected":false},"excerpt":{"rendered":"<p>En esta secci\u00f3n, podr\u00e1n descargar los siguientes documentos de inter\u00e9s, indispensables para la matriculaci\u00f3n 2025: Toda esta documentaci\u00f3n deber\u00e1n presentarla completa al inicio del ciclo lectivo. Pueden descargarla y completarla o comprarla impresa en la fotocopiadora que funciona en el subsuelo de la instituci\u00f3n.<\/p>\n","protected":false},"author":1749,"featured_media":0,"parent":0,"menu_order":0,"comment_status":"closed","ping_status":"closed","template":"","meta":[],"acf":[],"_links":{"self":[{"href":"https:\/\/spangenberg-caba.infd.edu.ar\/sitio\/wp-json\/wp\/v2\/pages\/3193"}],"collection":[{"href":"https:\/\/spangenberg-caba.infd.edu.ar\/sitio\/wp-json\/wp\/v2\/pages"}],"about":[{"href":"https:\/\/spangenberg-caba.infd.edu.ar\/sitio\/wp-json\/wp\/v2\/types\/page"}],"author":[{"embeddable":true,"href":"https:\/\/spangenberg-caba.infd.edu.ar\/sitio\/wp-json\/wp\/v2\/users\/1749"}],"replies":[{"embeddable":true,"href":"https:\/\/spangenberg-caba.infd.edu.ar\/sitio\/wp-json\/wp\/v2\/comments?post=3193"}],"version-history":[{"count":9,"href":"https:\/\/spangenberg-caba.infd.edu.ar\/sitio\/wp-json\/wp\/v2\/pages\/3193\/revisions"}],"predecessor-version":[{"id":3758,"href":"https:\/\/spangenberg-caba.infd.edu.ar\/sitio\/wp-json\/wp\/v2\/pages\/3193\/revisions\/3758"}],"wp:attachment":[{"href":"https:\/\/spangenberg-caba.infd.edu.ar\/sitio\/wp-json\/wp\/v2\/media?parent=3193"}],"curies":[{"name":"wp","href":"https:\/\/api.w.org\/{rel}","templated":true}]}}