{"id":3240,"date":"2024-04-11T11:48:52","date_gmt":"2024-04-11T14:48:52","guid":{"rendered":"https:\/\/spangenberg-caba.infd.edu.ar\/sitio\/?page_id=3240"},"modified":"2024-04-11T11:48:54","modified_gmt":"2024-04-11T14:48:54","slug":"postitulos","status":"publish","type":"page","link":"https:\/\/spangenberg-caba.infd.edu.ar\/sitio\/postitulos\/","title":{"rendered":"POST\u00cdTULOS"},"content":{"rendered":"\n<p>Nuestra instituci\u00f3n dicta regularmente diferentes post\u00edtulos orientados principalmente a profesionales de las lenguas extranjeras que deseen profundizar en algunos aspectos de su ense\u00f1anza y\/o traducci\u00f3n. <\/p>\n\n\n\n<p>Actualmente, contamos con los siguientes post\u00edtulos:<\/p>\n\n\n\n<ul>\n<li><em>Actualizaci\u00f3n Acad\u00e9mica en la Ense\u00f1anza de la Lengua\u00a0 Adicional Ingl\u00e9s<\/em><\/li>\n\n\n\n<li><em>Actualizaci\u00f3n en Adaptaci\u00f3n de Materiales para Personas con Discapacidad<\/em><\/li>\n<\/ul>\n\n\n\n<p>Cualquier duda sobre cada una de estas ofertas, pueden consultarla en: <a href=\"mailto:enslvsebs_bedelia@bue.edu.ar\">enslvsebs_bedelia@bue.edu.ar<\/a> <\/p>\n","protected":false},"excerpt":{"rendered":"<p>Nuestra instituci\u00f3n dicta regularmente diferentes post\u00edtulos orientados principalmente a profesionales de las lenguas extranjeras que deseen profundizar en algunos aspectos de su ense\u00f1anza y\/o traducci\u00f3n. Actualmente, contamos con los siguientes post\u00edtulos: Cualquier duda sobre cada una de estas ofertas, pueden consultarla en: enslvsebs_bedelia@bue.edu.ar<\/p>\n","protected":false},"author":1749,"featured_media":0,"parent":0,"menu_order":0,"comment_status":"closed","ping_status":"closed","template":"","meta":[],"acf":[],"_links":{"self":[{"href":"https:\/\/spangenberg-caba.infd.edu.ar\/sitio\/wp-json\/wp\/v2\/pages\/3240"}],"collection":[{"href":"https:\/\/spangenberg-caba.infd.edu.ar\/sitio\/wp-json\/wp\/v2\/pages"}],"about":[{"href":"https:\/\/spangenberg-caba.infd.edu.ar\/sitio\/wp-json\/wp\/v2\/types\/page"}],"author":[{"embeddable":true,"href":"https:\/\/spangenberg-caba.infd.edu.ar\/sitio\/wp-json\/wp\/v2\/users\/1749"}],"replies":[{"embeddable":true,"href":"https:\/\/spangenberg-caba.infd.edu.ar\/sitio\/wp-json\/wp\/v2\/comments?post=3240"}],"version-history":[{"count":1,"href":"https:\/\/spangenberg-caba.infd.edu.ar\/sitio\/wp-json\/wp\/v2\/pages\/3240\/revisions"}],"predecessor-version":[{"id":3242,"href":"https:\/\/spangenberg-caba.infd.edu.ar\/sitio\/wp-json\/wp\/v2\/pages\/3240\/revisions\/3242"}],"wp:attachment":[{"href":"https:\/\/spangenberg-caba.infd.edu.ar\/sitio\/wp-json\/wp\/v2\/media?parent=3240"}],"curies":[{"name":"wp","href":"https:\/\/api.w.org\/{rel}","templated":true}]}}