{"id":3247,"date":"2024-04-11T12:11:07","date_gmt":"2024-04-11T15:11:07","guid":{"rendered":"https:\/\/spangenberg-caba.infd.edu.ar\/sitio\/?page_id=3247"},"modified":"2024-04-11T12:11:08","modified_gmt":"2024-04-11T15:11:08","slug":"publicaciones","status":"publish","type":"page","link":"https:\/\/spangenberg-caba.infd.edu.ar\/sitio\/publicaciones\/","title":{"rendered":"PUBLICACIONES"},"content":{"rendered":"\n<p>Las Escuelas Normales Superiores (ENS) formamos profesionales en los niveles inicial, primario, secundario, terciario y post\u00edtulos. Por ese motivo, la producci\u00f3n de conocimiento es una parte muy importante de nuestra misi\u00f3n.<\/p>\n\n\n\n<p>Compartimos con ustedes dos proyectos de producci\u00f3n acad\u00e9mica de nuestra instituci\u00f3n:<\/p>\n\n\n\n<ul>\n<li>Revista LuSof\u00eda<\/li>\n\n\n\n<li>Ediciones del Sof\u00eda<\/li>\n<\/ul>\n\n\n\n<p>\u00a1Esperamos que disfruten de la lectura!<\/p>\n","protected":false},"excerpt":{"rendered":"<p>Las Escuelas Normales Superiores (ENS) formamos profesionales en los niveles inicial, primario, secundario, terciario y post\u00edtulos. Por ese motivo, la producci\u00f3n de conocimiento es una parte muy importante de nuestra misi\u00f3n. Compartimos con ustedes dos proyectos de producci\u00f3n acad\u00e9mica de nuestra instituci\u00f3n: \u00a1Esperamos que disfruten de la lectura!<\/p>\n","protected":false},"author":1749,"featured_media":0,"parent":0,"menu_order":0,"comment_status":"closed","ping_status":"closed","template":"","meta":[],"acf":[],"_links":{"self":[{"href":"https:\/\/spangenberg-caba.infd.edu.ar\/sitio\/wp-json\/wp\/v2\/pages\/3247"}],"collection":[{"href":"https:\/\/spangenberg-caba.infd.edu.ar\/sitio\/wp-json\/wp\/v2\/pages"}],"about":[{"href":"https:\/\/spangenberg-caba.infd.edu.ar\/sitio\/wp-json\/wp\/v2\/types\/page"}],"author":[{"embeddable":true,"href":"https:\/\/spangenberg-caba.infd.edu.ar\/sitio\/wp-json\/wp\/v2\/users\/1749"}],"replies":[{"embeddable":true,"href":"https:\/\/spangenberg-caba.infd.edu.ar\/sitio\/wp-json\/wp\/v2\/comments?post=3247"}],"version-history":[{"count":1,"href":"https:\/\/spangenberg-caba.infd.edu.ar\/sitio\/wp-json\/wp\/v2\/pages\/3247\/revisions"}],"predecessor-version":[{"id":3249,"href":"https:\/\/spangenberg-caba.infd.edu.ar\/sitio\/wp-json\/wp\/v2\/pages\/3247\/revisions\/3249"}],"wp:attachment":[{"href":"https:\/\/spangenberg-caba.infd.edu.ar\/sitio\/wp-json\/wp\/v2\/media?parent=3247"}],"curies":[{"name":"wp","href":"https:\/\/api.w.org\/{rel}","templated":true}]}}