{"id":3250,"date":"2024-04-11T12:39:51","date_gmt":"2024-04-11T15:39:51","guid":{"rendered":"https:\/\/spangenberg-caba.infd.edu.ar\/sitio\/?page_id=3250"},"modified":"2024-04-11T12:46:19","modified_gmt":"2024-04-11T15:46:19","slug":"descripcion-del-nivel-2","status":"publish","type":"page","link":"https:\/\/spangenberg-caba.infd.edu.ar\/sitio\/descripcion-del-nivel-2\/","title":{"rendered":"Descripci\u00f3n del nivel"},"content":{"rendered":"\n<p>El Nivel Primario de la escuela ofrece a sus alumnos un ambiente alfabetizador, una educaci\u00f3n capaz de convertir saberes previos en puntos de partida y de significaci\u00f3n hacia saberes nuevos, para poder resolver adecuadamente los desaf\u00edos de la vida social.<\/p>\n\n\n\n<p>Nuestra propuesta desde el aula y en todo el \u00e1mbito de la Escuela es ense\u00f1ar a pensar, a comprender y a valorar principios. Trabajamos por una escuela integradora de saberes y conductas, una escuela abierta a todos.<\/p>\n\n\n\n<p>El Departamento de Franc\u00e9s de Nivel Primario, desarrolla un taller de teatro con el fin de favorecer la expresi\u00f3n oral y escrita en el aprendizaje de la lengua extranjera.<\/p>\n\n\n\n<p>Asimismo, tanto en Franc\u00e9s como en Ingl\u00e9s y en Portugu\u00e9s, se realizan talleres de lectura, con una adecuada selecci\u00f3n de textos para cada edad.<\/p>\n\n\n\n<p>El Departamento de Idiomas ofrece a los alumnos de 5to y 7mo grado, rendir los ex\u00e1menes CLE y DELF, instancias en que son evaluados en otra instituci\u00f3n y por diferentes profesores.<\/p>\n\n\n\n<p>Desde el arte, se incentiva a los ni\u00f1os a desarrollar su creatividad brind\u00e1ndoles un espacio y un tiempo para expresarse con pautas acordadas.&nbsp;<\/p>\n","protected":false},"excerpt":{"rendered":"<p>El Nivel Primario de la escuela ofrece a sus alumnos un ambiente alfabetizador, una educaci\u00f3n capaz de convertir saberes previos en puntos de partida y de significaci\u00f3n hacia saberes nuevos, para poder resolver adecuadamente los desaf\u00edos de la vida social. Nuestra propuesta desde el aula y en todo el \u00e1mbito de la Escuela es ense\u00f1ar &#8230; <a title=\"Descripci\u00f3n del nivel\" class=\"read-more\" href=\"https:\/\/spangenberg-caba.infd.edu.ar\/sitio\/descripcion-del-nivel-2\/\" aria-label=\"More on Descripci\u00f3n del nivel\">[+]<\/a><\/p>\n","protected":false},"author":1749,"featured_media":3136,"parent":0,"menu_order":0,"comment_status":"closed","ping_status":"closed","template":"","meta":[],"acf":[],"_links":{"self":[{"href":"https:\/\/spangenberg-caba.infd.edu.ar\/sitio\/wp-json\/wp\/v2\/pages\/3250"}],"collection":[{"href":"https:\/\/spangenberg-caba.infd.edu.ar\/sitio\/wp-json\/wp\/v2\/pages"}],"about":[{"href":"https:\/\/spangenberg-caba.infd.edu.ar\/sitio\/wp-json\/wp\/v2\/types\/page"}],"author":[{"embeddable":true,"href":"https:\/\/spangenberg-caba.infd.edu.ar\/sitio\/wp-json\/wp\/v2\/users\/1749"}],"replies":[{"embeddable":true,"href":"https:\/\/spangenberg-caba.infd.edu.ar\/sitio\/wp-json\/wp\/v2\/comments?post=3250"}],"version-history":[{"count":1,"href":"https:\/\/spangenberg-caba.infd.edu.ar\/sitio\/wp-json\/wp\/v2\/pages\/3250\/revisions"}],"predecessor-version":[{"id":3252,"href":"https:\/\/spangenberg-caba.infd.edu.ar\/sitio\/wp-json\/wp\/v2\/pages\/3250\/revisions\/3252"}],"wp:featuredmedia":[{"embeddable":true,"href":"https:\/\/spangenberg-caba.infd.edu.ar\/sitio\/wp-json\/wp\/v2\/media\/3136"}],"wp:attachment":[{"href":"https:\/\/spangenberg-caba.infd.edu.ar\/sitio\/wp-json\/wp\/v2\/media?parent=3250"}],"curies":[{"name":"wp","href":"https:\/\/api.w.org\/{rel}","templated":true}]}}