{"id":3253,"date":"2024-04-11T12:47:43","date_gmt":"2024-04-11T15:47:43","guid":{"rendered":"https:\/\/spangenberg-caba.infd.edu.ar\/sitio\/?page_id=3253"},"modified":"2024-04-11T12:47:45","modified_gmt":"2024-04-11T15:47:45","slug":"actualizacion-en-adaptacion-de-materiales-para-personas-con-discapacidad","status":"publish","type":"page","link":"https:\/\/spangenberg-caba.infd.edu.ar\/sitio\/actualizacion-en-adaptacion-de-materiales-para-personas-con-discapacidad\/","title":{"rendered":"Actualizaci\u00f3n en Adaptaci\u00f3n de Materiales para Personas con Discapacidad"},"content":{"rendered":"\n<p>Esta nueva propuesta se desprende del proceso iniciado con las dos primeras cohortes de la Diplomatura Superior en Traducci\u00f3n de Textos Audiovisuales y las dos siguientes de la Especializaci\u00f3n en Textos Audiovisuales y Accesibilidad. En este caso, la propuesta busca ajustarse a los lineamientos actuales del Ministerio, ofreciendo una titulaci\u00f3n de un a\u00f1o y un sistema de promoci\u00f3n final m\u00e1s \u00e1gil basado en la realizaci\u00f3n de monograf\u00edas \u2013entre otras formas de evaluaci\u00f3n tales como portafolios, an\u00e1lisis de textos, creaci\u00f3n de material accesible y otras herramientas de evaluaci\u00f3n y acreditaci\u00f3n de los seminarios. El enfoque de los talleres y seminarios tambi\u00e9n har\u00e1 hincapi\u00e9 en la posible aplicaci\u00f3n de los saberes en la pr\u00e1ctica docente, con el fin de promover ambientes escolares m\u00e1s inclusivos.<\/p>\n\n\n\n<p>El principal objetivo de esta propuesta formativa es la adaptaci\u00f3n de material educativo, cultural e informativo para una mejor recepci\u00f3n por parte de grupos diversos, desde el enfoque del modelo social de la discapacidad. Incluye seminarios te\u00f3rico-pr\u00e1cticos relacionados con la interpretaci\u00f3n de textos, mayormente audiovisuales, y talleres pr\u00e1cticos sobre distintas modalidades de ajuste. Se destaca la participaci\u00f3n de personas con discapacidad en el plantel docente.<\/p>\n\n\n\n<p><strong>Duraci\u00f3n:<\/strong><strong>&nbsp;<\/strong>1 a\u00f1o, con trabajo final integrador (agosto 2024 &#8211; julio 2025)<\/p>\n\n\n\n<p><strong>Modalidad:<\/strong>&nbsp;Virtual sincr\u00f3nico, con clases semanales. Seminarios mensuales.&nbsp;&nbsp;<\/p>\n\n\n\n<p><strong>Destinatario:<\/strong><strong>&nbsp;<\/strong>Docentes, traductorxs y profesionales en busca de profundizar sus conocimientos en el \u00e1rea.<\/p>\n\n\n\n<p><strong>Coordinaci\u00f3n<\/strong><strong>:<\/strong>&nbsp;Mar\u00eda Laura Ramos Y Fernando Mortoro<\/p>\n\n\n\n<p><strong>Contacto<\/strong><strong>:<\/strong><strong>&nbsp;<\/strong><strong>&nbsp;<\/strong><a href=\"mailto:tav.spangenberg@bue.edu.ar\" target=\"_blank\" rel=\"noreferrer noopener\">tav.spangenberg@bue.edu.ar<\/a><\/p>\n","protected":false},"excerpt":{"rendered":"<p>Esta nueva propuesta se desprende del proceso iniciado con las dos primeras cohortes de la Diplomatura Superior en Traducci\u00f3n de Textos Audiovisuales y las dos siguientes de la Especializaci\u00f3n en Textos Audiovisuales y Accesibilidad. En este caso, la propuesta busca ajustarse a los lineamientos actuales del Ministerio, ofreciendo una titulaci\u00f3n de un a\u00f1o y un &#8230; <a title=\"Actualizaci\u00f3n en Adaptaci\u00f3n de Materiales para Personas con Discapacidad\" class=\"read-more\" href=\"https:\/\/spangenberg-caba.infd.edu.ar\/sitio\/actualizacion-en-adaptacion-de-materiales-para-personas-con-discapacidad\/\" aria-label=\"More on Actualizaci\u00f3n en Adaptaci\u00f3n de Materiales para Personas con Discapacidad\">[+]<\/a><\/p>\n","protected":false},"author":1749,"featured_media":0,"parent":0,"menu_order":0,"comment_status":"closed","ping_status":"closed","template":"","meta":[],"acf":[],"_links":{"self":[{"href":"https:\/\/spangenberg-caba.infd.edu.ar\/sitio\/wp-json\/wp\/v2\/pages\/3253"}],"collection":[{"href":"https:\/\/spangenberg-caba.infd.edu.ar\/sitio\/wp-json\/wp\/v2\/pages"}],"about":[{"href":"https:\/\/spangenberg-caba.infd.edu.ar\/sitio\/wp-json\/wp\/v2\/types\/page"}],"author":[{"embeddable":true,"href":"https:\/\/spangenberg-caba.infd.edu.ar\/sitio\/wp-json\/wp\/v2\/users\/1749"}],"replies":[{"embeddable":true,"href":"https:\/\/spangenberg-caba.infd.edu.ar\/sitio\/wp-json\/wp\/v2\/comments?post=3253"}],"version-history":[{"count":1,"href":"https:\/\/spangenberg-caba.infd.edu.ar\/sitio\/wp-json\/wp\/v2\/pages\/3253\/revisions"}],"predecessor-version":[{"id":3255,"href":"https:\/\/spangenberg-caba.infd.edu.ar\/sitio\/wp-json\/wp\/v2\/pages\/3253\/revisions\/3255"}],"wp:attachment":[{"href":"https:\/\/spangenberg-caba.infd.edu.ar\/sitio\/wp-json\/wp\/v2\/media?parent=3253"}],"curies":[{"name":"wp","href":"https:\/\/api.w.org\/{rel}","templated":true}]}}