{"id":3257,"date":"2024-04-11T12:48:52","date_gmt":"2024-04-11T15:48:52","guid":{"rendered":"https:\/\/spangenberg-caba.infd.edu.ar\/sitio\/?page_id=3257"},"modified":"2024-04-16T17:58:00","modified_gmt":"2024-04-16T20:58:00","slug":"actualizacion-academica-en-la-ensenanza-de-la-lengua-adicional-ingles","status":"publish","type":"page","link":"https:\/\/spangenberg-caba.infd.edu.ar\/sitio\/actualizacion-academica-en-la-ensenanza-de-la-lengua-adicional-ingles\/","title":{"rendered":"Actualizaci\u00f3n Acad\u00e9mica en la Ense\u00f1anza de la Lengua\u00a0 Adicional Ingl\u00e9s\u00a0"},"content":{"rendered":"\n<p>Este post\u00edtulo se dict\u00f3 hasta el ciclo lectivo 2023. Informaremos en caso de contar con nuevas cohortes.<\/p>\n\n\n\n<p>El post\u00edtulo\u00a0<em>Actualizaci\u00f3n Acad\u00e9mica en la Ense\u00f1anza de la Lengua\u00a0 Adicional Ingl\u00e9s<\/em>\u00a0promueve una actualizaci\u00f3n disciplinar y did\u00e1ctica destinada a la revisi\u00f3n y renovaci\u00f3n de marcos y perspectivas te\u00f3ricas y de estrategias de ense\u00f1anza desde una perspectiva cr\u00edtica y situada orientadas a la efectiva implementaci\u00f3n del nuevo Dise\u00f1o Curricular para\u00a0 el Ciclo B\u00e1sico y el Orientado.\u00a0<\/p>\n\n\n\n<p><strong>Duraci\u00f3n:<\/strong><strong>&nbsp;1 a\u00f1o<\/strong><\/p>\n\n\n\n<p><strong>Modalidad:<\/strong>&nbsp;Mixta, encuentros presenciales quincenales los s\u00e1bados. Foros de discusi\u00f3n y trabajo aut\u00f3nomo.&nbsp;&nbsp;<\/p>\n\n\n\n<p><strong>Destinatario<\/strong><strong>:<\/strong><strong>&nbsp;<\/strong><strong>Docentes en ejercicio con t\u00edtulo de base<\/strong><\/p>\n\n\n\n<p><a href=\"https:\/\/drive.google.com\/file\/d\/1jRn_-eBpv524zlX-QTNujL5uymqjbE8Q\/view\" target=\"_blank\" rel=\"noreferrer noopener\"><strong>PRESENTACI\u00d3N Y FUNDAMENTACI\u00d3N<\/strong><\/a><\/p>\n\n\n\n<p><a href=\"https:\/\/drive.google.com\/file\/d\/1FXoO75e8V5sYxFq-U9L9_DkSbGVHfIAy\/view\" target=\"_blank\" rel=\"noreferrer noopener\"><strong>BIODATA DE LAS DOCENTES A CARGO<\/strong><\/a><\/p>\n\n\n\n<p><a href=\"https:\/\/drive.google.com\/file\/d\/1Pn0k_FlnRNocvLOopORDcXp88RJlLbjE\/view\" target=\"_blank\" rel=\"noreferrer noopener\"><strong>CRONOGRAMA 2023<\/strong><\/a><\/p>\n\n\n\n<p><strong>CONTACTO<\/strong><strong>:&nbsp;<\/strong><a href=\"mailto:postitulopracticassbs@gmail.com\" target=\"_blank\" rel=\"noreferrer noopener\"><strong>postitulopracticassbs@gmail.com<\/strong><\/a><\/p>\n","protected":false},"excerpt":{"rendered":"<p>Este post\u00edtulo se dict\u00f3 hasta el ciclo lectivo 2023. Informaremos en caso de contar con nuevas cohortes. El post\u00edtulo\u00a0Actualizaci\u00f3n Acad\u00e9mica en la Ense\u00f1anza de la Lengua\u00a0 Adicional Ingl\u00e9s\u00a0promueve una actualizaci\u00f3n disciplinar y did\u00e1ctica destinada a la revisi\u00f3n y renovaci\u00f3n de marcos y perspectivas te\u00f3ricas y de estrategias de ense\u00f1anza desde una perspectiva cr\u00edtica y situada &#8230; <a title=\"Actualizaci\u00f3n Acad\u00e9mica en la Ense\u00f1anza de la Lengua\u00a0 Adicional Ingl\u00e9s\u00a0\" class=\"read-more\" href=\"https:\/\/spangenberg-caba.infd.edu.ar\/sitio\/actualizacion-academica-en-la-ensenanza-de-la-lengua-adicional-ingles\/\" aria-label=\"More on Actualizaci\u00f3n Acad\u00e9mica en la Ense\u00f1anza de la Lengua\u00a0 Adicional Ingl\u00e9s\u00a0\">[+]<\/a><\/p>\n","protected":false},"author":1749,"featured_media":0,"parent":0,"menu_order":0,"comment_status":"closed","ping_status":"closed","template":"","meta":[],"acf":[],"_links":{"self":[{"href":"https:\/\/spangenberg-caba.infd.edu.ar\/sitio\/wp-json\/wp\/v2\/pages\/3257"}],"collection":[{"href":"https:\/\/spangenberg-caba.infd.edu.ar\/sitio\/wp-json\/wp\/v2\/pages"}],"about":[{"href":"https:\/\/spangenberg-caba.infd.edu.ar\/sitio\/wp-json\/wp\/v2\/types\/page"}],"author":[{"embeddable":true,"href":"https:\/\/spangenberg-caba.infd.edu.ar\/sitio\/wp-json\/wp\/v2\/users\/1749"}],"replies":[{"embeddable":true,"href":"https:\/\/spangenberg-caba.infd.edu.ar\/sitio\/wp-json\/wp\/v2\/comments?post=3257"}],"version-history":[{"count":2,"href":"https:\/\/spangenberg-caba.infd.edu.ar\/sitio\/wp-json\/wp\/v2\/pages\/3257\/revisions"}],"predecessor-version":[{"id":3332,"href":"https:\/\/spangenberg-caba.infd.edu.ar\/sitio\/wp-json\/wp\/v2\/pages\/3257\/revisions\/3332"}],"wp:attachment":[{"href":"https:\/\/spangenberg-caba.infd.edu.ar\/sitio\/wp-json\/wp\/v2\/media?parent=3257"}],"curies":[{"name":"wp","href":"https:\/\/api.w.org\/{rel}","templated":true}]}}