{"id":3313,"date":"2024-04-16T16:21:05","date_gmt":"2024-04-16T19:21:05","guid":{"rendered":"https:\/\/spangenberg-caba.infd.edu.ar\/sitio\/?page_id=3313"},"modified":"2024-04-16T16:45:33","modified_gmt":"2024-04-16T19:45:33","slug":"30-aniversario-festejos","status":"publish","type":"page","link":"https:\/\/spangenberg-caba.infd.edu.ar\/sitio\/30-aniversario-festejos\/","title":{"rendered":"30\u00b0 aniversario &#8211; Festejos"},"content":{"rendered":"\n<p>Treinta a\u00f1os no es nada o es much\u00edsimo. Nos queda lejano ese 1994 en el que nuestra escuela inici\u00f3 su primera cohorte de Nivel Inicial.  Sin embargo, contamos con recuerdos muy presentes. Incluso, algunas de las profesoras que iniciaron esta historia siguen formando parte de nuestra instituci\u00f3n. Tenemos memoria viva y de primera mano. <\/p>\n\n\n\n<p>Hoy, tanto en el turno ma\u00f1ana como en el turno tarde, nos dedicamos a celebrar. Las familias trajeron tortas, soplamos las velitas y cantamos el feliz cumplea\u00f1os. Educamos recordando nuestra historia con compromiso, pero tambi\u00e9n con alegr\u00eda. <\/p>\n\n\n\n<p>\u00a1Salud!<\/p>\n\n\n\n<figure class=\"wp-block-gallery has-nested-images columns-default is-cropped wp-block-gallery-1 is-layout-flex\">\n<figure class=\"wp-block-image size-full\"><img decoding=\"async\" loading=\"lazy\" width=\"1363\" height=\"915\" data-id=\"3319\"  src=\"https:\/\/spangenberg-caba.infd.edu.ar\/sitio\/wp-content\/uploads\/2024\/04\/TORTAS-2.jpeg\" alt=\"\" class=\"wp-image-3319\" srcset=\"https:\/\/spangenberg-caba.infd.edu.ar\/sitio\/wp-content\/uploads\/2024\/04\/TORTAS-2.jpeg 1363w, https:\/\/spangenberg-caba.infd.edu.ar\/sitio\/wp-content\/uploads\/2024\/04\/TORTAS-2-1000x671.jpeg 1000w, https:\/\/spangenberg-caba.infd.edu.ar\/sitio\/wp-content\/uploads\/2024\/04\/TORTAS-2-768x516.jpeg 768w\" sizes=\"(max-width: 1363px) 100vw, 1363px\" \/><\/figure>\n\n\n\n<figure class=\"wp-block-image size-large\"><img decoding=\"async\" loading=\"lazy\" width=\"1600\" height=\"1204\" data-id=\"3314\"  src=\"https:\/\/spangenberg-caba.infd.edu.ar\/sitio\/wp-content\/uploads\/2024\/04\/WhatsApp-Image-2024-04-16-at-15.37.34-1.jpeg\" alt=\"\" class=\"wp-image-3314\" srcset=\"https:\/\/spangenberg-caba.infd.edu.ar\/sitio\/wp-content\/uploads\/2024\/04\/WhatsApp-Image-2024-04-16-at-15.37.34-1.jpeg 1600w, https:\/\/spangenberg-caba.infd.edu.ar\/sitio\/wp-content\/uploads\/2024\/04\/WhatsApp-Image-2024-04-16-at-15.37.34-1-1000x753.jpeg 1000w, https:\/\/spangenberg-caba.infd.edu.ar\/sitio\/wp-content\/uploads\/2024\/04\/WhatsApp-Image-2024-04-16-at-15.37.34-1-768x578.jpeg 768w, https:\/\/spangenberg-caba.infd.edu.ar\/sitio\/wp-content\/uploads\/2024\/04\/WhatsApp-Image-2024-04-16-at-15.37.34-1-1536x1156.jpeg 1536w\" sizes=\"(max-width: 1600px) 100vw, 1600px\" \/><\/figure>\n\n\n\n<figure class=\"wp-block-image size-large\"><img decoding=\"async\" loading=\"lazy\" width=\"1200\" height=\"1600\" data-id=\"3315\"  src=\"https:\/\/spangenberg-caba.infd.edu.ar\/sitio\/wp-content\/uploads\/2024\/04\/WhatsApp-Image-2024-04-16-at-09.24.36-1.jpeg\" alt=\"\" class=\"wp-image-3315\" srcset=\"https:\/\/spangenberg-caba.infd.edu.ar\/sitio\/wp-content\/uploads\/2024\/04\/WhatsApp-Image-2024-04-16-at-09.24.36-1.jpeg 1200w, https:\/\/spangenberg-caba.infd.edu.ar\/sitio\/wp-content\/uploads\/2024\/04\/WhatsApp-Image-2024-04-16-at-09.24.36-1-750x1000.jpeg 750w, https:\/\/spangenberg-caba.infd.edu.ar\/sitio\/wp-content\/uploads\/2024\/04\/WhatsApp-Image-2024-04-16-at-09.24.36-1-768x1024.jpeg 768w, https:\/\/spangenberg-caba.infd.edu.ar\/sitio\/wp-content\/uploads\/2024\/04\/WhatsApp-Image-2024-04-16-at-09.24.36-1-1152x1536.jpeg 1152w\" sizes=\"(max-width: 1200px) 100vw, 1200px\" \/><\/figure>\n\n\n\n<figure class=\"wp-block-image size-large\"><img decoding=\"async\" loading=\"lazy\" width=\"1280\" height=\"1049\" data-id=\"3316\"  src=\"https:\/\/spangenberg-caba.infd.edu.ar\/sitio\/wp-content\/uploads\/2024\/04\/WhatsApp-Image-2024-04-16-at-09.31.52-1-2.jpeg\" alt=\"\" class=\"wp-image-3316\" srcset=\"https:\/\/spangenberg-caba.infd.edu.ar\/sitio\/wp-content\/uploads\/2024\/04\/WhatsApp-Image-2024-04-16-at-09.31.52-1-2.jpeg 1280w, https:\/\/spangenberg-caba.infd.edu.ar\/sitio\/wp-content\/uploads\/2024\/04\/WhatsApp-Image-2024-04-16-at-09.31.52-1-2-1000x820.jpeg 1000w, https:\/\/spangenberg-caba.infd.edu.ar\/sitio\/wp-content\/uploads\/2024\/04\/WhatsApp-Image-2024-04-16-at-09.31.52-1-2-768x629.jpeg 768w\" sizes=\"(max-width: 1280px) 100vw, 1280px\" \/><\/figure>\n\n\n\n<figure class=\"wp-block-image size-large\"><img decoding=\"async\" loading=\"lazy\" width=\"1280\" height=\"960\" data-id=\"3317\"  src=\"https:\/\/spangenberg-caba.infd.edu.ar\/sitio\/wp-content\/uploads\/2024\/04\/WhatsApp-Image-2024-04-16-at-09.31.52-2.jpeg\" alt=\"\" class=\"wp-image-3317\" srcset=\"https:\/\/spangenberg-caba.infd.edu.ar\/sitio\/wp-content\/uploads\/2024\/04\/WhatsApp-Image-2024-04-16-at-09.31.52-2.jpeg 1280w, https:\/\/spangenberg-caba.infd.edu.ar\/sitio\/wp-content\/uploads\/2024\/04\/WhatsApp-Image-2024-04-16-at-09.31.52-2-1000x750.jpeg 1000w, https:\/\/spangenberg-caba.infd.edu.ar\/sitio\/wp-content\/uploads\/2024\/04\/WhatsApp-Image-2024-04-16-at-09.31.52-2-768x576.jpeg 768w\" sizes=\"(max-width: 1280px) 100vw, 1280px\" \/><\/figure>\n<\/figure>\n","protected":false},"excerpt":{"rendered":"<p>Treinta a\u00f1os no es nada o es much\u00edsimo. Nos queda lejano ese 1994 en el que nuestra escuela inici\u00f3 su primera cohorte de Nivel Inicial. Sin embargo, contamos con recuerdos muy presentes. Incluso, algunas de las profesoras que iniciaron esta historia siguen formando parte de nuestra instituci\u00f3n. Tenemos memoria viva y de primera mano. Hoy, &#8230; <a title=\"30\u00b0 aniversario &#8211; Festejos\" class=\"read-more\" href=\"https:\/\/spangenberg-caba.infd.edu.ar\/sitio\/30-aniversario-festejos\/\" aria-label=\"More on 30\u00b0 aniversario &#8211; Festejos\">[+]<\/a><\/p>\n","protected":false},"author":1749,"featured_media":0,"parent":0,"menu_order":0,"comment_status":"closed","ping_status":"closed","template":"","meta":[],"acf":[],"_links":{"self":[{"href":"https:\/\/spangenberg-caba.infd.edu.ar\/sitio\/wp-json\/wp\/v2\/pages\/3313"}],"collection":[{"href":"https:\/\/spangenberg-caba.infd.edu.ar\/sitio\/wp-json\/wp\/v2\/pages"}],"about":[{"href":"https:\/\/spangenberg-caba.infd.edu.ar\/sitio\/wp-json\/wp\/v2\/types\/page"}],"author":[{"embeddable":true,"href":"https:\/\/spangenberg-caba.infd.edu.ar\/sitio\/wp-json\/wp\/v2\/users\/1749"}],"replies":[{"embeddable":true,"href":"https:\/\/spangenberg-caba.infd.edu.ar\/sitio\/wp-json\/wp\/v2\/comments?post=3313"}],"version-history":[{"count":3,"href":"https:\/\/spangenberg-caba.infd.edu.ar\/sitio\/wp-json\/wp\/v2\/pages\/3313\/revisions"}],"predecessor-version":[{"id":3328,"href":"https:\/\/spangenberg-caba.infd.edu.ar\/sitio\/wp-json\/wp\/v2\/pages\/3313\/revisions\/3328"}],"wp:attachment":[{"href":"https:\/\/spangenberg-caba.infd.edu.ar\/sitio\/wp-json\/wp\/v2\/media?parent=3313"}],"curies":[{"name":"wp","href":"https:\/\/api.w.org\/{rel}","templated":true}]}}