{"id":3336,"date":"2024-04-16T18:16:56","date_gmt":"2024-04-16T21:16:56","guid":{"rendered":"https:\/\/spangenberg-caba.infd.edu.ar\/sitio\/?page_id=3336"},"modified":"2025-12-16T14:50:21","modified_gmt":"2025-12-16T17:50:21","slug":"ingreso-2025","status":"publish","type":"page","link":"https:\/\/spangenberg-caba.infd.edu.ar\/sitio\/ingreso-2025\/","title":{"rendered":"Ingreso 2026"},"content":{"rendered":"\n<p>Ya finaliz\u00f3 el per\u00edodo para el ingreso a 1\u00b0 grado 2026. <\/p>\n\n\n\n<p>Actualmente, nos encontramos en el per\u00edodo para los ingresos de 2\u00b0 a 7\u00b0 grado en 2026. <\/p>\n\n\n\n<p>Las vacantes disponibles para el pr\u00f3ximo ciclo lectivo son las siguientes:<\/p>\n\n\n\n<ul>\n<li>2do grado: 2 vacantes (idioma FRANC\u00c9S)<\/li>\n\n\n\n<li>4to grado: 1 vacantes (idioma FRANC\u00c9S)<\/li>\n\n\n\n<li>5to grado: 1 vacantes (idioma FRANC\u00c9S) y 1 vacante (idioma INGL\u00c9S)<\/li>\n<\/ul>\n\n\n\n<p><a href=\"https:\/\/buenosaires.gob.ar\/educacion\/estudiantes\/inscripcionescolar\">Los alumnos int<\/a>eresados en rendir el examen de admisi\u00f3n (escrito y oral) deben inscribirse en el formulario durante diciembre. A su vez, deber\u00e1n inscribirse en la escuela el d\u00eda 12 de febrero de 13 a 16hs con fotocopia del DNI y del bolet\u00edn del grado finalizado en 2025. Adicionalmente, los alumnos que no pertenezcan a escuelas del GCBA deber\u00e1n realizar la preinscripci\u00f3n en l\u00ednea en el siguiente enlace: <a href=\"https:\/\/buenosaires.gob.ar\/educacion\/estudiantes\/inscripcionescolar\">https:\/\/buenosaires.gob.ar\/educacion\/estudiantes\/inscripcionescolar<\/a><\/p>\n\n\n\n<p>Tambi\u00e9n compartimos el formulario de inscripci\u00f3n institucional que deben completar:<\/p>\n\n\n\n<p><a href=\"https:\/\/docs.google.com\/forms\/d\/e\/1FAIpQLScg4RDAANo9SHiub1OaeFS4H5jIRTdNo0YaKmKc4PIAF1KwFA\/viewform?usp=sharing&amp;ouid=109280414526035658036\">https:\/\/docs.google.com\/forms\/d\/e\/1FAIpQLScg4RDAANo9SHiub1OaeFS4H5jIRTdNo0YaKmKc4PIAF1KwFA\/viewform?usp=sharing&amp;ouid=109280414526035658036<\/a><\/p>\n\n\n\n<p>Y los programas y modelos de examen para que practiquen:<\/p>\n\n\n\n<p><a href=\"https:\/\/drive.google.com\/drive\/folders\/1c3nd_iUG7piJCiWq10TanHEzHwI_jvFp\">https:\/\/drive.google.com\/drive\/folders\/1c3nd_iUG7piJCiWq10TanHEzHwI_jvFp<\/a><\/p>\n\n\n\n<p>\u00a1Los\/as esperamos en el Leng\u00fcitas!<\/p>\n","protected":false},"excerpt":{"rendered":"<p>Ya finaliz\u00f3 el per\u00edodo para el ingreso a 1\u00b0 grado 2026. Actualmente, nos encontramos en el per\u00edodo para los ingresos de 2\u00b0 a 7\u00b0 grado en 2026. Las vacantes disponibles para el pr\u00f3ximo ciclo lectivo son las siguientes: Los alumnos interesados en rendir el examen de admisi\u00f3n (escrito y oral) deben inscribirse en el formulario &#8230; <a title=\"Ingreso 2026\" class=\"read-more\" href=\"https:\/\/spangenberg-caba.infd.edu.ar\/sitio\/ingreso-2025\/\" aria-label=\"More on Ingreso 2026\">[+]<\/a><\/p>\n","protected":false},"author":1749,"featured_media":0,"parent":0,"menu_order":0,"comment_status":"closed","ping_status":"closed","template":"","meta":[],"acf":[],"_links":{"self":[{"href":"https:\/\/spangenberg-caba.infd.edu.ar\/sitio\/wp-json\/wp\/v2\/pages\/3336"}],"collection":[{"href":"https:\/\/spangenberg-caba.infd.edu.ar\/sitio\/wp-json\/wp\/v2\/pages"}],"about":[{"href":"https:\/\/spangenberg-caba.infd.edu.ar\/sitio\/wp-json\/wp\/v2\/types\/page"}],"author":[{"embeddable":true,"href":"https:\/\/spangenberg-caba.infd.edu.ar\/sitio\/wp-json\/wp\/v2\/users\/1749"}],"replies":[{"embeddable":true,"href":"https:\/\/spangenberg-caba.infd.edu.ar\/sitio\/wp-json\/wp\/v2\/comments?post=3336"}],"version-history":[{"count":5,"href":"https:\/\/spangenberg-caba.infd.edu.ar\/sitio\/wp-json\/wp\/v2\/pages\/3336\/revisions"}],"predecessor-version":[{"id":4119,"href":"https:\/\/spangenberg-caba.infd.edu.ar\/sitio\/wp-json\/wp\/v2\/pages\/3336\/revisions\/4119"}],"wp:attachment":[{"href":"https:\/\/spangenberg-caba.infd.edu.ar\/sitio\/wp-json\/wp\/v2\/media?parent=3336"}],"curies":[{"name":"wp","href":"https:\/\/api.w.org\/{rel}","templated":true}]}}