{"id":3387,"date":"2024-04-24T15:00:29","date_gmt":"2024-04-24T18:00:29","guid":{"rendered":"https:\/\/spangenberg-caba.infd.edu.ar\/sitio\/?page_id=3387"},"modified":"2024-04-24T16:35:51","modified_gmt":"2024-04-24T19:35:51","slug":"reconocimientos","status":"publish","type":"page","link":"https:\/\/spangenberg-caba.infd.edu.ar\/sitio\/reconocimientos\/","title":{"rendered":"Reconocimientos"},"content":{"rendered":"\n<p>Desde el a\u00f1o 1986, la Asociaci\u00f3n de Coordinadores y Rectores de Colegios del Bachillerato Internacional del R\u00edo de la Plata (ACCBIRP) reconoce y distingue a aquellos graduados IB que obtuvieron&nbsp;+40 puntos, teniendo en cuenta las sesiones de ex\u00e1menes PD de Mayo y de Noviembre&nbsp;de cada a\u00f1o.<\/p>\n\n\n\n<p>El Jueves 18 de Abril del corriente,&nbsp;en el&nbsp;St. Catherine&#8217;s Moorlands School (sede Belgrano), ACCBIRP realiz\u00f3 la entrega de certificados para los recientes diplomados 2023.<\/p>\n\n\n\n<p>Con mucho orgullo y felicidad, en representaci\u00f3n del Leng\u00fcitas concurri\u00f3 nuestro flamante egresado\u00a0<strong>Luca Mateo Fern\u00e1ndez Ciatti<\/strong>, quien adem\u00e1s de haber completado su Diploma IB\u00a0+40 puntos,\u00a0obtuvo la puntuaci\u00f3n m\u00e1s alta sobre el total de graduados de los Colegios del Mundo IB asociados a ACCBIRP.<\/p>\n\n\n\n<p>Compartimos los videos con las palabras de nuestro graduado:<\/p>\n\n\n\n<p><a href=\"https:\/\/drive.google.com\/file\/d\/1XarRnaFqvF6y6LsLAed5uysCBJ1WXo8Y\/view?usp=sharing\">VIDEO 1<\/a><\/p>\n\n\n\n<p><a href=\"https:\/\/drive.google.com\/file\/d\/1HdRXW0yIlUOsNDnQa1AvYI5UvMWqGoR_\/view?usp=sharing\">VIDEO 2<\/a><\/p>\n\n\n\n<p>Pueden encontrar los momentos m\u00e1s emocionantes del evento en la cuenta oficial de ACCBIRP en Instagram: <a href=\"https:\/\/www.instagram.com\/p\/C6E1hPSvWlB\/?utm_source=ig_web_copy_link\">https:\/\/www.instagram.com\/p\/C6E1hPSvWlB\/?utm_source=ig_web_copy_link<\/a><\/p>\n","protected":false},"excerpt":{"rendered":"<p>Desde el a\u00f1o 1986, la Asociaci\u00f3n de Coordinadores y Rectores de Colegios del Bachillerato Internacional del R\u00edo de la Plata (ACCBIRP) reconoce y distingue a aquellos graduados IB que obtuvieron&nbsp;+40 puntos, teniendo en cuenta las sesiones de ex\u00e1menes PD de Mayo y de Noviembre&nbsp;de cada a\u00f1o. El Jueves 18 de Abril del corriente,&nbsp;en el&nbsp;St. Catherine&#8217;s &#8230; <a title=\"Reconocimientos\" class=\"read-more\" href=\"https:\/\/spangenberg-caba.infd.edu.ar\/sitio\/reconocimientos\/\" aria-label=\"More on Reconocimientos\">[+]<\/a><\/p>\n","protected":false},"author":1749,"featured_media":3392,"parent":0,"menu_order":0,"comment_status":"closed","ping_status":"closed","template":"","meta":[],"acf":[],"_links":{"self":[{"href":"https:\/\/spangenberg-caba.infd.edu.ar\/sitio\/wp-json\/wp\/v2\/pages\/3387"}],"collection":[{"href":"https:\/\/spangenberg-caba.infd.edu.ar\/sitio\/wp-json\/wp\/v2\/pages"}],"about":[{"href":"https:\/\/spangenberg-caba.infd.edu.ar\/sitio\/wp-json\/wp\/v2\/types\/page"}],"author":[{"embeddable":true,"href":"https:\/\/spangenberg-caba.infd.edu.ar\/sitio\/wp-json\/wp\/v2\/users\/1749"}],"replies":[{"embeddable":true,"href":"https:\/\/spangenberg-caba.infd.edu.ar\/sitio\/wp-json\/wp\/v2\/comments?post=3387"}],"version-history":[{"count":4,"href":"https:\/\/spangenberg-caba.infd.edu.ar\/sitio\/wp-json\/wp\/v2\/pages\/3387\/revisions"}],"predecessor-version":[{"id":3395,"href":"https:\/\/spangenberg-caba.infd.edu.ar\/sitio\/wp-json\/wp\/v2\/pages\/3387\/revisions\/3395"}],"wp:featuredmedia":[{"embeddable":true,"href":"https:\/\/spangenberg-caba.infd.edu.ar\/sitio\/wp-json\/wp\/v2\/media\/3392"}],"wp:attachment":[{"href":"https:\/\/spangenberg-caba.infd.edu.ar\/sitio\/wp-json\/wp\/v2\/media?parent=3387"}],"curies":[{"name":"wp","href":"https:\/\/api.w.org\/{rel}","templated":true}]}}