{"id":3408,"date":"2024-04-24T17:15:26","date_gmt":"2024-04-24T20:15:26","guid":{"rendered":"https:\/\/spangenberg-caba.infd.edu.ar\/sitio\/?page_id=3408"},"modified":"2024-04-26T12:50:54","modified_gmt":"2024-04-26T15:50:54","slug":"como-ver-mis-recibos-de-sueldo","status":"publish","type":"page","link":"https:\/\/spangenberg-caba.infd.edu.ar\/sitio\/como-ver-mis-recibos-de-sueldo\/","title":{"rendered":"\u00bfC\u00f3mo ver mis recibos de sueldo?"},"content":{"rendered":"\n<p>Para acceder a tus recibos de sueldo, deb\u00e9s ingresar al siguiente enlace: <a href=\"https:\/\/badesdeadentro.gob.ar\/\">https:\/\/badesdeadentro.gob.ar\/<\/a><\/p>\n\n\n\n<p>Ac\u00e1 compartimos un video tutorial para el acceso:<\/p>\n\n\n\n<figure class=\"wp-block-embed is-type-video is-provider-youtube wp-block-embed-youtube wp-embed-aspect-16-9 wp-has-aspect-ratio\"><div class=\"wp-block-embed__wrapper\">\n<iframe loading=\"lazy\" title=\"\u00bfC\u00f3mo ingreso a la nueva web?\" width=\"1200\" height=\"675\" src=\"https:\/\/www.youtube.com\/embed\/Sh74jkP21rM?feature=oembed\" frameborder=\"0\" allow=\"accelerometer; autoplay; clipboard-write; encrypted-media; gyroscope; picture-in-picture; web-share\" referrerpolicy=\"strict-origin-when-cross-origin\" allowfullscreen><\/iframe>\n<\/div><\/figure>\n\n\n\n<p>Una vez que ingresaste a la p\u00e1gina ir a MI PERFIL y luego MIS RECIBOS.<\/p>\n\n\n\n<p>Cualquier duda, en Secretar\u00eda podemos orientarte. <\/p>\n","protected":false},"excerpt":{"rendered":"<p>Para acceder a tus recibos de sueldo, deb\u00e9s ingresar al siguiente enlace: https:\/\/badesdeadentro.gob.ar\/ Ac\u00e1 compartimos un video tutorial para el acceso: Una vez que ingresaste a la p\u00e1gina ir a MI PERFIL y luego MIS RECIBOS. Cualquier duda, en Secretar\u00eda podemos orientarte.<\/p>\n","protected":false},"author":1749,"featured_media":0,"parent":0,"menu_order":0,"comment_status":"closed","ping_status":"closed","template":"","meta":[],"acf":[],"_links":{"self":[{"href":"https:\/\/spangenberg-caba.infd.edu.ar\/sitio\/wp-json\/wp\/v2\/pages\/3408"}],"collection":[{"href":"https:\/\/spangenberg-caba.infd.edu.ar\/sitio\/wp-json\/wp\/v2\/pages"}],"about":[{"href":"https:\/\/spangenberg-caba.infd.edu.ar\/sitio\/wp-json\/wp\/v2\/types\/page"}],"author":[{"embeddable":true,"href":"https:\/\/spangenberg-caba.infd.edu.ar\/sitio\/wp-json\/wp\/v2\/users\/1749"}],"replies":[{"embeddable":true,"href":"https:\/\/spangenberg-caba.infd.edu.ar\/sitio\/wp-json\/wp\/v2\/comments?post=3408"}],"version-history":[{"count":2,"href":"https:\/\/spangenberg-caba.infd.edu.ar\/sitio\/wp-json\/wp\/v2\/pages\/3408\/revisions"}],"predecessor-version":[{"id":3445,"href":"https:\/\/spangenberg-caba.infd.edu.ar\/sitio\/wp-json\/wp\/v2\/pages\/3408\/revisions\/3445"}],"wp:attachment":[{"href":"https:\/\/spangenberg-caba.infd.edu.ar\/sitio\/wp-json\/wp\/v2\/media?parent=3408"}],"curies":[{"name":"wp","href":"https:\/\/api.w.org\/{rel}","templated":true}]}}