{"id":3441,"date":"2024-04-26T12:14:22","date_gmt":"2024-04-26T15:14:22","guid":{"rendered":"https:\/\/spangenberg-caba.infd.edu.ar\/sitio\/?page_id=3441"},"modified":"2024-04-26T12:14:24","modified_gmt":"2024-04-26T15:14:24","slug":"ingreso-a-nuestras-carreras","status":"publish","type":"page","link":"https:\/\/spangenberg-caba.infd.edu.ar\/sitio\/ingreso-a-nuestras-carreras\/","title":{"rendered":"Ingreso a nuestras carreras"},"content":{"rendered":"\n<p>Nuestra tres carreras de grado son gratuitas y de acceso libre si ten\u00e9s el t\u00edtulo secundario, pero el Profesorado de Ingl\u00e9s y el Traductorado de Ingl\u00e9s cuentan con ex\u00e1menes eliminatorios de nivel de idioma. Para anotarte, ten\u00e9s que inscribirte primero a trav\u00e9s del\u00a0<a rel=\"noreferrer noopener\" href=\"https:\/\/guarani-autogestionfdocente.bue.edu.ar\/preinscripcion\/caba\/\" target=\"_blank\">SIU GUARAN\u00cd<\/a>\u00a0y luego a trav\u00e9s del\u00a0<a href=\"https:\/\/sites.google.com\/view\/terciariolenguitas\/ingresos\/ingreso-marzo-2024?authuser=0\">formulario de inscripci\u00f3n en la web del nivel terciario<\/a>.\u00a0<strong>YA EST\u00c1 CERRADO EL PROCESO DE INSCRIPCI\u00d3N PARA MARZO 2024. PR\u00d3XIMA INSCRIPCI\u00d3N: MAYO A JUNIO 2024.<\/strong><\/p>\n\n\n\n<p>Para m\u00e1s informaci\u00f3n sobre el proceso de ingreso, hac\u00e9 click <a href=\"https:\/\/sites.google.com\/view\/terciariolenguitas\/ingresos\/c%C3%B3mo-ingresar?authuser=0\">ac\u00e1<\/a>.<\/p>\n","protected":false},"excerpt":{"rendered":"<p>Nuestra tres carreras de grado son gratuitas y de acceso libre si ten\u00e9s el t\u00edtulo secundario, pero el Profesorado de Ingl\u00e9s y el Traductorado de Ingl\u00e9s cuentan con ex\u00e1menes eliminatorios de nivel de idioma. Para anotarte, ten\u00e9s que inscribirte primero a trav\u00e9s del\u00a0SIU GUARAN\u00cd\u00a0y luego a trav\u00e9s del\u00a0formulario de inscripci\u00f3n en la web del nivel &#8230; <a title=\"Ingreso a nuestras carreras\" class=\"read-more\" href=\"https:\/\/spangenberg-caba.infd.edu.ar\/sitio\/ingreso-a-nuestras-carreras\/\" aria-label=\"More on Ingreso a nuestras carreras\">[+]<\/a><\/p>\n","protected":false},"author":1749,"featured_media":0,"parent":0,"menu_order":0,"comment_status":"closed","ping_status":"closed","template":"","meta":[],"acf":[],"_links":{"self":[{"href":"https:\/\/spangenberg-caba.infd.edu.ar\/sitio\/wp-json\/wp\/v2\/pages\/3441"}],"collection":[{"href":"https:\/\/spangenberg-caba.infd.edu.ar\/sitio\/wp-json\/wp\/v2\/pages"}],"about":[{"href":"https:\/\/spangenberg-caba.infd.edu.ar\/sitio\/wp-json\/wp\/v2\/types\/page"}],"author":[{"embeddable":true,"href":"https:\/\/spangenberg-caba.infd.edu.ar\/sitio\/wp-json\/wp\/v2\/users\/1749"}],"replies":[{"embeddable":true,"href":"https:\/\/spangenberg-caba.infd.edu.ar\/sitio\/wp-json\/wp\/v2\/comments?post=3441"}],"version-history":[{"count":1,"href":"https:\/\/spangenberg-caba.infd.edu.ar\/sitio\/wp-json\/wp\/v2\/pages\/3441\/revisions"}],"predecessor-version":[{"id":3443,"href":"https:\/\/spangenberg-caba.infd.edu.ar\/sitio\/wp-json\/wp\/v2\/pages\/3441\/revisions\/3443"}],"wp:attachment":[{"href":"https:\/\/spangenberg-caba.infd.edu.ar\/sitio\/wp-json\/wp\/v2\/media?parent=3441"}],"curies":[{"name":"wp","href":"https:\/\/api.w.org\/{rel}","templated":true}]}}