{"id":3454,"date":"2024-04-29T17:10:16","date_gmt":"2024-04-29T20:10:16","guid":{"rendered":"https:\/\/spangenberg-caba.infd.edu.ar\/sitio\/?page_id=3454"},"modified":"2024-04-29T17:12:19","modified_gmt":"2024-04-29T20:12:19","slug":"normativa-2","status":"publish","type":"page","link":"https:\/\/spangenberg-caba.infd.edu.ar\/sitio\/normativa-2\/","title":{"rendered":"Normativa"},"content":{"rendered":"\n<p>En esta secci\u00f3n, podr\u00e1n consultar la normativa vigente para el Sistema Educativo de la Ciudad Aut\u00f3noma de Buenos Aires<\/p>\n\n\n\n<div class=\"wp-block-file\"><object class=\"wp-block-file__embed\" data=\"https:\/\/spangenberg-caba.infd.edu.ar\/sitio\/wp-content\/uploads\/2024\/04\/REGLAMENTO-ESCOLAR.pdf\" type=\"application\/pdf\" style=\"width:100%;height:600px\" aria-label=\"Incrustado de REGLAMENTO-ESCOLAR.\"><\/object><a id=\"wp-block-file--media-51423044-796a-48bb-849e-63d358a8e4fb\" href=\"https:\/\/spangenberg-caba.infd.edu.ar\/sitio\/wp-content\/uploads\/2024\/04\/REGLAMENTO-ESCOLAR.pdf\">REGLAMENTO-ESCOLAR<\/a><a href=\"https:\/\/spangenberg-caba.infd.edu.ar\/sitio\/wp-content\/uploads\/2024\/04\/REGLAMENTO-ESCOLAR.pdf\" class=\"wp-block-file__button wp-element-button\" download aria-describedby=\"wp-block-file--media-51423044-796a-48bb-849e-63d358a8e4fb\">Descarga<\/a><\/div>\n\n\n\n<div class=\"wp-block-file\"><object class=\"wp-block-file__embed\" data=\"https:\/\/spangenberg-caba.infd.edu.ar\/sitio\/wp-content\/uploads\/2024\/04\/ESTATUTO-DOCENTE.pdf\" type=\"application\/pdf\" style=\"width:100%;height:600px\" aria-label=\"Incrustado de ESTATUTO-DOCENTE.\"><\/object><a id=\"wp-block-file--media-68c9e444-932b-44cd-bbaa-eb131fce3649\" href=\"https:\/\/spangenberg-caba.infd.edu.ar\/sitio\/wp-content\/uploads\/2024\/04\/ESTATUTO-DOCENTE.pdf\">ESTATUTO-DOCENTE<\/a><a href=\"https:\/\/spangenberg-caba.infd.edu.ar\/sitio\/wp-content\/uploads\/2024\/04\/ESTATUTO-DOCENTE.pdf\" class=\"wp-block-file__button wp-element-button\" download aria-describedby=\"wp-block-file--media-68c9e444-932b-44cd-bbaa-eb131fce3649\">Descarga<\/a><\/div>\n","protected":false},"excerpt":{"rendered":"<p>En esta secci\u00f3n, podr\u00e1n consultar la normativa vigente para el Sistema Educativo de la Ciudad Aut\u00f3noma de Buenos Aires<\/p>\n","protected":false},"author":1749,"featured_media":0,"parent":0,"menu_order":0,"comment_status":"closed","ping_status":"closed","template":"","meta":[],"acf":[],"_links":{"self":[{"href":"https:\/\/spangenberg-caba.infd.edu.ar\/sitio\/wp-json\/wp\/v2\/pages\/3454"}],"collection":[{"href":"https:\/\/spangenberg-caba.infd.edu.ar\/sitio\/wp-json\/wp\/v2\/pages"}],"about":[{"href":"https:\/\/spangenberg-caba.infd.edu.ar\/sitio\/wp-json\/wp\/v2\/types\/page"}],"author":[{"embeddable":true,"href":"https:\/\/spangenberg-caba.infd.edu.ar\/sitio\/wp-json\/wp\/v2\/users\/1749"}],"replies":[{"embeddable":true,"href":"https:\/\/spangenberg-caba.infd.edu.ar\/sitio\/wp-json\/wp\/v2\/comments?post=3454"}],"version-history":[{"count":2,"href":"https:\/\/spangenberg-caba.infd.edu.ar\/sitio\/wp-json\/wp\/v2\/pages\/3454\/revisions"}],"predecessor-version":[{"id":3459,"href":"https:\/\/spangenberg-caba.infd.edu.ar\/sitio\/wp-json\/wp\/v2\/pages\/3454\/revisions\/3459"}],"wp:attachment":[{"href":"https:\/\/spangenberg-caba.infd.edu.ar\/sitio\/wp-json\/wp\/v2\/media?parent=3454"}],"curies":[{"name":"wp","href":"https:\/\/api.w.org\/{rel}","templated":true}]}}