{"id":3475,"date":"2024-05-14T14:55:34","date_gmt":"2024-05-14T17:55:34","guid":{"rendered":"https:\/\/spangenberg-caba.infd.edu.ar\/sitio\/?page_id=3475"},"modified":"2024-05-14T19:40:27","modified_gmt":"2024-05-14T22:40:27","slug":"newsletter","status":"publish","type":"page","link":"https:\/\/spangenberg-caba.infd.edu.ar\/sitio\/newsletter\/","title":{"rendered":"Newsletter"},"content":{"rendered":"\n<p>En esta secci\u00f3n, podr\u00e1n conocer todas las acciones realizadas por los equipos institucionales de ESI en cada una de las jornadas espec\u00edficas dedicadas a la tem\u00e1tica.<\/p>\n\n\n\n<p><a href=\"https:\/\/docs.google.com\/document\/d\/1vTpRLxPzmwPwjMroIlNyl7nDD_A-9et7\/edit?usp=sharing&amp;ouid=109275080186113529520&amp;rtpof=true&amp;sd=true\">ACCIONES ESI EN EL LENG\u00dcITAS<\/a><\/p>\n\n\n\n<figure class=\"wp-block-image size-large\"><img decoding=\"async\" loading=\"lazy\" width=\"1343\" height=\"1900\" src=\"https:\/\/spangenberg-caba.infd.edu.ar\/sitio\/wp-content\/uploads\/2024\/05\/1-1343x1900.jpg\" alt=\"\" class=\"wp-image-3485\" srcset=\"https:\/\/spangenberg-caba.infd.edu.ar\/sitio\/wp-content\/uploads\/2024\/05\/1-1343x1900.jpg 1343w, https:\/\/spangenberg-caba.infd.edu.ar\/sitio\/wp-content\/uploads\/2024\/05\/1-707x1000.jpg 707w, https:\/\/spangenberg-caba.infd.edu.ar\/sitio\/wp-content\/uploads\/2024\/05\/1-768x1086.jpg 768w, https:\/\/spangenberg-caba.infd.edu.ar\/sitio\/wp-content\/uploads\/2024\/05\/1-1086x1536.jpg 1086w, https:\/\/spangenberg-caba.infd.edu.ar\/sitio\/wp-content\/uploads\/2024\/05\/1.jpg 1414w\" sizes=\"(max-width: 1343px) 100vw, 1343px\" \/><\/figure>\n","protected":false},"excerpt":{"rendered":"<p>En esta secci\u00f3n, podr\u00e1n conocer todas las acciones realizadas por los equipos institucionales de ESI en cada una de las jornadas espec\u00edficas dedicadas a la tem\u00e1tica. ACCIONES ESI EN EL LENG\u00dcITAS<\/p>\n","protected":false},"author":1749,"featured_media":0,"parent":0,"menu_order":0,"comment_status":"closed","ping_status":"closed","template":"","meta":[],"acf":[],"_links":{"self":[{"href":"https:\/\/spangenberg-caba.infd.edu.ar\/sitio\/wp-json\/wp\/v2\/pages\/3475"}],"collection":[{"href":"https:\/\/spangenberg-caba.infd.edu.ar\/sitio\/wp-json\/wp\/v2\/pages"}],"about":[{"href":"https:\/\/spangenberg-caba.infd.edu.ar\/sitio\/wp-json\/wp\/v2\/types\/page"}],"author":[{"embeddable":true,"href":"https:\/\/spangenberg-caba.infd.edu.ar\/sitio\/wp-json\/wp\/v2\/users\/1749"}],"replies":[{"embeddable":true,"href":"https:\/\/spangenberg-caba.infd.edu.ar\/sitio\/wp-json\/wp\/v2\/comments?post=3475"}],"version-history":[{"count":3,"href":"https:\/\/spangenberg-caba.infd.edu.ar\/sitio\/wp-json\/wp\/v2\/pages\/3475\/revisions"}],"predecessor-version":[{"id":3487,"href":"https:\/\/spangenberg-caba.infd.edu.ar\/sitio\/wp-json\/wp\/v2\/pages\/3475\/revisions\/3487"}],"wp:attachment":[{"href":"https:\/\/spangenberg-caba.infd.edu.ar\/sitio\/wp-json\/wp\/v2\/media?parent=3475"}],"curies":[{"name":"wp","href":"https:\/\/api.w.org\/{rel}","templated":true}]}}