{"id":3516,"date":"2024-05-29T23:18:20","date_gmt":"2024-05-30T02:18:20","guid":{"rendered":"https:\/\/spangenberg-caba.infd.edu.ar\/sitio\/?page_id=3516"},"modified":"2024-05-29T23:18:21","modified_gmt":"2024-05-30T02:18:21","slug":"newsletter-2","status":"publish","type":"page","link":"https:\/\/spangenberg-caba.infd.edu.ar\/sitio\/newsletter-2\/","title":{"rendered":"Newsletter"},"content":{"rendered":"\n<p>A continuaci\u00f3n, les dejamos un link para que puedan sumarse al Newsletter de la Asociaci\u00f3n Cooperadora de nuestra escuela. A trav\u00e9s de este medio la Cooperadora enviar\u00e1 informaci\u00f3n acerca de compras y logros realizados gracias al aporte mensual de todos ustedes, como as\u00ed tambi\u00e9n enviar\u00e1 noticias sobre eventos e informaci\u00f3n importante. En la edici\u00f3n de este mes habr\u00e1 info sobre la foto escolar.<\/p>\n\n\n\n<p>\u00a1Los invitamos a suscribirse!<\/p>\n\n\n\n<p><a rel=\"noreferrer noopener\" href=\"https:\/\/www.cooperadoralenguitas.com.ar\/suscribite\/\" target=\"_blank\">https:\/\/www.cooperadoralenguitas.com.ar\/suscribite\/<\/a><\/p>\n","protected":false},"excerpt":{"rendered":"<p>A continuaci\u00f3n, les dejamos un link para que puedan sumarse al Newsletter de la Asociaci\u00f3n Cooperadora de nuestra escuela. A trav\u00e9s de este medio la Cooperadora enviar\u00e1 informaci\u00f3n acerca de compras y logros realizados gracias al aporte mensual de todos ustedes, como as\u00ed tambi\u00e9n enviar\u00e1 noticias sobre eventos e informaci\u00f3n importante. En la edici\u00f3n de &#8230; <a title=\"Newsletter\" class=\"read-more\" href=\"https:\/\/spangenberg-caba.infd.edu.ar\/sitio\/newsletter-2\/\" aria-label=\"More on Newsletter\">[+]<\/a><\/p>\n","protected":false},"author":1749,"featured_media":0,"parent":0,"menu_order":0,"comment_status":"closed","ping_status":"closed","template":"","meta":[],"acf":[],"_links":{"self":[{"href":"https:\/\/spangenberg-caba.infd.edu.ar\/sitio\/wp-json\/wp\/v2\/pages\/3516"}],"collection":[{"href":"https:\/\/spangenberg-caba.infd.edu.ar\/sitio\/wp-json\/wp\/v2\/pages"}],"about":[{"href":"https:\/\/spangenberg-caba.infd.edu.ar\/sitio\/wp-json\/wp\/v2\/types\/page"}],"author":[{"embeddable":true,"href":"https:\/\/spangenberg-caba.infd.edu.ar\/sitio\/wp-json\/wp\/v2\/users\/1749"}],"replies":[{"embeddable":true,"href":"https:\/\/spangenberg-caba.infd.edu.ar\/sitio\/wp-json\/wp\/v2\/comments?post=3516"}],"version-history":[{"count":1,"href":"https:\/\/spangenberg-caba.infd.edu.ar\/sitio\/wp-json\/wp\/v2\/pages\/3516\/revisions"}],"predecessor-version":[{"id":3518,"href":"https:\/\/spangenberg-caba.infd.edu.ar\/sitio\/wp-json\/wp\/v2\/pages\/3516\/revisions\/3518"}],"wp:attachment":[{"href":"https:\/\/spangenberg-caba.infd.edu.ar\/sitio\/wp-json\/wp\/v2\/media?parent=3516"}],"curies":[{"name":"wp","href":"https:\/\/api.w.org\/{rel}","templated":true}]}}