{"id":3596,"date":"2024-08-16T10:23:30","date_gmt":"2024-08-16T13:23:30","guid":{"rendered":"https:\/\/spangenberg-caba.infd.edu.ar\/sitio\/?page_id=3596"},"modified":"2025-07-14T16:48:33","modified_gmt":"2025-07-14T19:48:33","slug":"preguntas-frecuentes","status":"publish","type":"page","link":"https:\/\/spangenberg-caba.infd.edu.ar\/sitio\/preguntas-frecuentes\/","title":{"rendered":"Preguntas frecuentes"},"content":{"rendered":"\n<p><strong>1.- \u00bfQui\u00e9nes ingresan a 1er a\u00f1o?<\/strong><\/p>\n\n\n\n<p>Contamos con dos grupos de ingresantes a 1er a\u00f1o de nuestro Nivel Medio:<\/p>\n\n\n\n<p>I) Todos\/as los y las estudiantes de nivel primario que finalicen su 7mo grado en nuestra escuela, cuentan con ingreso directo.&nbsp;<\/p>\n\n\n\n<p>II) a) Los y las estudiantes que cursan 7\u00aa grado en otra escuela deber\u00e1n rendir un examen de admisi\u00f3n a partir del cu\u00e1l se elabora un listado por orden de m\u00e9rito seg\u00fan la ponderaci\u00f3n del promedio num\u00e9rico entre el examen oral y el escrito. Los\/as primeros\/as 30 estudiantes obtienen su vacante. La calificaci\u00f3n de corte var\u00eda en cada convocatoria.&nbsp;<\/p>\n\n\n\n<p>II) b) El resto de los\/as estudiantes que aprobaron el examen de admisi\u00f3n, quedan en lista de espera. Desde la Secretar\u00eda de la Escuela nos comunicaremos con las familias cuando se genere una vacante por esta v\u00eda.<\/p>\n\n\n\n<p><strong>2.- \u00bfCu\u00e1les son los pasos a seguir para rendir el examen de&nbsp; admisi\u00f3n? \u00bfQu\u00e9 fechas hay que tener en cuenta?<\/strong><\/p>\n\n\n\n<p>Para rendir el examen de admisi\u00f3n existe una sola instancia de inscripci\u00f3n que consiste en completar el <a href=\"https:\/\/docs.google.com\/forms\/d\/e\/1FAIpQLSfokYN-WdMFBjGaadrU_6p6di9gmcjGKvZ1glz5QS7H5tMrkw\/viewform\">formulario de inscripci\u00f3n on-line<\/a> que se habilita en agosto y se encuentra disponible en el<a href=\"https:\/\/sites.google.com\/view\/enslvspangenberg\/inicio?authuser=0\"> blog del nivel medio<\/a>.<\/p>\n\n\n\n<p>Para el Ciclo Lectivo 2026, el examen de admisi\u00f3n ser\u00e1 el <strong>viernes 19 de septiembre<\/strong> a las 8:00 hs. con modalidad presencial.<\/p>\n\n\n\n<p>El <strong>viernes 27 de septiembre<\/strong> se publicar\u00e1 el orden de m\u00e9rito resultante. Quienes deseen pedir revisi\u00f3n de los ex\u00e1menes, <strong>entre el 1ro y el 7 de octubre<\/strong>, deber\u00e1n enviar un correo electr\u00f3nico a <a href=\"mailto:ingresomediasbs@bue.edu.ar\">ingresomediasbs@bue.edu.ar<\/a> con la solicitud. Como respuesta a ese mensaje, recibir\u00e1n la confirmaci\u00f3n de la recepci\u00f3n y la asignaci\u00f3n del horario en el que deber\u00e1n presentarse en la escuela el d\u00eda <strong>mi\u00e9rcoles 16 de octubre<\/strong>. El rango horario de los turnos ser\u00e1 de 14:25 a 15:45 hs.<\/p>\n\n\n\n<p>Adem\u00e1s, deber\u00e1n completar una <a href=\"https:\/\/inscripciones.buenosaires.gob.ar\/\">inscripci\u00f3n online en la <em>web <\/em>del Gobierno de la Ciudad de Buenos Aires<\/a> en el mes de octubre.<\/p>\n\n\n\n<p><strong>3.- \u00bfQu\u00e9 se eval\u00faa en los ex\u00e1menes de admisi\u00f3n?&nbsp;<\/strong><\/p>\n\n\n\n<p>\u00danicamente evaluamos contenidos de lengua extranjera: Franc\u00e9s (oral y escrito) o Ingl\u00e9s (oral y escrito). Para acceder a los programas y modelos de examen: <a href=\"https:\/\/sites.google.com\/view\/enslvspangenberg\/ingreso-a-1er-a%C3%B1o\/programas-y-modelos-de-examen?authuser=0\">hacer click aqu\u00ed&nbsp;<\/a><\/p>\n\n\n\n<p><strong>4.- \u00bfCu\u00e1ndo ser\u00e1 el Examen de Admisi\u00f3n 2026 para 1er a\u00f1o?<\/strong><\/p>\n\n\n\n<p>El <strong>viernes 20 de septiembre a las 8:00<\/strong> (solicitamos presentarse a las 7:30) ser\u00e1n los pr\u00f3ximos ex\u00e1menes de admisi\u00f3n. La modalidad de los ex\u00e1menes ser\u00e1 escrita y oral. La sede en la que se llevar\u00e1n a cabo, a\u00fan no est\u00e1 confirmada ya que la establece el Ministerio de Educaci\u00f3n de la Ciudad de Buenos Aires para todas las escuelas en Lenguas Vivas de la ciudad.&nbsp;<\/p>\n\n\n\n<p><strong>5.- En el caso de querer ingresar de 2do a 5to a\u00f1o, \u00bfc\u00f3mo es el proceso de admisi\u00f3n?<\/strong><\/p>\n\n\n\n<p>Los\/as aspirantes a ingresar de 2do a 5to a\u00f1o deben rendir un examen en lengua inglesa o francesa (oral y escrito) en el mes de Febrero.&nbsp;<\/p>\n\n\n\n<p>La inscripci\u00f3n para el examen de admisi\u00f3n de 2do a 5to a\u00f1o es en febrero de cada ciclo lectivo.&nbsp;<\/p>\n\n\n\n<p><strong>6.- \u00bfQu\u00e9 contenidos se eval\u00faan en los ex\u00e1menes de admisi\u00f3n de 2do a 5to a\u00f1o?<\/strong><\/p>\n\n\n\n<p>Los contenidos que se eval\u00faan en los ex\u00e1menes de admisi\u00f3n de cada a\u00f1o se encuentran disponibles en el blog de Nivel Medio <a href=\"https:\/\/sites.google.com\/view\/enslvspangenberg\/ingreso-de-2do-a-5to-a%C3%B1o?authuser=0\">aqu\u00ed<\/a>.<\/p>\n\n\n\n<p><strong>7.- \u00bfSe realizan reuniones informativas?\u00a0<\/strong><\/p>\n\n\n\n<p>S\u00ed. Este a\u00f1o, el cronograma de reuniones informativas destinadas a familias es el siguiente:&nbsp;<\/p>\n\n\n\n<ul>\n<li><s>Martes 6 de Mayo &#8211; 9:30 hs.<\/s><\/li>\n\n\n\n<li><s>Martes 10 de Junio<\/s><s>&nbsp;&#8211;&nbsp;<\/s><s>9:30<\/s><s>&nbsp;hs.<\/s><\/li>\n\n\n\n<li><s>Martes 8 de Julio\u00a0&#8211;\u00a09:30\u00a0hs.<\/s><\/li>\n\n\n\n<li>Martes 12 de Agosto&nbsp;&#8211;&nbsp;9:30 hs.<\/li>\n<\/ul>\n\n\n\n<p>Para asistir a las reuniones, deben inscribirse previamente en el siguiente enlace: <a href=\"https:\/\/docs.google.com\/forms\/d\/1Hve66ijhlLZQomt2ERrIVB0gws3piVAamuSx1v1sPLQ\/viewform?ts=6841d002&amp;edit_requested=tru\">https:\/\/docs.google.com\/forms\/d\/1Hve66ijhlLZQomt2ERrIVB0gws3piVAamuSx1v1sPLQ\/viewform?ts=6841d002&amp;edit_requested=tru<\/a>e<\/p>\n\n\n\n<p>Dos aclaraciones importantes:&nbsp;<\/p>\n\n\n\n<ol>\n<li>Las reuniones son presenciales.<\/li>\n\n\n\n<li>El cronograma es tentativo, puede sufrir modificaciones que compartiremos por esta v\u00eda.<\/li>\n<\/ol>\n","protected":false},"excerpt":{"rendered":"<p>1.- \u00bfQui\u00e9nes ingresan a 1er a\u00f1o? Contamos con dos grupos de ingresantes a 1er a\u00f1o de nuestro Nivel Medio: I) Todos\/as los y las estudiantes de nivel primario que finalicen su 7mo grado en nuestra escuela, cuentan con ingreso directo.&nbsp; II) a) Los y las estudiantes que cursan 7\u00aa grado en otra escuela deber\u00e1n rendir &#8230; <a title=\"Preguntas frecuentes\" class=\"read-more\" href=\"https:\/\/spangenberg-caba.infd.edu.ar\/sitio\/preguntas-frecuentes\/\" aria-label=\"More on Preguntas frecuentes\">[+]<\/a><\/p>\n","protected":false},"author":1749,"featured_media":0,"parent":0,"menu_order":0,"comment_status":"closed","ping_status":"closed","template":"","meta":[],"acf":[],"_links":{"self":[{"href":"https:\/\/spangenberg-caba.infd.edu.ar\/sitio\/wp-json\/wp\/v2\/pages\/3596"}],"collection":[{"href":"https:\/\/spangenberg-caba.infd.edu.ar\/sitio\/wp-json\/wp\/v2\/pages"}],"about":[{"href":"https:\/\/spangenberg-caba.infd.edu.ar\/sitio\/wp-json\/wp\/v2\/types\/page"}],"author":[{"embeddable":true,"href":"https:\/\/spangenberg-caba.infd.edu.ar\/sitio\/wp-json\/wp\/v2\/users\/1749"}],"replies":[{"embeddable":true,"href":"https:\/\/spangenberg-caba.infd.edu.ar\/sitio\/wp-json\/wp\/v2\/comments?post=3596"}],"version-history":[{"count":3,"href":"https:\/\/spangenberg-caba.infd.edu.ar\/sitio\/wp-json\/wp\/v2\/pages\/3596\/revisions"}],"predecessor-version":[{"id":3974,"href":"https:\/\/spangenberg-caba.infd.edu.ar\/sitio\/wp-json\/wp\/v2\/pages\/3596\/revisions\/3974"}],"wp:attachment":[{"href":"https:\/\/spangenberg-caba.infd.edu.ar\/sitio\/wp-json\/wp\/v2\/media?parent=3596"}],"curies":[{"name":"wp","href":"https:\/\/api.w.org\/{rel}","templated":true}]}}