{"id":3752,"date":"2025-02-13T12:23:30","date_gmt":"2025-02-13T15:23:30","guid":{"rendered":"https:\/\/spangenberg-caba.infd.edu.ar\/sitio\/?page_id=3752"},"modified":"2025-02-13T12:23:31","modified_gmt":"2025-02-13T15:23:31","slug":"matriculacion-2025","status":"publish","type":"page","link":"https:\/\/spangenberg-caba.infd.edu.ar\/sitio\/matriculacion-2025\/","title":{"rendered":"Matriculaci\u00f3n 2025"},"content":{"rendered":"\n<p>Ac\u00e1 tienen disponibles los documentos de deber\u00e1n completar para la matriculaci\u00f3n. Tambi\u00e9n est\u00e1n disponibles en la fotocopiadora de la instituci\u00f3n:<\/p>\n\n\n\n<ul>\n<li><a href=\"https:\/\/drive.google.com\/file\/d\/1iXRFTlyRVmlz201ah7g-iig0ptziAX2f\/view?usp=sharing\">MATRICULACI\u00d3N  A NIVEL MEDIO 2025<\/a><\/li>\n\n\n\n<li><a href=\"https:\/\/drive.google.com\/file\/d\/1qYirQNXDs92w-NVjQrY6b9p65noULiTL\/view?usp=sharing\">REGISTRO DE DOCUMENTACI\u00d3N PRESENTADA<\/a><\/li>\n<\/ul>\n\n\n\n<p>Toda la informaci\u00f3n solicitada, debe ser presentada. <\/p>\n","protected":false},"excerpt":{"rendered":"<p>Ac\u00e1 tienen disponibles los documentos de deber\u00e1n completar para la matriculaci\u00f3n. Tambi\u00e9n est\u00e1n disponibles en la fotocopiadora de la instituci\u00f3n: Toda la informaci\u00f3n solicitada, debe ser presentada.<\/p>\n","protected":false},"author":1749,"featured_media":0,"parent":0,"menu_order":0,"comment_status":"closed","ping_status":"closed","template":"","meta":[],"acf":[],"_links":{"self":[{"href":"https:\/\/spangenberg-caba.infd.edu.ar\/sitio\/wp-json\/wp\/v2\/pages\/3752"}],"collection":[{"href":"https:\/\/spangenberg-caba.infd.edu.ar\/sitio\/wp-json\/wp\/v2\/pages"}],"about":[{"href":"https:\/\/spangenberg-caba.infd.edu.ar\/sitio\/wp-json\/wp\/v2\/types\/page"}],"author":[{"embeddable":true,"href":"https:\/\/spangenberg-caba.infd.edu.ar\/sitio\/wp-json\/wp\/v2\/users\/1749"}],"replies":[{"embeddable":true,"href":"https:\/\/spangenberg-caba.infd.edu.ar\/sitio\/wp-json\/wp\/v2\/comments?post=3752"}],"version-history":[{"count":1,"href":"https:\/\/spangenberg-caba.infd.edu.ar\/sitio\/wp-json\/wp\/v2\/pages\/3752\/revisions"}],"predecessor-version":[{"id":3754,"href":"https:\/\/spangenberg-caba.infd.edu.ar\/sitio\/wp-json\/wp\/v2\/pages\/3752\/revisions\/3754"}],"wp:attachment":[{"href":"https:\/\/spangenberg-caba.infd.edu.ar\/sitio\/wp-json\/wp\/v2\/media?parent=3752"}],"curies":[{"name":"wp","href":"https:\/\/api.w.org\/{rel}","templated":true}]}}