{"id":3822,"date":"2025-03-27T18:28:30","date_gmt":"2025-03-27T21:28:30","guid":{"rendered":"https:\/\/spangenberg-caba.infd.edu.ar\/sitio\/?page_id=3822"},"modified":"2025-03-27T18:28:32","modified_gmt":"2025-03-27T21:28:32","slug":"mentalidad-internacional","status":"publish","type":"page","link":"https:\/\/spangenberg-caba.infd.edu.ar\/sitio\/mentalidad-internacional\/","title":{"rendered":"Mentalidad Internacional"},"content":{"rendered":"\n<p>El 02 de Octubre de 2023 recibimos una delegaci\u00f3n del Colegio San Agust\u00edn de Chiclayo (Per\u00fa) en el marco de su gira musical en Buenos Aires.<\/p>\n\n\n\n<p>Presentaron conciertos pedag\u00f3gicos, en los cuales se pudo mostrar algunos instrumentos musicales de su localidad y presentaron las piezas comentando el contexto de las mismas. Adicionalmente los acompa\u00f1aron dos parejas de baile (estudiantes) que presentaron las coreograf\u00edas de las canciones. La presentaci\u00f3n completa tuvo un tiempo aproximado de 50 minutos.&nbsp;Entre las presentaciones realizaron actividades de aprendizaje que permitieron potenciar la mentalidad internacional.<\/p>\n\n\n\n<p>En sinton\u00eda con la Declaraci\u00f3n de Principios IB:&nbsp;<\/p>\n\n\n\n<p><em>\u00abEl Bachillerato Internacional tiene como meta formar j\u00f3venes solidarios, informados y \u00e1vidos de conocimiento, capaces de contribuir a crear un mundo mejor y m\u00e1s pac\u00edfico, en el marco del entendimiento mutuo y el respeto intercultural.<\/em><\/p>\n\n\n\n<p><em>En pos de este objetivo, la organizaci\u00f3n colabora con establecimientos escolares, gobiernos y organizaciones internacionales para crear y desarrollar programas de educaci\u00f3n internacional exigentes y m\u00e9todos de evaluaci\u00f3n rigurosos.<\/em><\/p>\n\n\n\n<p><em>Estos programas alientan a estudiantes del mundo entero a adoptar una actitud activa de aprendizaje durante toda su vida, a ser compasivos y a entender que otras personas, con sus diferencias, tambi\u00e9n pueden estar en lo cierto\u00bb.<\/em><\/p>\n\n\n\n<figure class=\"wp-block-image size-full\"><img decoding=\"async\" loading=\"lazy\" width=\"1600\" height=\"1200\" src=\"https:\/\/spangenberg-caba.infd.edu.ar\/sitio\/wp-content\/uploads\/2025\/03\/FOTO-FINAL.jpeg\" alt=\"\" class=\"wp-image-3823\" srcset=\"https:\/\/spangenberg-caba.infd.edu.ar\/sitio\/wp-content\/uploads\/2025\/03\/FOTO-FINAL.jpeg 1600w, https:\/\/spangenberg-caba.infd.edu.ar\/sitio\/wp-content\/uploads\/2025\/03\/FOTO-FINAL-1000x750.jpeg 1000w, https:\/\/spangenberg-caba.infd.edu.ar\/sitio\/wp-content\/uploads\/2025\/03\/FOTO-FINAL-768x576.jpeg 768w, https:\/\/spangenberg-caba.infd.edu.ar\/sitio\/wp-content\/uploads\/2025\/03\/FOTO-FINAL-1536x1152.jpeg 1536w\" sizes=\"(max-width: 1600px) 100vw, 1600px\" \/><\/figure>\n","protected":false},"excerpt":{"rendered":"<p>El 02 de Octubre de 2023 recibimos una delegaci\u00f3n del Colegio San Agust\u00edn de Chiclayo (Per\u00fa) en el marco de su gira musical en Buenos Aires. Presentaron conciertos pedag\u00f3gicos, en los cuales se pudo mostrar algunos instrumentos musicales de su localidad y presentaron las piezas comentando el contexto de las mismas. Adicionalmente los acompa\u00f1aron dos &#8230; <a title=\"Mentalidad Internacional\" class=\"read-more\" href=\"https:\/\/spangenberg-caba.infd.edu.ar\/sitio\/mentalidad-internacional\/\" aria-label=\"More on Mentalidad Internacional\">[+]<\/a><\/p>\n","protected":false},"author":1749,"featured_media":0,"parent":0,"menu_order":0,"comment_status":"closed","ping_status":"closed","template":"","meta":[],"acf":[],"_links":{"self":[{"href":"https:\/\/spangenberg-caba.infd.edu.ar\/sitio\/wp-json\/wp\/v2\/pages\/3822"}],"collection":[{"href":"https:\/\/spangenberg-caba.infd.edu.ar\/sitio\/wp-json\/wp\/v2\/pages"}],"about":[{"href":"https:\/\/spangenberg-caba.infd.edu.ar\/sitio\/wp-json\/wp\/v2\/types\/page"}],"author":[{"embeddable":true,"href":"https:\/\/spangenberg-caba.infd.edu.ar\/sitio\/wp-json\/wp\/v2\/users\/1749"}],"replies":[{"embeddable":true,"href":"https:\/\/spangenberg-caba.infd.edu.ar\/sitio\/wp-json\/wp\/v2\/comments?post=3822"}],"version-history":[{"count":1,"href":"https:\/\/spangenberg-caba.infd.edu.ar\/sitio\/wp-json\/wp\/v2\/pages\/3822\/revisions"}],"predecessor-version":[{"id":3825,"href":"https:\/\/spangenberg-caba.infd.edu.ar\/sitio\/wp-json\/wp\/v2\/pages\/3822\/revisions\/3825"}],"wp:attachment":[{"href":"https:\/\/spangenberg-caba.infd.edu.ar\/sitio\/wp-json\/wp\/v2\/media?parent=3822"}],"curies":[{"name":"wp","href":"https:\/\/api.w.org\/{rel}","templated":true}]}}