{"id":3828,"date":"2025-03-27T18:33:23","date_gmt":"2025-03-27T21:33:23","guid":{"rendered":"https:\/\/spangenberg-caba.infd.edu.ar\/sitio\/?page_id=3828"},"modified":"2025-03-27T18:33:24","modified_gmt":"2025-03-27T21:33:24","slug":"politicas","status":"publish","type":"page","link":"https:\/\/spangenberg-caba.infd.edu.ar\/sitio\/politicas\/","title":{"rendered":"Pol\u00edticas"},"content":{"rendered":"\n<p>Ac\u00e1 podr\u00e1n consultar las pol\u00edticas del programa en lo que se refiere a la admisi\u00f3n, evaluaci\u00f3n, inclusi\u00f3n, integridad acad\u00e9mica y ling\u00fc\u00edstica.<\/p>\n\n\n\n<p><img decoding=\"async\" loading=\"lazy\" src=\"https:\/\/lh7-rt.googleusercontent.com\/docsz\/AD_4nXcp9gra88m3u3d3TwYJmuOgbM6x7SdOwMZWye9haVmcFp975FXyLFPz1Ts1VgGj0sRDL0dx1w2nnXU2_MS1IgbpGi1rnq7Ra9XyTqa3fVs6a4vYwjqagBwNzs5PUkviIgXn5XPfGUhbN8oifR7Ji0U?key=Ti_sJxwuC3kARNb4DNRCZU7R\" width=\"602\" height=\"132\"><\/p>\n","protected":false},"excerpt":{"rendered":"<p>Ac\u00e1 podr\u00e1n consultar las pol\u00edticas del programa en lo que se refiere a la admisi\u00f3n, evaluaci\u00f3n, inclusi\u00f3n, integridad acad\u00e9mica y ling\u00fc\u00edstica.<\/p>\n","protected":false},"author":1749,"featured_media":0,"parent":0,"menu_order":0,"comment_status":"closed","ping_status":"closed","template":"","meta":[],"acf":[],"_links":{"self":[{"href":"https:\/\/spangenberg-caba.infd.edu.ar\/sitio\/wp-json\/wp\/v2\/pages\/3828"}],"collection":[{"href":"https:\/\/spangenberg-caba.infd.edu.ar\/sitio\/wp-json\/wp\/v2\/pages"}],"about":[{"href":"https:\/\/spangenberg-caba.infd.edu.ar\/sitio\/wp-json\/wp\/v2\/types\/page"}],"author":[{"embeddable":true,"href":"https:\/\/spangenberg-caba.infd.edu.ar\/sitio\/wp-json\/wp\/v2\/users\/1749"}],"replies":[{"embeddable":true,"href":"https:\/\/spangenberg-caba.infd.edu.ar\/sitio\/wp-json\/wp\/v2\/comments?post=3828"}],"version-history":[{"count":1,"href":"https:\/\/spangenberg-caba.infd.edu.ar\/sitio\/wp-json\/wp\/v2\/pages\/3828\/revisions"}],"predecessor-version":[{"id":3830,"href":"https:\/\/spangenberg-caba.infd.edu.ar\/sitio\/wp-json\/wp\/v2\/pages\/3828\/revisions\/3830"}],"wp:attachment":[{"href":"https:\/\/spangenberg-caba.infd.edu.ar\/sitio\/wp-json\/wp\/v2\/media?parent=3828"}],"curies":[{"name":"wp","href":"https:\/\/api.w.org\/{rel}","templated":true}]}}