{"id":3847,"date":"2025-03-27T18:55:48","date_gmt":"2025-03-27T21:55:48","guid":{"rendered":"https:\/\/spangenberg-caba.infd.edu.ar\/sitio\/?page_id=3847"},"modified":"2025-03-27T18:56:24","modified_gmt":"2025-03-27T21:56:24","slug":"integridad-academica","status":"publish","type":"page","link":"https:\/\/spangenberg-caba.infd.edu.ar\/sitio\/integridad-academica\/","title":{"rendered":"Integridad acad\u00e9mica"},"content":{"rendered":"\n<figure class=\"wp-block-image\"><img decoding=\"async\" src=\"https:\/\/lh7-rt.googleusercontent.com\/docsz\/AD_4nXehx2jofAo4q8RYCZhaYMUTetUdAIxFFVaQv4pztro2pACL_NyFP6SDOjuvJEKZeg9Cc9VXZzswV_ykO39Qw7XnpLyFY39_twhsEhGtu-VOfDh74gBz3_tiNWEdsLKNJTz_GLXOus9G6FtlnKGSGxc?key=8HGdeJYBt1Brpa-5w9s4QCQ1\" alt=\"\"\/><\/figure>\n\n\n\n<p>Ac\u00e1 podr\u00e1n consultar el documento que desarrolla la pol\u00edtica de integridad acad\u00e9mica <\/p>\n\n\n\n<div class=\"wp-block-file\"><object class=\"wp-block-file__embed\" data=\"https:\/\/spangenberg-caba.infd.edu.ar\/sitio\/wp-content\/uploads\/2025\/03\/Politica-de-integridad-academica-2025.pdf\" type=\"application\/pdf\" style=\"width:100%;height:600px\" aria-label=\"Incrustado de Politica-de-integridad-academica-2025.\"><\/object><a id=\"wp-block-file--media-f8c97eea-0b4c-46f1-965c-d06459a90806\" href=\"https:\/\/spangenberg-caba.infd.edu.ar\/sitio\/wp-content\/uploads\/2025\/03\/Politica-de-integridad-academica-2025.pdf\">Politica-de-integridad-academica-2025<\/a><a href=\"https:\/\/spangenberg-caba.infd.edu.ar\/sitio\/wp-content\/uploads\/2025\/03\/Politica-de-integridad-academica-2025.pdf\" class=\"wp-block-file__button wp-element-button\" download aria-describedby=\"wp-block-file--media-f8c97eea-0b4c-46f1-965c-d06459a90806\">Descarga<\/a><\/div>\n","protected":false},"excerpt":{"rendered":"<p>Ac\u00e1 podr\u00e1n consultar el documento que desarrolla la pol\u00edtica de integridad acad\u00e9mica<\/p>\n","protected":false},"author":1749,"featured_media":0,"parent":0,"menu_order":0,"comment_status":"closed","ping_status":"closed","template":"","meta":[],"acf":[],"_links":{"self":[{"href":"https:\/\/spangenberg-caba.infd.edu.ar\/sitio\/wp-json\/wp\/v2\/pages\/3847"}],"collection":[{"href":"https:\/\/spangenberg-caba.infd.edu.ar\/sitio\/wp-json\/wp\/v2\/pages"}],"about":[{"href":"https:\/\/spangenberg-caba.infd.edu.ar\/sitio\/wp-json\/wp\/v2\/types\/page"}],"author":[{"embeddable":true,"href":"https:\/\/spangenberg-caba.infd.edu.ar\/sitio\/wp-json\/wp\/v2\/users\/1749"}],"replies":[{"embeddable":true,"href":"https:\/\/spangenberg-caba.infd.edu.ar\/sitio\/wp-json\/wp\/v2\/comments?post=3847"}],"version-history":[{"count":2,"href":"https:\/\/spangenberg-caba.infd.edu.ar\/sitio\/wp-json\/wp\/v2\/pages\/3847\/revisions"}],"predecessor-version":[{"id":3851,"href":"https:\/\/spangenberg-caba.infd.edu.ar\/sitio\/wp-json\/wp\/v2\/pages\/3847\/revisions\/3851"}],"wp:attachment":[{"href":"https:\/\/spangenberg-caba.infd.edu.ar\/sitio\/wp-json\/wp\/v2\/media?parent=3847"}],"curies":[{"name":"wp","href":"https:\/\/api.w.org\/{rel}","templated":true}]}}