{"id":3852,"date":"2025-03-27T18:58:15","date_gmt":"2025-03-27T21:58:15","guid":{"rendered":"https:\/\/spangenberg-caba.infd.edu.ar\/sitio\/?page_id=3852"},"modified":"2025-03-27T19:12:16","modified_gmt":"2025-03-27T22:12:16","slug":"linguistica","status":"publish","type":"page","link":"https:\/\/spangenberg-caba.infd.edu.ar\/sitio\/linguistica\/","title":{"rendered":"Ling\u00fc\u00edstica"},"content":{"rendered":"\n<figure class=\"wp-block-image\"><img decoding=\"async\" src=\"https:\/\/lh7-rt.googleusercontent.com\/docsz\/AD_4nXehx2jofAo4q8RYCZhaYMUTetUdAIxFFVaQv4pztro2pACL_NyFP6SDOjuvJEKZeg9Cc9VXZzswV_ykO39Qw7XnpLyFY39_twhsEhGtu-VOfDh74gBz3_tiNWEdsLKNJTz_GLXOus9G6FtlnKGSGxc?key=8HGdeJYBt1Brpa-5w9s4QCQ1\" alt=\"\"\/><\/figure>\n\n\n\n<p>Ac\u00e1 podr\u00e1n consultar y descargar la pol\u00edtica ling\u00fc\u00edstica del Bachillerato Internacional<\/p>\n\n\n\n<div class=\"wp-block-file\"><object class=\"wp-block-file__embed\" data=\"https:\/\/spangenberg-caba.infd.edu.ar\/sitio\/wp-content\/uploads\/2025\/03\/Politica-linguistica-2025.pdf\" type=\"application\/pdf\" style=\"width:100%;height:600px\" aria-label=\"Incrustado de Politica-linguistica-2025.\"><\/object><a id=\"wp-block-file--media-05097054-9117-4e03-95c7-b45f53a37929\" href=\"https:\/\/spangenberg-caba.infd.edu.ar\/sitio\/wp-content\/uploads\/2025\/03\/Politica-linguistica-2025.pdf\">Politica-linguistica-2025<\/a><a href=\"https:\/\/spangenberg-caba.infd.edu.ar\/sitio\/wp-content\/uploads\/2025\/03\/Politica-linguistica-2025.pdf\" class=\"wp-block-file__button wp-element-button\" download aria-describedby=\"wp-block-file--media-05097054-9117-4e03-95c7-b45f53a37929\">Descarga<\/a><\/div>\n","protected":false},"excerpt":{"rendered":"<p>Ac\u00e1 podr\u00e1n consultar y descargar la pol\u00edtica ling\u00fc\u00edstica del Bachillerato Internacional<\/p>\n","protected":false},"author":1749,"featured_media":0,"parent":0,"menu_order":0,"comment_status":"closed","ping_status":"closed","template":"","meta":[],"acf":[],"_links":{"self":[{"href":"https:\/\/spangenberg-caba.infd.edu.ar\/sitio\/wp-json\/wp\/v2\/pages\/3852"}],"collection":[{"href":"https:\/\/spangenberg-caba.infd.edu.ar\/sitio\/wp-json\/wp\/v2\/pages"}],"about":[{"href":"https:\/\/spangenberg-caba.infd.edu.ar\/sitio\/wp-json\/wp\/v2\/types\/page"}],"author":[{"embeddable":true,"href":"https:\/\/spangenberg-caba.infd.edu.ar\/sitio\/wp-json\/wp\/v2\/users\/1749"}],"replies":[{"embeddable":true,"href":"https:\/\/spangenberg-caba.infd.edu.ar\/sitio\/wp-json\/wp\/v2\/comments?post=3852"}],"version-history":[{"count":2,"href":"https:\/\/spangenberg-caba.infd.edu.ar\/sitio\/wp-json\/wp\/v2\/pages\/3852\/revisions"}],"predecessor-version":[{"id":3858,"href":"https:\/\/spangenberg-caba.infd.edu.ar\/sitio\/wp-json\/wp\/v2\/pages\/3852\/revisions\/3858"}],"wp:attachment":[{"href":"https:\/\/spangenberg-caba.infd.edu.ar\/sitio\/wp-json\/wp\/v2\/media?parent=3852"}],"curies":[{"name":"wp","href":"https:\/\/api.w.org\/{rel}","templated":true}]}}